{"id":701308,"date":"2025-08-27T15:07:47","date_gmt":"2025-08-27T12:07:47","guid":{"rendered":"https:\/\/roveyayinevi.com.tr\/index.php\/urun\/soytari-salimar\/"},"modified":"2026-04-16T02:10:44","modified_gmt":"2026-04-15T23:10:44","slug":"soytari-salimar","status":"publish","type":"product","link":"https:\/\/roveyayinevi.com.tr\/index.php\/urun\/soytari-salimar\/","title":{"rendered":"Soytar\u0131 \u015ealimar"},"content":{"rendered":"<p>Y\u0131l 1991. Los Angeles. ABD\u2019nin eski Hindistan b\u00fcy\u00fckel\u00e7isi ve kar\u015f\u0131-ter\u00f6r uzman\u0131 Maximilian Ophuls, gayrime\u015fru k\u0131z\u0131n\u0131n kap\u0131s\u0131n\u0131n \u00f6n\u00fcnde, kendine  Soytar\u0131 \u015ealimar  diyen Ke\u015fmirli \u015fof\u00f6r\u00fc taraf\u0131ndan g\u00fcpeg\u00fcnd\u00fcz \u00f6ld\u00fcr\u00fcl\u00fcr.  Salman Rushdie \u2018nin yeni roman\u0131  Soytar\u0131 \u015ealimar , Max Ophuls, katili ve k\u0131z\u0131n\u0131n \u00f6yk\u00fcs\u00fc. Ama bu \u00fc\u00e7l\u00fc aras\u0131ndaki gizemli ba\u011flant\u0131n\u0131n anahtar\u0131 d\u00f6rd\u00fcnc\u00fc bir karakterde, Ke\u015fmirli bir kad\u0131nda&#8230; Soytar\u0131 \u015ealimar, bildik bir a\u015fk ve intikam \u00f6yk\u00fcs\u00fcnden g\u00fcn\u00fcm\u00fcz\u00fcn politik ve etnik sorunlar\u0131na, eski bir Hint destan\u0131ndan \u00e7a\u011fda\u015f b\u00fcy\u00fcl\u00fc ger\u00e7ek\u00e7ili\u011fe uzanan uluslararas\u0131 bir masal. Do\u011fu\u2019 nun masal gelenekleriyle Bat\u0131\u2019n\u0131n anlat\u0131m tekniklerini ustaca b\u00fct\u00fcnle\u015ftiren Rushdie, eski \u00e7a\u011flar\u0131n \u00e7at\u0131\u015fmalar\u0131ndan beslenen yeni \u00e7at\u0131\u015fmalar\u0131n toplumsal ve bireysel derinliklerinde geziniyor. \u00c7a\u011f\u0131m\u0131z\u0131n karga\u015fas\u0131nda bir arada ya\u015famaya \u00e7al\u0131\u015fan farkl\u0131 inan\u00e7lar ve k\u00fclt\u00fcrlerden do\u011fan karga\u015fan\u0131n ke\u015ffine \u00e7\u0131karken, ter\u00f6rizmin k\u00f6klerine iniyor. <\/p>\n","protected":false},"excerpt":{"rendered":"<p>Y\u0131l 1991. Los Angeles. ABD\u2019nin eski Hindistan b\u00fcy\u00fckel\u00e7isi ve kar\u015f\u0131-ter\u00f6r uzman\u0131 Maximilian Ophuls, gayrime\u015fru k\u0131z\u0131n\u0131n kap\u0131s\u0131n\u0131n \u00f6n\u00fcnde, kendine Soytar\u0131 \u015ealimar diyen Ke\u015fmirli \u015fof\u00f6r\u00fc taraf\u0131ndan g\u00fcpeg\u00fcnd\u00fcz \u00f6ld\u00fcr\u00fcl\u00fcr.<span class=\"excerpt-hellip\"> [\u2026]<\/span><\/p>\n","protected":false},"featured_media":0,"template":"","meta":{"_monsterinsights_skip_tracking":false,"_monsterinsights_sitenote_active":false,"_monsterinsights_sitenote_note":"","_monsterinsights_sitenote_category":0},"product_brand":[],"product_cat":[13661,12291],"product_tag":[],"class_list":{"0":"post-701308","1":"product","2":"type-product","3":"status-publish","5":"product_cat-diger-ulke-edebiyatlari","6":"product_cat-edebiyat","7":"pa_cilt-ciltsiz","8":"pa_tur-kitap","9":"pa_yayinevi-can-yayinlari","10":"pa_yazar-salman-rushdie","12":"first","13":"instock","14":"sale","15":"shipping-taxable","16":"purchasable","17":"product-type-simple"},"_links":{"self":[{"href":"https:\/\/roveyayinevi.com.tr\/index.php\/wp-json\/wp\/v2\/product\/701308","targetHints":{"allow":["GET"]}}],"collection":[{"href":"https:\/\/roveyayinevi.com.tr\/index.php\/wp-json\/wp\/v2\/product"}],"about":[{"href":"https:\/\/roveyayinevi.com.tr\/index.php\/wp-json\/wp\/v2\/types\/product"}],"wp:attachment":[{"href":"https:\/\/roveyayinevi.com.tr\/index.php\/wp-json\/wp\/v2\/media?parent=701308"}],"wp:term":[{"taxonomy":"product_brand","embeddable":true,"href":"https:\/\/roveyayinevi.com.tr\/index.php\/wp-json\/wp\/v2\/product_brand?post=701308"},{"taxonomy":"product_cat","embeddable":true,"href":"https:\/\/roveyayinevi.com.tr\/index.php\/wp-json\/wp\/v2\/product_cat?post=701308"},{"taxonomy":"product_tag","embeddable":true,"href":"https:\/\/roveyayinevi.com.tr\/index.php\/wp-json\/wp\/v2\/product_tag?post=701308"}],"curies":[{"name":"wp","href":"https:\/\/api.w.org\/{rel}","templated":true}]}}