{"id":701307,"date":"2025-08-27T15:07:47","date_gmt":"2025-08-27T12:07:47","guid":{"rendered":"https:\/\/roveyayinevi.com.tr\/index.php\/urun\/yasli-adam-ve-deniz-ihtiyar-balikci\/"},"modified":"2026-04-16T02:10:44","modified_gmt":"2026-04-15T23:10:44","slug":"yasli-adam-ve-deniz-ihtiyar-balikci","status":"publish","type":"product","link":"https:\/\/roveyayinevi.com.tr\/index.php\/urun\/yasli-adam-ve-deniz-ihtiyar-balikci\/","title":{"rendered":"Ya\u015fl\u0131 Adam ve Deniz (\u0130htiyar Bal\u0131k\u00e7\u0131)"},"content":{"rendered":"<p>Mutlak tutkusuyla yar\u0131\u015f\u0131rcas\u0131na, d\u00fcnyan\u0131n d\u00f6rt bir yan\u0131nda, kendini ser\u00fcvenden ser\u00fcvene atan Hemingway, f\u0131rt\u0131nalarla dolu ya\u015fam\u0131na y\u00f6n veren karakterini, bir bak\u0131ma bu roman\u0131yla \u00f6zetlemi\u015f gibidir. B\u00fcy\u00fck yazar, sert, ac\u0131mas\u0131z fakar bir o kadar dokunakl\u0131 bir yazg\u0131y\u0131, ya\u015fl\u0131 bir bal\u0131k\u00e7\u0131n\u0131n okyanusta ge\u00e7en birka\u00e7 g\u00fcn\u00fcyle \u00f6zde\u015fleyerek, yal\u0131n, yo\u011fun ve \u00e7arp\u0131c\u0131 bir ba\u015fyap\u0131t koymu\u015ftur ortaya.  \u0130lk yay\u0131mland\u0131\u011f\u0131ndan bu yana, b\u00fct\u00fcn \u00fclkelerde artan bir ilgiyle okunan Ya\u015fl\u0131 Adam ve Deniz, yazar\u0131n Nobel \u00d6d\u00fcl\u00fc kazanmas\u0131nda birinci etken say\u0131lmaktad\u0131r.Roman filme de al\u0131nm\u0131\u015f, \u00fcnl\u00fc akt\u00f6r Spencer Tracy&#8217;nin oyunuyla d\u00fcnya sinemalar\u0131nda olay yaratm\u0131\u015ft\u0131r.Ya\u015fl\u0131 Adam ve Deniz, Hemingway&#8217;in en \u00f6l\u00fcms\u00fcz eserlerinden biridir. Ya\u015fl\u0131 bir K\u00fcbal\u0131 bal\u0131k\u00e7\u0131n\u0131n a\u00e7\u0131k denizde Gulf Stream&#8217;e kap\u0131lm\u0131\u015f olarak dev bir k\u0131l\u0131\u00e7bal\u0131\u011f\u0131yla olan can yak\u0131c\u0131 m\u00fccadelesini son derece sade ve kuvvetli kelimelerle anlat\u0131r. Bu hikayesiyle Hemingway, yenilgiye kar\u015f\u0131 cesaret, kayba kar\u015f\u0131 \u015fahsi ba\u015far\u0131 temas\u0131n\u0131 kendine has modern \u00fcslubuyla yeni ba\u015ftan heykellemi\u015ftir.<\/p>\n","protected":false},"excerpt":{"rendered":"<p>Mutlak tutkusuyla yar\u0131\u015f\u0131rcas\u0131na, d\u00fcnyan\u0131n d\u00f6rt bir yan\u0131nda, kendini ser\u00fcvenden ser\u00fcvene atan Hemingway, f\u0131rt\u0131nalarla dolu ya\u015fam\u0131na y\u00f6n veren karakterini, bir bak\u0131ma bu roman\u0131yla \u00f6zetlemi\u015f gibidir. B\u00fcy\u00fck yazar,<span class=\"excerpt-hellip\"> [\u2026]<\/span><\/p>\n","protected":false},"featured_media":0,"template":"","meta":{"_monsterinsights_skip_tracking":false,"_monsterinsights_sitenote_active":false,"_monsterinsights_sitenote_note":"","_monsterinsights_sitenote_category":0},"product_brand":[],"product_cat":[12891,12291],"product_tag":[],"class_list":{"0":"post-701307","1":"product","2":"type-product","3":"status-publish","5":"product_cat-amerikan-edebiyati","6":"product_cat-edebiyat","7":"pa_cilt-ciltsiz","8":"pa_tur-kitap","9":"pa_yayinevi-bilgi-yayinevi","10":"pa_yazar-ernest-hemingway","12":"first","13":"instock","14":"sale","15":"shipping-taxable","16":"purchasable","17":"product-type-simple"},"_links":{"self":[{"href":"https:\/\/roveyayinevi.com.tr\/index.php\/wp-json\/wp\/v2\/product\/701307","targetHints":{"allow":["GET"]}}],"collection":[{"href":"https:\/\/roveyayinevi.com.tr\/index.php\/wp-json\/wp\/v2\/product"}],"about":[{"href":"https:\/\/roveyayinevi.com.tr\/index.php\/wp-json\/wp\/v2\/types\/product"}],"wp:attachment":[{"href":"https:\/\/roveyayinevi.com.tr\/index.php\/wp-json\/wp\/v2\/media?parent=701307"}],"wp:term":[{"taxonomy":"product_brand","embeddable":true,"href":"https:\/\/roveyayinevi.com.tr\/index.php\/wp-json\/wp\/v2\/product_brand?post=701307"},{"taxonomy":"product_cat","embeddable":true,"href":"https:\/\/roveyayinevi.com.tr\/index.php\/wp-json\/wp\/v2\/product_cat?post=701307"},{"taxonomy":"product_tag","embeddable":true,"href":"https:\/\/roveyayinevi.com.tr\/index.php\/wp-json\/wp\/v2\/product_tag?post=701307"}],"curies":[{"name":"wp","href":"https:\/\/api.w.org\/{rel}","templated":true}]}}