{"id":701297,"date":"2025-08-27T15:07:44","date_gmt":"2025-08-27T12:07:44","guid":{"rendered":"https:\/\/roveyayinevi.com.tr\/index.php\/urun\/daha-iyi-bir-yasam-uzerine\/"},"modified":"2026-04-16T02:10:44","modified_gmt":"2026-04-15T23:10:44","slug":"daha-iyi-bir-yasam-uzerine","status":"publish","type":"product","link":"https:\/\/roveyayinevi.com.tr\/index.php\/urun\/daha-iyi-bir-yasam-uzerine\/","title":{"rendered":"Daha \u0130yi Bir Ya\u015fam \u00dczerine"},"content":{"rendered":"<p>Herkes ya\u015fam\u0131n\u0131 en g\u00fczel \u015fekilde s\u00fcrd\u00fcrmek ister. \u00c7o\u011funlukla g\u00fczel ya\u015faman\u0131n varl\u0131k i\u00e7inde ya\u015famak oldu\u011fu zannedilir. G\u00fczel ya\u015famak sevgi i\u00e7inde ya\u015famakt\u0131r. \u0130nal Ayd\u0131no\u011flu daha iyi bir ya\u015fama kavu\u015fman\u0131n kendimizden ge\u00e7ti\u011fini dile getiriyor \u201cDaha \u0130yi Bir Ya\u015fam \u00dczerine Denemeler\u201dde. Bunu okuru s\u0131kmadan, yormadan hayat tecr\u00fcbelerinden ve \u00e7evresinden \u00f6rneklerle anlat\u0131yor, kendi ya\u015fam\u0131m\u0131z\u0131 kendi se\u00e7imlerimizle y\u00f6nlendirdi\u011fimizde daha iyi bir ya\u015fama sahip olaca\u011f\u0131m\u0131z\u0131 deneyimlerine dayanarak savunuyor. <\/p>\n","protected":false},"excerpt":{"rendered":"<p>Herkes ya\u015fam\u0131n\u0131 en g\u00fczel \u015fekilde s\u00fcrd\u00fcrmek ister. \u00c7o\u011funlukla g\u00fczel ya\u015faman\u0131n varl\u0131k i\u00e7inde ya\u015famak oldu\u011fu zannedilir. G\u00fczel ya\u015famak sevgi i\u00e7inde ya\u015famakt\u0131r. \u0130nal Ayd\u0131no\u011flu daha iyi bir ya\u015fama<span class=\"excerpt-hellip\"> [\u2026]<\/span><\/p>\n","protected":false},"featured_media":0,"template":"","meta":{"_monsterinsights_skip_tracking":false,"_monsterinsights_sitenote_active":false,"_monsterinsights_sitenote_note":"","_monsterinsights_sitenote_category":0},"product_brand":[],"product_cat":[13701,12291],"product_tag":[],"class_list":{"0":"post-701297","1":"product","2":"type-product","3":"status-publish","5":"product_cat-ani-mektup-gunluk","6":"product_cat-edebiyat","7":"pa_tur-kitap","8":"pa_yayinevi-chiviyazilari-yayinevi","9":"pa_yazar-inal-aydinoglu","11":"first","12":"instock","13":"sale","14":"shipping-taxable","15":"purchasable","16":"product-type-simple"},"_links":{"self":[{"href":"https:\/\/roveyayinevi.com.tr\/index.php\/wp-json\/wp\/v2\/product\/701297","targetHints":{"allow":["GET"]}}],"collection":[{"href":"https:\/\/roveyayinevi.com.tr\/index.php\/wp-json\/wp\/v2\/product"}],"about":[{"href":"https:\/\/roveyayinevi.com.tr\/index.php\/wp-json\/wp\/v2\/types\/product"}],"wp:attachment":[{"href":"https:\/\/roveyayinevi.com.tr\/index.php\/wp-json\/wp\/v2\/media?parent=701297"}],"wp:term":[{"taxonomy":"product_brand","embeddable":true,"href":"https:\/\/roveyayinevi.com.tr\/index.php\/wp-json\/wp\/v2\/product_brand?post=701297"},{"taxonomy":"product_cat","embeddable":true,"href":"https:\/\/roveyayinevi.com.tr\/index.php\/wp-json\/wp\/v2\/product_cat?post=701297"},{"taxonomy":"product_tag","embeddable":true,"href":"https:\/\/roveyayinevi.com.tr\/index.php\/wp-json\/wp\/v2\/product_tag?post=701297"}],"curies":[{"name":"wp","href":"https:\/\/api.w.org\/{rel}","templated":true}]}}