{"id":701296,"date":"2025-08-27T15:07:43","date_gmt":"2025-08-27T12:07:43","guid":{"rendered":"https:\/\/roveyayinevi.com.tr\/index.php\/urun\/kirik-taslar\/"},"modified":"2026-04-16T02:10:44","modified_gmt":"2026-04-15T23:10:44","slug":"kirik-taslar","status":"publish","type":"product","link":"https:\/\/roveyayinevi.com.tr\/index.php\/urun\/kirik-taslar\/","title":{"rendered":"K\u0131r\u0131k Ta\u015flar"},"content":{"rendered":"<p>Ayn\u0131 \u0131rma\u011fa girdi\u011fimizde girmeyiz Biziz de\u011filiz     Diyalektik d\u00fc\u015f\u00fcncenin k\u00f6kenleri a\u00e7\u0131s\u0131ndan Hegel gibi Marx\u2019a da esin veren Herakleitos\u2019un Do\u011fa \u00dczerine adl\u0131 yap\u0131t\u0131ndan g\u00fcn\u00fcm\u00fcze kalan \u201cPar\u00e7alar\u201d\u0131, \u015fair Alova\u2019n\u0131n \u015fiir diliyle yapt\u0131\u011f\u0131 \u00e7eviriyle sunuyoruz. Alova\u2019y\u0131, \u201cPar\u00e7alar\u201d\u0131 K\u0131r\u0131k Ta\u015flar ad\u0131 alt\u0131nda bir araya getirerek \u00e7evirmeye y\u00f6nelten etkenlerin ba\u015f\u0131nda, Antik Yunan filozofun ate\u015fe, suya, topra\u011fa, g\u00fcne\u015fe \u201c\u00e7\u0131plak ak\u0131l\u201dla bakarak evrensel yasalar\u0131 \u00e7\u00f6zmeye \u00e7al\u0131\u015fmas\u0131, diyalektik d\u00fc\u015f\u00fcnceyi g\u00f6zlem yoluyla ke\u015ffetmesi, her \u015feyin s\u00fcrekli bir ak\u0131\u015f halinde oldu\u011funu sistemli bir bi\u00e7imde a\u00e7\u0131klamas\u0131 ve t\u00fcm bunlar\u0131 a\u00e7\u0131klarken birka\u00e7 s\u00f6zc\u00fckte indi\u011fi o b\u00fcy\u00fck derinlik gelmektedir.     Okur, K\u0131r\u0131k Ta\u015flar\u2019\u0131 \u201c\u00e7\u0131plak ak\u0131l\u201dla okusun, diyor Alova, t\u0131pk\u0131 Herakleitos\u2019un ate\u015fi, suyu okudu\u011fu gibi. <\/p>\n","protected":false},"excerpt":{"rendered":"<p>Ayn\u0131 \u0131rma\u011fa girdi\u011fimizde girmeyiz Biziz de\u011filiz Diyalektik d\u00fc\u015f\u00fcncenin k\u00f6kenleri a\u00e7\u0131s\u0131ndan Hegel gibi Marx\u2019a da esin veren Herakleitos\u2019un Do\u011fa \u00dczerine adl\u0131 yap\u0131t\u0131ndan g\u00fcn\u00fcm\u00fcze kalan \u201cPar\u00e7alar\u201d\u0131, \u015fair Alova\u2019n\u0131n<span class=\"excerpt-hellip\"> [\u2026]<\/span><\/p>\n","protected":false},"featured_media":0,"template":"","meta":{"_monsterinsights_skip_tracking":false,"_monsterinsights_sitenote_active":false,"_monsterinsights_sitenote_note":"","_monsterinsights_sitenote_category":0},"product_brand":[],"product_cat":[12291,12509],"product_tag":[],"class_list":{"0":"post-701296","1":"product","2":"type-product","3":"status-publish","5":"product_cat-edebiyat","6":"product_cat-siir","7":"pa_cilt-ciltsiz","8":"pa_tur-kitap","9":"pa_yayinevi-can-yayinlari","10":"pa_yazar-herakleitos","12":"first","13":"instock","14":"sale","15":"shipping-taxable","16":"purchasable","17":"product-type-simple"},"_links":{"self":[{"href":"https:\/\/roveyayinevi.com.tr\/index.php\/wp-json\/wp\/v2\/product\/701296","targetHints":{"allow":["GET"]}}],"collection":[{"href":"https:\/\/roveyayinevi.com.tr\/index.php\/wp-json\/wp\/v2\/product"}],"about":[{"href":"https:\/\/roveyayinevi.com.tr\/index.php\/wp-json\/wp\/v2\/types\/product"}],"wp:attachment":[{"href":"https:\/\/roveyayinevi.com.tr\/index.php\/wp-json\/wp\/v2\/media?parent=701296"}],"wp:term":[{"taxonomy":"product_brand","embeddable":true,"href":"https:\/\/roveyayinevi.com.tr\/index.php\/wp-json\/wp\/v2\/product_brand?post=701296"},{"taxonomy":"product_cat","embeddable":true,"href":"https:\/\/roveyayinevi.com.tr\/index.php\/wp-json\/wp\/v2\/product_cat?post=701296"},{"taxonomy":"product_tag","embeddable":true,"href":"https:\/\/roveyayinevi.com.tr\/index.php\/wp-json\/wp\/v2\/product_tag?post=701296"}],"curies":[{"name":"wp","href":"https:\/\/api.w.org\/{rel}","templated":true}]}}