{"id":701294,"date":"2025-08-27T15:07:43","date_gmt":"2025-08-27T12:07:43","guid":{"rendered":"https:\/\/roveyayinevi.com.tr\/index.php\/urun\/karanliktaki-adam\/"},"modified":"2026-04-16T02:10:43","modified_gmt":"2026-04-15T23:10:43","slug":"karanliktaki-adam","status":"publish","type":"product","link":"https:\/\/roveyayinevi.com.tr\/index.php\/urun\/karanliktaki-adam\/","title":{"rendered":"Karanl\u0131ktaki Adam"},"content":{"rendered":"<p>U\u00e7suz bucaks\u0131z Amerika k\u0131rsal\u0131n\u0131n bir beyaz gecesinde daha, d\u00fcnyay\u0131 kafam\u0131n i\u00e7inde d\u00f6nd\u00fcrerek yeni bir uykusuzluk n\u00f6betiyle bo\u011fu\u015furken karanl\u0131kta tek ba\u015f\u0131nay\u0131m&#8230; 72 ya\u015f\u0131ndaki eski kitap ele\u015ftirmeni August Brill, ge\u00e7irdi\u011fi bir araba kazas\u0131ndan sonra k\u0131z\u0131 ve torunuyla birlikte oturmaktad\u0131r. Uykusuz bir gecede, an\u0131msamak istemedi\u011fi d\u00fc\u015f\u00fcnceler ve olaylar\u0131, kar\u0131s\u0131n\u0131n \u00f6l\u00fcm\u00fcn\u00fc, torununun erkek arkada\u015f\u0131n\u0131n Irak\u2019ta vah\u015fice \u00f6ld\u00fcr\u00fcl\u00fc\u015f\u00fcn\u00fc kafas\u0131ndan kovmak i\u00e7in, kendi kendine \u00f6yk\u00fcler anlat\u0131r. ABD\u2019nin Irak\u2019la de\u011fil de, kendi kendisiyle sava\u015fta oldu\u011fu bir \u00f6yk\u00fc kurar. Bu hayali ABD\u2019de, \u00fclke kanl\u0131 bir i\u00e7 sava\u015fa s\u00fcr\u00fcklenmi\u015ftir. Gece ilerledik\u00e7e, Brill\u2019in \u00f6yk\u00fcs\u00fc gittik\u00e7e yo\u011funla\u015facak, unutmak istedikleri bir bir geri gelecektir&#8230; Amerikan edebiyat\u0131n\u0131n son d\u00f6neminin en sayg\u0131n birka\u00e7 yazar\u0131ndan biri olan Paul Auster, t\u00fcm d\u00fcnyayla ayn\u0131 g\u00fcnlerde yay\u0131nlad\u0131\u011f\u0131m\u0131z yeni roman\u0131 Karanl\u0131ktaki Adam\u2019da, belki de bug\u00fcne kadarki en politik yap\u0131t\u0131n\u0131 sunuyor okurlara. <\/p>\n","protected":false},"excerpt":{"rendered":"<p>U\u00e7suz bucaks\u0131z Amerika k\u0131rsal\u0131n\u0131n bir beyaz gecesinde daha, d\u00fcnyay\u0131 kafam\u0131n i\u00e7inde d\u00f6nd\u00fcrerek yeni bir uykusuzluk n\u00f6betiyle bo\u011fu\u015furken karanl\u0131kta tek ba\u015f\u0131nay\u0131m&#8230; 72 ya\u015f\u0131ndaki eski kitap ele\u015ftirmeni August<span class=\"excerpt-hellip\"> [\u2026]<\/span><\/p>\n","protected":false},"featured_media":0,"template":"","meta":{"_monsterinsights_skip_tracking":false,"_monsterinsights_sitenote_active":false,"_monsterinsights_sitenote_note":"","_monsterinsights_sitenote_category":0},"product_brand":[],"product_cat":[12891,12291],"product_tag":[],"class_list":{"0":"post-701294","1":"product","2":"type-product","3":"status-publish","5":"product_cat-amerikan-edebiyati","6":"product_cat-edebiyat","7":"pa_cilt-ciltsiz","8":"pa_tur-kitap","9":"pa_yayinevi-can-yayinlari","10":"pa_yazar-paul-auster","12":"first","13":"instock","14":"sale","15":"shipping-taxable","16":"purchasable","17":"product-type-simple"},"_links":{"self":[{"href":"https:\/\/roveyayinevi.com.tr\/index.php\/wp-json\/wp\/v2\/product\/701294","targetHints":{"allow":["GET"]}}],"collection":[{"href":"https:\/\/roveyayinevi.com.tr\/index.php\/wp-json\/wp\/v2\/product"}],"about":[{"href":"https:\/\/roveyayinevi.com.tr\/index.php\/wp-json\/wp\/v2\/types\/product"}],"wp:attachment":[{"href":"https:\/\/roveyayinevi.com.tr\/index.php\/wp-json\/wp\/v2\/media?parent=701294"}],"wp:term":[{"taxonomy":"product_brand","embeddable":true,"href":"https:\/\/roveyayinevi.com.tr\/index.php\/wp-json\/wp\/v2\/product_brand?post=701294"},{"taxonomy":"product_cat","embeddable":true,"href":"https:\/\/roveyayinevi.com.tr\/index.php\/wp-json\/wp\/v2\/product_cat?post=701294"},{"taxonomy":"product_tag","embeddable":true,"href":"https:\/\/roveyayinevi.com.tr\/index.php\/wp-json\/wp\/v2\/product_tag?post=701294"}],"curies":[{"name":"wp","href":"https:\/\/api.w.org\/{rel}","templated":true}]}}