{"id":701292,"date":"2025-08-27T15:07:42","date_gmt":"2025-08-27T12:07:42","guid":{"rendered":"https:\/\/roveyayinevi.com.tr\/index.php\/urun\/kardesim-ruzgar-kardesim-deniz\/"},"modified":"2026-04-16T02:10:43","modified_gmt":"2026-04-15T23:10:43","slug":"kardesim-ruzgar-kardesim-deniz","status":"publish","type":"product","link":"https:\/\/roveyayinevi.com.tr\/index.php\/urun\/kardesim-ruzgar-kardesim-deniz\/","title":{"rendered":"Karde\u015fim R\u00fczgar, Karde\u015fim Deniz"},"content":{"rendered":"<p>\u015eeker Portakal\u0131 adl\u0131 roman\u0131yla \u00fclkemizde yediden yetmi\u015fe herkesin sevgilisi olan Brezilyal\u0131 yazar Jose Mauro de Vasconcelos, damarlar\u0131nda \u00c7ingene kan\u0131 ta\u015f\u0131yan yetim Chicao&#8217;nun \u00f6yk\u00fcs\u00fcn\u00fc anlat\u0131yor. \ufffc<\/p>\n","protected":false},"excerpt":{"rendered":"<p>\u015eeker Portakal\u0131 adl\u0131 roman\u0131yla \u00fclkemizde yediden yetmi\u015fe herkesin sevgilisi olan Brezilyal\u0131 yazar Jose Mauro de Vasconcelos, damarlar\u0131nda \u00c7ingene kan\u0131 ta\u015f\u0131yan yetim Chicao&#8217;nun \u00f6yk\u00fcs\u00fcn\u00fc anlat\u0131yor. \ufffc<\/p>\n","protected":false},"featured_media":0,"template":"","meta":{"_monsterinsights_skip_tracking":false,"_monsterinsights_sitenote_active":false,"_monsterinsights_sitenote_note":"","_monsterinsights_sitenote_category":0},"product_brand":[],"product_cat":[12291,12711],"product_tag":[],"class_list":{"0":"post-701292","1":"product","2":"type-product","3":"status-publish","5":"product_cat-edebiyat","6":"product_cat-roman-oyku","7":"pa_cilt-ciltsiz","8":"pa_tur-kitap","9":"pa_yayinevi-can-yayinlari","10":"pa_yazar-jose-mauro-de-vasconcelos","12":"first","13":"instock","14":"sale","15":"shipping-taxable","16":"purchasable","17":"product-type-simple"},"_links":{"self":[{"href":"https:\/\/roveyayinevi.com.tr\/index.php\/wp-json\/wp\/v2\/product\/701292","targetHints":{"allow":["GET"]}}],"collection":[{"href":"https:\/\/roveyayinevi.com.tr\/index.php\/wp-json\/wp\/v2\/product"}],"about":[{"href":"https:\/\/roveyayinevi.com.tr\/index.php\/wp-json\/wp\/v2\/types\/product"}],"wp:attachment":[{"href":"https:\/\/roveyayinevi.com.tr\/index.php\/wp-json\/wp\/v2\/media?parent=701292"}],"wp:term":[{"taxonomy":"product_brand","embeddable":true,"href":"https:\/\/roveyayinevi.com.tr\/index.php\/wp-json\/wp\/v2\/product_brand?post=701292"},{"taxonomy":"product_cat","embeddable":true,"href":"https:\/\/roveyayinevi.com.tr\/index.php\/wp-json\/wp\/v2\/product_cat?post=701292"},{"taxonomy":"product_tag","embeddable":true,"href":"https:\/\/roveyayinevi.com.tr\/index.php\/wp-json\/wp\/v2\/product_tag?post=701292"}],"curies":[{"name":"wp","href":"https:\/\/api.w.org\/{rel}","templated":true}]}}