{"id":701281,"date":"2025-08-27T15:07:39","date_gmt":"2025-08-27T12:07:39","guid":{"rendered":"https:\/\/roveyayinevi.com.tr\/index.php\/urun\/cezanne-uzerine-mektuplar\/"},"modified":"2026-04-16T02:10:43","modified_gmt":"2026-04-15T23:10:43","slug":"cezanne-uzerine-mektuplar","status":"publish","type":"product","link":"https:\/\/roveyayinevi.com.tr\/index.php\/urun\/cezanne-uzerine-mektuplar\/","title":{"rendered":"Cezanne \u00dczerine Mektuplar"},"content":{"rendered":"<p>Cezanne&#8217;in \u00f6l\u00fcm\u00fcnden sonra an\u0131s\u0131na &#8216;Galerie d&#8217;Automne&#8217;da d\u00fczenlenen sergiyi gezen Rilke resimlerden \u00e7ok etkilenir. Serginin \u00fczerinde b\u0131rakt\u0131\u011f\u0131 izlenimleri kar\u0131s\u0131na birdizi mektupla iletir. 6 Ekim 1907 aras\u0131nda her g\u00fcn bir mektup yazar. Mektuplardan anla\u015f\u0131ld\u0131\u011f\u0131na g\u00f6re Cezanne&#8217;in sanat\u0131yla tan\u0131\u015fmas\u0131 Rilke&#8217;yi Rodin&#8217;den daha fazla etkiler ve ya\u015fam\u0131n\u0131n sonuna kadar Cezanne&#8217;in yap\u0131tlar\u0131n\u0131n kendisi i\u00e7in son derece \u00f6nemli \u00f6rnek oldu\u011funu a\u00e7\u0131klamaktan ka\u00e7\u0131nmaz.<\/p>\n","protected":false},"excerpt":{"rendered":"<p>Cezanne&#8217;in \u00f6l\u00fcm\u00fcnden sonra an\u0131s\u0131na &#8216;Galerie d&#8217;Automne&#8217;da d\u00fczenlenen sergiyi gezen Rilke resimlerden \u00e7ok etkilenir. Serginin \u00fczerinde b\u0131rakt\u0131\u011f\u0131 izlenimleri kar\u0131s\u0131na birdizi mektupla iletir. 6 Ekim 1907 aras\u0131nda her<span class=\"excerpt-hellip\"> [\u2026]<\/span><\/p>\n","protected":false},"featured_media":0,"template":"","meta":{"_monsterinsights_skip_tracking":false,"_monsterinsights_sitenote_active":false,"_monsterinsights_sitenote_note":"","_monsterinsights_sitenote_category":0},"product_brand":[],"product_cat":[12782,12291],"product_tag":[],"class_list":{"0":"post-701281","1":"product","2":"type-product","3":"status-publish","5":"product_cat-alman-edebiyati","6":"product_cat-edebiyat","7":"pa_cilt-ciltsiz","8":"pa_tur-kitap","9":"pa_yayinevi-cem-yayinevi","10":"pa_yazar-rainer-maria-rilke","12":"first","13":"instock","14":"sale","15":"shipping-taxable","16":"purchasable","17":"product-type-simple"},"_links":{"self":[{"href":"https:\/\/roveyayinevi.com.tr\/index.php\/wp-json\/wp\/v2\/product\/701281","targetHints":{"allow":["GET"]}}],"collection":[{"href":"https:\/\/roveyayinevi.com.tr\/index.php\/wp-json\/wp\/v2\/product"}],"about":[{"href":"https:\/\/roveyayinevi.com.tr\/index.php\/wp-json\/wp\/v2\/types\/product"}],"wp:attachment":[{"href":"https:\/\/roveyayinevi.com.tr\/index.php\/wp-json\/wp\/v2\/media?parent=701281"}],"wp:term":[{"taxonomy":"product_brand","embeddable":true,"href":"https:\/\/roveyayinevi.com.tr\/index.php\/wp-json\/wp\/v2\/product_brand?post=701281"},{"taxonomy":"product_cat","embeddable":true,"href":"https:\/\/roveyayinevi.com.tr\/index.php\/wp-json\/wp\/v2\/product_cat?post=701281"},{"taxonomy":"product_tag","embeddable":true,"href":"https:\/\/roveyayinevi.com.tr\/index.php\/wp-json\/wp\/v2\/product_tag?post=701281"}],"curies":[{"name":"wp","href":"https:\/\/api.w.org\/{rel}","templated":true}]}}