{"id":701280,"date":"2025-08-27T15:07:39","date_gmt":"2025-08-27T12:07:39","guid":{"rendered":"https:\/\/roveyayinevi.com.tr\/index.php\/urun\/bilincdisi-ve-insan\/"},"modified":"2026-04-16T02:10:43","modified_gmt":"2026-04-15T23:10:43","slug":"bilincdisi-ve-insan","status":"publish","type":"product","link":"https:\/\/roveyayinevi.com.tr\/index.php\/urun\/bilincdisi-ve-insan\/","title":{"rendered":"Bilin\u00e7d\u0131\u015f\u0131 ve \u0130nsan"},"content":{"rendered":"<p>Frans\u0131z psikanalizcisi Jean Paul Charrier&#8217;nin g\u00fczel bir incelemesi olan Bilin\u00e7d\u0131\u015f\u0131 Ve \u0130nsan adl\u0131 kitap, insan psikolojisinin evrimini, temel yap\u0131s\u0131n\u0131 ve psikanalizle ilgili ana kuramlar\u0131n tart\u0131\u015fmas\u0131n\u0131 bize sunuyor. \u0130nsan psikolojisinin zor anla\u015f\u0131l\u0131rl\u0131\u011f\u0131n\u0131n ve de\u011fi\u015fkenli\u011finin, san\u0131ld\u0131\u011f\u0131ndan \u00e7ok daha karma\u015f\u0131k ve dinamik bir yap\u0131ya sahip olmas\u0131ndan ileri geldi\u011fini anlat\u0131yor. Elinizdeki bu k\u00fc\u00e7\u00fck kitap, kendimizi daha iyi tan\u0131maya yard\u0131mc\u0131 olurken, ba\u015fka psikologlar ve e\u011fitimciler olmak \u00fczere, \u00e7ocuk sahibi t\u00fcm aileler i\u00e7in bir k\u0131lavuz niteli\u011fini de ta\u015f\u0131yor. \ufffcTan\u0131t\u0131m Metni<\/p>\n","protected":false},"excerpt":{"rendered":"<p>Frans\u0131z psikanalizcisi Jean Paul Charrier&#8217;nin g\u00fczel bir incelemesi olan Bilin\u00e7d\u0131\u015f\u0131 Ve \u0130nsan adl\u0131 kitap, insan psikolojisinin evrimini, temel yap\u0131s\u0131n\u0131 ve psikanalizle ilgili ana kuramlar\u0131n tart\u0131\u015fmas\u0131n\u0131 bize<span class=\"excerpt-hellip\"> [\u2026]<\/span><\/p>\n","protected":false},"featured_media":0,"template":"","meta":{"_monsterinsights_skip_tracking":false,"_monsterinsights_sitenote_active":false,"_monsterinsights_sitenote_note":"","_monsterinsights_sitenote_category":0},"product_brand":[],"product_cat":[12679,12357],"product_tag":[],"class_list":{"0":"post-701280","1":"product","2":"type-product","3":"status-publish","5":"product_cat-cocuk-psikolojisi","6":"product_cat-psikoloji","7":"pa_cilt-ciltsiz","8":"pa_tur-kitap","9":"pa_yayinevi-cem-yayinevi","10":"pa_yazar-jean-paul-charrier","12":"first","13":"instock","14":"sale","15":"shipping-taxable","16":"purchasable","17":"product-type-simple"},"_links":{"self":[{"href":"https:\/\/roveyayinevi.com.tr\/index.php\/wp-json\/wp\/v2\/product\/701280","targetHints":{"allow":["GET"]}}],"collection":[{"href":"https:\/\/roveyayinevi.com.tr\/index.php\/wp-json\/wp\/v2\/product"}],"about":[{"href":"https:\/\/roveyayinevi.com.tr\/index.php\/wp-json\/wp\/v2\/types\/product"}],"wp:attachment":[{"href":"https:\/\/roveyayinevi.com.tr\/index.php\/wp-json\/wp\/v2\/media?parent=701280"}],"wp:term":[{"taxonomy":"product_brand","embeddable":true,"href":"https:\/\/roveyayinevi.com.tr\/index.php\/wp-json\/wp\/v2\/product_brand?post=701280"},{"taxonomy":"product_cat","embeddable":true,"href":"https:\/\/roveyayinevi.com.tr\/index.php\/wp-json\/wp\/v2\/product_cat?post=701280"},{"taxonomy":"product_tag","embeddable":true,"href":"https:\/\/roveyayinevi.com.tr\/index.php\/wp-json\/wp\/v2\/product_tag?post=701280"}],"curies":[{"name":"wp","href":"https:\/\/api.w.org\/{rel}","templated":true}]}}