{"id":701279,"date":"2025-08-27T15:07:38","date_gmt":"2025-08-27T12:07:38","guid":{"rendered":"https:\/\/roveyayinevi.com.tr\/index.php\/urun\/bulutlara-simit-satan-cocuk\/"},"modified":"2026-04-08T02:14:00","modified_gmt":"2026-04-07T23:14:00","slug":"bulutlara-simit-satan-cocuk","status":"publish","type":"product","link":"https:\/\/roveyayinevi.com.tr\/index.php\/urun\/bulutlara-simit-satan-cocuk\/","title":{"rendered":"Bulutlara Simit Satan \u00c7ocuk"},"content":{"rendered":"<p>Okulda \u00f6\u011flenci oldum muydu \u00e7ok sevinirim. \u00c7\u00fcnk\u00fc ben simit sat\u0131yorum sabahlar\u0131. Biz sekiz karde\u015fiz, sekiz ekmek yeriz g\u00fcnde. Babam\u0131n ald\u0131\u011f\u0131 para yetmez, onun i\u00e7in ben \u00e7al\u0131\u015f\u0131r\u0131m. Ali a\u011fabeyim \u00e7al\u0131\u015f\u0131r, Ramazan a\u011fabeyim \u00e7al\u0131\u015f\u0131r, \u00f6tekiler daha ufaklar&#8230; <\/p>\n","protected":false},"excerpt":{"rendered":"<p>Okulda \u00f6\u011flenci oldum muydu \u00e7ok sevinirim. \u00c7\u00fcnk\u00fc ben simit sat\u0131yorum sabahlar\u0131. Biz sekiz karde\u015fiz, sekiz ekmek yeriz g\u00fcnde. Babam\u0131n ald\u0131\u011f\u0131 para yetmez, onun i\u00e7in ben \u00e7al\u0131\u015f\u0131r\u0131m.<span class=\"excerpt-hellip\"> [\u2026]<\/span><\/p>\n","protected":false},"featured_media":0,"template":"","meta":{"_monsterinsights_skip_tracking":false,"_monsterinsights_sitenote_active":false,"_monsterinsights_sitenote_note":"","_monsterinsights_sitenote_category":0},"product_brand":[],"product_cat":[12274,12284],"product_tag":[],"class_list":{"0":"post-701279","1":"product","2":"type-product","3":"status-publish","5":"product_cat-cocuk-ve-genclik-kitaplari","6":"product_cat-hikayeler","7":"pa_cilt-ciltsiz","8":"pa_tur-kitap","9":"pa_yayinevi-bilgi-yayinevi-cocuk","10":"pa_yazar-muzaffer-izgu","12":"first","13":"instock","14":"sale","15":"shipping-taxable","16":"purchasable","17":"product-type-simple"},"_links":{"self":[{"href":"https:\/\/roveyayinevi.com.tr\/index.php\/wp-json\/wp\/v2\/product\/701279","targetHints":{"allow":["GET"]}}],"collection":[{"href":"https:\/\/roveyayinevi.com.tr\/index.php\/wp-json\/wp\/v2\/product"}],"about":[{"href":"https:\/\/roveyayinevi.com.tr\/index.php\/wp-json\/wp\/v2\/types\/product"}],"wp:attachment":[{"href":"https:\/\/roveyayinevi.com.tr\/index.php\/wp-json\/wp\/v2\/media?parent=701279"}],"wp:term":[{"taxonomy":"product_brand","embeddable":true,"href":"https:\/\/roveyayinevi.com.tr\/index.php\/wp-json\/wp\/v2\/product_brand?post=701279"},{"taxonomy":"product_cat","embeddable":true,"href":"https:\/\/roveyayinevi.com.tr\/index.php\/wp-json\/wp\/v2\/product_cat?post=701279"},{"taxonomy":"product_tag","embeddable":true,"href":"https:\/\/roveyayinevi.com.tr\/index.php\/wp-json\/wp\/v2\/product_tag?post=701279"}],"curies":[{"name":"wp","href":"https:\/\/api.w.org\/{rel}","templated":true}]}}