{"id":701276,"date":"2025-08-27T15:07:37","date_gmt":"2025-08-27T12:07:37","guid":{"rendered":"https:\/\/roveyayinevi.com.tr\/index.php\/urun\/seytan-tangosu\/"},"modified":"2026-04-16T02:10:43","modified_gmt":"2026-04-15T23:10:43","slug":"seytan-tangosu","status":"publish","type":"product","link":"https:\/\/roveyayinevi.com.tr\/index.php\/urun\/seytan-tangosu\/","title":{"rendered":"\u015eeytan Tangosu"},"content":{"rendered":"<p>Yaln\u0131z olmad\u0131\u011f\u0131na sevindi; Pisicik h\u00e2l\u00e2 \u0131s\u0131t\u0131yordu karn\u0131n\u0131. \u201cEvet,\u201d dedi sesini y\u00fckseltmeden \u00f6n\u00fcne bak\u0131p, \u201cmelekler bunu g\u00f6r\u00fcr ve anlar.\u201d \u0130\u00e7inde bir huzur hissetti ve d\u00f6rt bir yan\u0131ndaki a\u011fa\u00e7lar, yol, ya\u011fmur ve gece de hep birlikte bir huzur yay\u0131yordu. \u201cOlan biten her \u015fey iyi,\u201d diye d\u00fc\u015f\u00fcnd\u00fc. Her \u015fey basitle\u015fmi\u015fti, mutlak bi\u00e7imde. Yolun iki yan\u0131nda d\u00fczg\u00fcn ad\u0131mlarla ilerleyen, d\u0131md\u0131zlak akasya a\u011fa\u00e7lar\u0131na, birka\u00e7 metre \u00f6n\u00fcnde art\u0131k karanl\u0131\u011f\u0131n i\u00e7inde yitiveren k\u0131rlara bakt\u0131. Ya\u011fmur ve \u00e7amurun bo\u011fucu kokusunu duyuyor, do\u011fru ve tam olmas\u0131 gerekti\u011fi gibi davrand\u0131\u011f\u0131n\u0131 yan\u0131lmaz bir \u015fekilde biliyordu.   Ya\u015fam\u0131n fiil\u00ee olarak durdu\u011fu bir Macar k\u00f6y\u00fcnde, g\u00fcz ya\u011fmurlar\u0131 ba\u015flam\u0131\u015ft\u0131r. Gelecekten umudunu, birbirine g\u00fcvenini, i\u00e7indeki iyilik duygusunu, dayan\u0131\u015fma ruhunu yitirmi\u015f insanlar, o diyardan gitmenin planlar\u0131n\u0131 yapmaktad\u0131r. Bir kurtar\u0131c\u0131 aray\u0131\u015f\u0131, y\u0131llar \u00f6nce \u00f6ld\u00fc\u011f\u00fcn\u00fc sand\u0131klar\u0131 Irimias\u2019\u0131n d\u00f6n\u00fc\u015f\u00fcne dek s\u00fcrer. \u0130nsanlar ilk kez birlik i\u00e7inde davran\u0131r ve kendilerini Irimias\u2019\u0131n kararlar\u0131na teslim ederler.   Simgelerden yola \u00e7\u0131karak anlat\u0131r Krasznahorkai ya\u015fam\u0131; olay \u00f6rg\u00fcs\u00fcn\u00fc bir d\u00f6ng\u00fc etraf\u0131nda bi\u00e7imlendirir. S\u00fcrekli a\u011f \u00f6ren \u00f6r\u00fcmcekler, g\u00f6kte d\u00f6n\u00fcp duran kargalar, ba\u015f\u0131bo\u015f atlar, birbirinin tekrar\u0131 mevsimler&#8230; <\/p>\n","protected":false},"excerpt":{"rendered":"<p>Yaln\u0131z olmad\u0131\u011f\u0131na sevindi; Pisicik h\u00e2l\u00e2 \u0131s\u0131t\u0131yordu karn\u0131n\u0131. \u201cEvet,\u201d dedi sesini y\u00fckseltmeden \u00f6n\u00fcne bak\u0131p, \u201cmelekler bunu g\u00f6r\u00fcr ve anlar.\u201d \u0130\u00e7inde bir huzur hissetti ve d\u00f6rt bir yan\u0131ndaki<span class=\"excerpt-hellip\"> [\u2026]<\/span><\/p>\n","protected":false},"featured_media":0,"template":"","meta":{"_monsterinsights_skip_tracking":false,"_monsterinsights_sitenote_active":false,"_monsterinsights_sitenote_note":"","_monsterinsights_sitenote_category":0},"product_brand":[],"product_cat":[13661,12291],"product_tag":[],"class_list":{"0":"post-701276","1":"product","2":"type-product","3":"status-publish","5":"product_cat-diger-ulke-edebiyatlari","6":"product_cat-edebiyat","7":"pa_cilt-ciltsiz","8":"pa_tur-kitap","9":"pa_yayinevi-can-yayinlari","10":"pa_yazar-laszlo-krasznahorkai","12":"first","13":"instock","14":"sale","15":"shipping-taxable","16":"purchasable","17":"product-type-simple"},"_links":{"self":[{"href":"https:\/\/roveyayinevi.com.tr\/index.php\/wp-json\/wp\/v2\/product\/701276","targetHints":{"allow":["GET"]}}],"collection":[{"href":"https:\/\/roveyayinevi.com.tr\/index.php\/wp-json\/wp\/v2\/product"}],"about":[{"href":"https:\/\/roveyayinevi.com.tr\/index.php\/wp-json\/wp\/v2\/types\/product"}],"wp:attachment":[{"href":"https:\/\/roveyayinevi.com.tr\/index.php\/wp-json\/wp\/v2\/media?parent=701276"}],"wp:term":[{"taxonomy":"product_brand","embeddable":true,"href":"https:\/\/roveyayinevi.com.tr\/index.php\/wp-json\/wp\/v2\/product_brand?post=701276"},{"taxonomy":"product_cat","embeddable":true,"href":"https:\/\/roveyayinevi.com.tr\/index.php\/wp-json\/wp\/v2\/product_cat?post=701276"},{"taxonomy":"product_tag","embeddable":true,"href":"https:\/\/roveyayinevi.com.tr\/index.php\/wp-json\/wp\/v2\/product_tag?post=701276"}],"curies":[{"name":"wp","href":"https:\/\/api.w.org\/{rel}","templated":true}]}}