{"id":701273,"date":"2025-08-27T15:07:36","date_gmt":"2025-08-27T12:07:36","guid":{"rendered":"https:\/\/roveyayinevi.com.tr\/index.php\/urun\/babalar-ve-ogullar-5\/"},"modified":"2026-04-16T02:10:43","modified_gmt":"2026-04-15T23:10:43","slug":"babalar-ve-ogullar-5","status":"publish","type":"product","link":"https:\/\/roveyayinevi.com.tr\/index.php\/urun\/babalar-ve-ogullar-5\/","title":{"rendered":"Babalar ve O\u011fullar"},"content":{"rendered":"<p>Klasik Rus edebiyat\u0131n\u0131n unutulmaz yazar\u0131 Turgenyev, \u00e7a\u011fda\u015flar\u0131ndan b\u00fct\u00fcn\u00fcyle farkl\u0131 bir yol izlemi\u015f, ya\u015fad\u0131\u011f\u0131 d\u00f6nemde Avrupa&#8217;da yaz\u0131lan romanlara ve Avrupa k\u00fclt\u00fcr\u00fcne daha yak\u0131n bir tav\u0131r sergilemi\u015fti. Turgenyev&#8217;in ba\u015fyap\u0131t\u0131 olarak tan\u0131mlanan Babalar ve O\u011fullar, bu etkinin izlerini ta\u015f\u0131r.Roman\u0131n \u00f6ne \u00e7\u0131kan karakteri Bazarov, arkada\u015f\u0131 Arkadiy&#8217;e ve onun modern de\u011ferlerle ya\u015famay\u0131 se\u00e7en babas\u0131yla amcas\u0131na \u00f6yle sinir bozucu bir bi\u00e7imde kar\u015f\u0131 \u00e7\u0131kar ki, sergiledi\u011fi nihilizm Bazarov&#8217;un m\u00fcthi\u015f zek\u00e2s\u0131yla birle\u015fince gen\u00e7 bozguncunun sald\u0131r\u0131lara u\u011framas\u0131 ka\u00e7\u0131n\u0131lmaz olur. T\u0131pk\u0131 roman\u0131n yay\u0131mlanmas\u0131ndan sonra yo\u011fun sald\u0131r\u0131ya u\u011frayan Turgenyev gibi. \u0130van Turgenyev, Babalar ve O\u011fullar&#8217;\u0131n yay\u0131mlanmas\u0131ndan sonra \u00fclkesini terk etmek zorunda kalm\u0131\u015f, ya\u015fam\u0131n\u0131 Avrupa&#8217;da s\u00fcrd\u00fcrm\u00fc\u015ft\u00fc.<\/p>\n","protected":false},"excerpt":{"rendered":"<p>Klasik Rus edebiyat\u0131n\u0131n unutulmaz yazar\u0131 Turgenyev, \u00e7a\u011fda\u015flar\u0131ndan b\u00fct\u00fcn\u00fcyle farkl\u0131 bir yol izlemi\u015f, ya\u015fad\u0131\u011f\u0131 d\u00f6nemde Avrupa&#8217;da yaz\u0131lan romanlara ve Avrupa k\u00fclt\u00fcr\u00fcne daha yak\u0131n bir tav\u0131r sergilemi\u015fti. Turgenyev&#8217;in<span class=\"excerpt-hellip\"> [\u2026]<\/span><\/p>\n","protected":false},"featured_media":0,"template":"","meta":{"_monsterinsights_skip_tracking":false,"_monsterinsights_sitenote_active":false,"_monsterinsights_sitenote_note":"","_monsterinsights_sitenote_category":0},"product_brand":[],"product_cat":[12291,13570],"product_tag":[],"class_list":{"0":"post-701273","1":"product","2":"type-product","3":"status-publish","5":"product_cat-edebiyat","6":"product_cat-rus-edebiyati","7":"pa_cilt-ciltsiz","8":"pa_tur-kitap","9":"pa_yayinevi-can-yayinlari","10":"pa_yazar-ivan-sergeyevic-turgenyev","12":"first","13":"instock","14":"sale","15":"shipping-taxable","16":"purchasable","17":"product-type-simple"},"_links":{"self":[{"href":"https:\/\/roveyayinevi.com.tr\/index.php\/wp-json\/wp\/v2\/product\/701273","targetHints":{"allow":["GET"]}}],"collection":[{"href":"https:\/\/roveyayinevi.com.tr\/index.php\/wp-json\/wp\/v2\/product"}],"about":[{"href":"https:\/\/roveyayinevi.com.tr\/index.php\/wp-json\/wp\/v2\/types\/product"}],"wp:attachment":[{"href":"https:\/\/roveyayinevi.com.tr\/index.php\/wp-json\/wp\/v2\/media?parent=701273"}],"wp:term":[{"taxonomy":"product_brand","embeddable":true,"href":"https:\/\/roveyayinevi.com.tr\/index.php\/wp-json\/wp\/v2\/product_brand?post=701273"},{"taxonomy":"product_cat","embeddable":true,"href":"https:\/\/roveyayinevi.com.tr\/index.php\/wp-json\/wp\/v2\/product_cat?post=701273"},{"taxonomy":"product_tag","embeddable":true,"href":"https:\/\/roveyayinevi.com.tr\/index.php\/wp-json\/wp\/v2\/product_tag?post=701273"}],"curies":[{"name":"wp","href":"https:\/\/api.w.org\/{rel}","templated":true}]}}