{"id":701270,"date":"2025-08-27T15:07:35","date_gmt":"2025-08-27T12:07:35","guid":{"rendered":"https:\/\/roveyayinevi.com.tr\/index.php\/urun\/sah-mahmet\/"},"modified":"2026-04-16T02:10:43","modified_gmt":"2026-04-15T23:10:43","slug":"sah-mahmet","status":"publish","type":"product","link":"https:\/\/roveyayinevi.com.tr\/index.php\/urun\/sah-mahmet\/","title":{"rendered":"\u015eah Mahmet"},"content":{"rendered":"<p>Kanl\u0131 bak\u0131\u015flar\u0131ndan korkup ka\u00e7acak delik arad\u0131\u011f\u0131m \u015eah Mahmet benim gelece\u011fimdi; b\u00fcy\u00fcy\u00fcnce benim de onunki gibi kan \u00e7ana\u011f\u0131 g\u00f6zlerim, g\u00fcld\u00fck\u00e7e parlayan alt\u0131n di\u015flerim, ku\u015fa\u011f\u0131m\u0131n aras\u0131ndan g\u00f6r\u00fcnen tabancam, yast\u0131\u011f\u0131m\u0131n alt\u0131na yerle\u015ftirmeden yata\u011fa girmedi\u011fim dua i\u015flemeli kamam olacakt\u0131&#8230; Ben de \u00e7\u00f6p sokup di\u015flerimi kar\u0131\u015ft\u0131racak, dilimi di\u015flerime de\u011fdirip c\u0131yk c\u0131yk edecektim&#8230; \u015eah Mahmet\u2019in \u00f6yk\u00fcs\u00fc anlat\u0131ld\u0131k\u00e7a i\u00e7imdeki ona ula\u015f\u0131lmazl\u0131k duygusu daha da derinle\u015fiyordu. <\/p>\n","protected":false},"excerpt":{"rendered":"<p>Kanl\u0131 bak\u0131\u015flar\u0131ndan korkup ka\u00e7acak delik arad\u0131\u011f\u0131m \u015eah Mahmet benim gelece\u011fimdi; b\u00fcy\u00fcy\u00fcnce benim de onunki gibi kan \u00e7ana\u011f\u0131 g\u00f6zlerim, g\u00fcld\u00fck\u00e7e parlayan alt\u0131n di\u015flerim, ku\u015fa\u011f\u0131m\u0131n aras\u0131ndan g\u00f6r\u00fcnen tabancam,<span class=\"excerpt-hellip\"> [\u2026]<\/span><\/p>\n","protected":false},"featured_media":0,"template":"","meta":{"_monsterinsights_skip_tracking":false,"_monsterinsights_sitenote_active":false,"_monsterinsights_sitenote_note":"","_monsterinsights_sitenote_category":0},"product_brand":[],"product_cat":[12291,12745],"product_tag":[],"class_list":{"0":"post-701270","1":"product","2":"type-product","3":"status-publish","5":"product_cat-edebiyat","6":"product_cat-tarihi-roman","7":"pa_cilt-ciltsiz","8":"pa_tur-kitap","9":"pa_yayinevi-can-yayinlari","10":"pa_yazar-adnan-binyazar","12":"first","13":"instock","14":"sale","15":"shipping-taxable","16":"purchasable","17":"product-type-simple"},"_links":{"self":[{"href":"https:\/\/roveyayinevi.com.tr\/index.php\/wp-json\/wp\/v2\/product\/701270","targetHints":{"allow":["GET"]}}],"collection":[{"href":"https:\/\/roveyayinevi.com.tr\/index.php\/wp-json\/wp\/v2\/product"}],"about":[{"href":"https:\/\/roveyayinevi.com.tr\/index.php\/wp-json\/wp\/v2\/types\/product"}],"wp:attachment":[{"href":"https:\/\/roveyayinevi.com.tr\/index.php\/wp-json\/wp\/v2\/media?parent=701270"}],"wp:term":[{"taxonomy":"product_brand","embeddable":true,"href":"https:\/\/roveyayinevi.com.tr\/index.php\/wp-json\/wp\/v2\/product_brand?post=701270"},{"taxonomy":"product_cat","embeddable":true,"href":"https:\/\/roveyayinevi.com.tr\/index.php\/wp-json\/wp\/v2\/product_cat?post=701270"},{"taxonomy":"product_tag","embeddable":true,"href":"https:\/\/roveyayinevi.com.tr\/index.php\/wp-json\/wp\/v2\/product_tag?post=701270"}],"curies":[{"name":"wp","href":"https:\/\/api.w.org\/{rel}","templated":true}]}}