{"id":701265,"date":"2025-08-27T15:07:34","date_gmt":"2025-08-27T12:07:34","guid":{"rendered":"https:\/\/roveyayinevi.com.tr\/index.php\/urun\/ser-saati\/"},"modified":"2026-04-16T02:10:43","modified_gmt":"2026-04-15T23:10:43","slug":"ser-saati","status":"publish","type":"product","link":"https:\/\/roveyayinevi.com.tr\/index.php\/urun\/ser-saati\/","title":{"rendered":"\u015eer Saati"},"content":{"rendered":"<p>Ad\u0131 belirsiz bir G\u00fcney Amerika \u00fclkesinin ad\u0131 belirsiz bir kasabas\u0131nda ya\u011f\u0131\u015fl\u0131, bunalt\u0131c\u0131 bir sonbahar. S\u0131cak dayan\u0131l\u0131r gibi de\u011fil, ya\u011fmur bardaktan bo\u015fan\u0131rcas\u0131na ya\u011f\u0131yor, fareler kilisenin temellerini kemiriyorlar ve kasaba halk\u0131 bir diktat\u00f6rl\u00fc\u011f\u00fcn boyundu\u011furunda inim inim inliyor. Bu sefil \u00fclkede de\u011fi\u015fen bir tek h\u00fck\u00fcmetler, onlarda \u00e7ok s\u0131k ve kan d\u00f6k\u00fclerek de\u011fi\u015fiyor. Sonra bir g\u00fcn, kasaban\u0131n dulu Monteil\u2019in \u00e7ok \u00f6nceden \u00f6ng\u00f6rd\u00fc\u011f\u00fc tuhaf bir olay ya\u015fan\u0131yor. Ama bir delinin kehanetine kim inan\u0131r ki? Birisi geceyar\u0131s\u0131 kasabal\u0131lar\u0131n kap\u0131s\u0131na fitne dolu yak\u0131\u015ft\u0131rmalar asmaya ba\u015flar. Ard\u0131ndan biri vurulur. Polis \u015fefi de olan belediye ba\u015fkan\u0131 i\u015fi a\u011f\u0131rdan al\u0131r&#8230; Gabriel Garcia Marquez\u2019in bir solukta okunan, mizah ve ele\u015ftiri y\u00fckl\u00fc k\u0131sa roman\u0131 \u015eer Saati, ku\u015fkular, s\u0131rlar, yolsuzluklar, ikiy\u00fczl\u00fcl\u00fckler ve su\u00e7lar\u0131n bir \u00e7\u0131ban gibi ba\u015f verip kan ve irin sa\u00e7t\u0131\u011f\u0131 o \u015fer saatleri ni anlat\u0131yor. <\/p>\n","protected":false},"excerpt":{"rendered":"<p>Ad\u0131 belirsiz bir G\u00fcney Amerika \u00fclkesinin ad\u0131 belirsiz bir kasabas\u0131nda ya\u011f\u0131\u015fl\u0131, bunalt\u0131c\u0131 bir sonbahar. S\u0131cak dayan\u0131l\u0131r gibi de\u011fil, ya\u011fmur bardaktan bo\u015fan\u0131rcas\u0131na ya\u011f\u0131yor, fareler kilisenin temellerini kemiriyorlar<span class=\"excerpt-hellip\"> [\u2026]<\/span><\/p>\n","protected":false},"featured_media":0,"template":"","meta":{"_monsterinsights_skip_tracking":false,"_monsterinsights_sitenote_active":false,"_monsterinsights_sitenote_note":"","_monsterinsights_sitenote_category":0},"product_brand":[],"product_cat":[12291,13113],"product_tag":[],"class_list":{"0":"post-701265","1":"product","2":"type-product","3":"status-publish","5":"product_cat-edebiyat","6":"product_cat-ispanyol-edebiyati","7":"pa_cilt-ciltsiz","8":"pa_tur-kitap","9":"pa_yayinevi-can-yayinlari","10":"pa_yazar-gabriel-garcia-marquez","12":"first","13":"instock","14":"sale","15":"shipping-taxable","16":"purchasable","17":"product-type-simple"},"_links":{"self":[{"href":"https:\/\/roveyayinevi.com.tr\/index.php\/wp-json\/wp\/v2\/product\/701265","targetHints":{"allow":["GET"]}}],"collection":[{"href":"https:\/\/roveyayinevi.com.tr\/index.php\/wp-json\/wp\/v2\/product"}],"about":[{"href":"https:\/\/roveyayinevi.com.tr\/index.php\/wp-json\/wp\/v2\/types\/product"}],"wp:attachment":[{"href":"https:\/\/roveyayinevi.com.tr\/index.php\/wp-json\/wp\/v2\/media?parent=701265"}],"wp:term":[{"taxonomy":"product_brand","embeddable":true,"href":"https:\/\/roveyayinevi.com.tr\/index.php\/wp-json\/wp\/v2\/product_brand?post=701265"},{"taxonomy":"product_cat","embeddable":true,"href":"https:\/\/roveyayinevi.com.tr\/index.php\/wp-json\/wp\/v2\/product_cat?post=701265"},{"taxonomy":"product_tag","embeddable":true,"href":"https:\/\/roveyayinevi.com.tr\/index.php\/wp-json\/wp\/v2\/product_tag?post=701265"}],"curies":[{"name":"wp","href":"https:\/\/api.w.org\/{rel}","templated":true}]}}