{"id":701260,"date":"2025-08-27T15:07:32","date_gmt":"2025-08-27T12:07:32","guid":{"rendered":"https:\/\/roveyayinevi.com.tr\/index.php\/urun\/bomba-primo-turk-cocugu-nakarat-hurriyet-bayraklari\/"},"modified":"2026-04-16T02:10:43","modified_gmt":"2026-04-15T23:10:43","slug":"bomba-primo-turk-cocugu-nakarat-hurriyet-bayraklari","status":"publish","type":"product","link":"https:\/\/roveyayinevi.com.tr\/index.php\/urun\/bomba-primo-turk-cocugu-nakarat-hurriyet-bayraklari\/","title":{"rendered":"Bomba &#8211; Primo T\u00fcrk \u00c7ocu\u011fu &#8211; Nakarat &#8211; H\u00fcrriyet Bayraklar\u0131"},"content":{"rendered":"<p>\u00c7a\u011fda\u015f T\u00fcrk edebiyat\u0131n\u0131n \u00f6nc\u00fclerinden olan \u00d6mer Seyfettin ya\u015f\u0131tlar\u0131 gibi \u00e7al\u0131\u015fmalar\u0131n\u0131 roman \u00fczerinde de\u011fil, kendisine daha yak\u0131n buldu\u011fu k\u00fc\u00e7\u00fck hikaye t\u00fcr\u00fc \u00fczerinde yo\u011funla\u015ft\u0131rm\u0131\u015f, bir yandan \u00e7a\u011fda\u015f T\u00fcrk hikayecili\u011finin ana temellerini atarken, bir yandan da \u00f6z\u00fc ve anlat\u0131m\u0131yla son derece ki\u015fisel bir hikaye evreni kurmay\u0131 ba\u015farm\u0131\u015ft\u0131r. &#8220;Bomba&#8221; \u00d6mer Seyfettin&#8217;in hikaye kitaplar\u0131 aras\u0131nda, g\u00f6rd\u00fc\u011f\u00fc ilgi bak\u0131m\u0131ndan, en ba\u015fta gelenlerinden biridir. Bu kitapta \u00d6mer Seyfettin&#8217;in s\u0131n\u0131r boyu hikayeleri bir araya getirilmi\u015ftir. Bunlardan &#8220;Primo T\u00fcrk \u00c7ocu\u011fu&#8221; adl\u0131 uzun hikayenin bug\u00fcne de\u011fin hi\u00e7bir kitaba girmeyen son alt\u0131 tefrikas\u0131 yay\u0131nevimizce bulunup derlenerek edebiyat d\u00fcnyam\u0131za sunulmu\u015ftur.<\/p>\n","protected":false},"excerpt":{"rendered":"<p>\u00c7a\u011fda\u015f T\u00fcrk edebiyat\u0131n\u0131n \u00f6nc\u00fclerinden olan \u00d6mer Seyfettin ya\u015f\u0131tlar\u0131 gibi \u00e7al\u0131\u015fmalar\u0131n\u0131 roman \u00fczerinde de\u011fil, kendisine daha yak\u0131n buldu\u011fu k\u00fc\u00e7\u00fck hikaye t\u00fcr\u00fc \u00fczerinde yo\u011funla\u015ft\u0131rm\u0131\u015f, bir yandan \u00e7a\u011fda\u015f T\u00fcrk<span class=\"excerpt-hellip\"> [\u2026]<\/span><\/p>\n","protected":false},"featured_media":0,"template":"","meta":{"_monsterinsights_skip_tracking":false,"_monsterinsights_sitenote_active":false,"_monsterinsights_sitenote_note":"","_monsterinsights_sitenote_category":0},"product_brand":[],"product_cat":[12291,12292],"product_tag":[],"class_list":{"0":"post-701260","1":"product","2":"type-product","3":"status-publish","5":"product_cat-edebiyat","6":"product_cat-turk-edebiyati","7":"pa_cilt-ciltsiz","8":"pa_tur-kitap","9":"pa_yayinevi-bilgi-yayinevi","10":"pa_yazar-omer-seyfettin","12":"first","13":"instock","14":"sale","15":"shipping-taxable","16":"purchasable","17":"product-type-simple"},"_links":{"self":[{"href":"https:\/\/roveyayinevi.com.tr\/index.php\/wp-json\/wp\/v2\/product\/701260","targetHints":{"allow":["GET"]}}],"collection":[{"href":"https:\/\/roveyayinevi.com.tr\/index.php\/wp-json\/wp\/v2\/product"}],"about":[{"href":"https:\/\/roveyayinevi.com.tr\/index.php\/wp-json\/wp\/v2\/types\/product"}],"wp:attachment":[{"href":"https:\/\/roveyayinevi.com.tr\/index.php\/wp-json\/wp\/v2\/media?parent=701260"}],"wp:term":[{"taxonomy":"product_brand","embeddable":true,"href":"https:\/\/roveyayinevi.com.tr\/index.php\/wp-json\/wp\/v2\/product_brand?post=701260"},{"taxonomy":"product_cat","embeddable":true,"href":"https:\/\/roveyayinevi.com.tr\/index.php\/wp-json\/wp\/v2\/product_cat?post=701260"},{"taxonomy":"product_tag","embeddable":true,"href":"https:\/\/roveyayinevi.com.tr\/index.php\/wp-json\/wp\/v2\/product_tag?post=701260"}],"curies":[{"name":"wp","href":"https:\/\/api.w.org\/{rel}","templated":true}]}}