{"id":701255,"date":"2025-08-27T15:07:31","date_gmt":"2025-08-27T12:07:31","guid":{"rendered":"https:\/\/roveyayinevi.com.tr\/index.php\/urun\/neseli-boyama-3\/"},"modified":"2026-04-16T02:10:43","modified_gmt":"2026-04-15T23:10:43","slug":"neseli-boyama-3","status":"publish","type":"product","link":"https:\/\/roveyayinevi.com.tr\/index.php\/urun\/neseli-boyama-3\/","title":{"rendered":"Ne\u015feli Boyama 3"},"content":{"rendered":"<p>NE\u015eEL\u0130 BOYAMA Dizimizin 3. Kitab\u0131, 4+ ya\u015f grubu \u00e7ocuklar\u0131m\u0131z i\u00e7in haz\u0131rland\u0131. Ressam\u0131m\u0131z \u015e\u00fckran K\u0131rc\u0131, hem gelece\u011fin yetenekli ressamlar\u0131na boya kalemleriyle harikalar yaratmak olana\u011f\u0131 tan\u0131yor hem de ola\u011fan\u00fcst\u00fc \u00e7izgileriyle \u00e7ocuklar\u0131m\u0131z\u0131n d\u00fc\u015f d\u00fcnyalar\u0131n\u0131n geli\u015fmesine yard\u0131mc\u0131 oluyor.\ufffc<\/p>\n","protected":false},"excerpt":{"rendered":"<p>NE\u015eEL\u0130 BOYAMA Dizimizin 3. Kitab\u0131, 4+ ya\u015f grubu \u00e7ocuklar\u0131m\u0131z i\u00e7in haz\u0131rland\u0131. Ressam\u0131m\u0131z \u015e\u00fckran K\u0131rc\u0131, hem gelece\u011fin yetenekli ressamlar\u0131na boya kalemleriyle harikalar yaratmak olana\u011f\u0131 tan\u0131yor hem de<span class=\"excerpt-hellip\"> [\u2026]<\/span><\/p>\n","protected":false},"featured_media":0,"template":"","meta":{"_monsterinsights_skip_tracking":false,"_monsterinsights_sitenote_active":false,"_monsterinsights_sitenote_note":"","_monsterinsights_sitenote_category":0},"product_brand":[],"product_cat":[12274,12649],"product_tag":[],"class_list":{"0":"post-701255","1":"product","2":"type-product","3":"status-publish","5":"product_cat-cocuk-ve-genclik-kitaplari","6":"product_cat-hobi-muzik","7":"pa_cilt-ciltsiz","8":"pa_tur-kitap","9":"pa_yayinevi-bilgi-yayinevi-boyama-kitaplari","10":"pa_yazar-kolektif","12":"first","13":"instock","14":"sale","15":"shipping-taxable","16":"purchasable","17":"product-type-simple"},"_links":{"self":[{"href":"https:\/\/roveyayinevi.com.tr\/index.php\/wp-json\/wp\/v2\/product\/701255","targetHints":{"allow":["GET"]}}],"collection":[{"href":"https:\/\/roveyayinevi.com.tr\/index.php\/wp-json\/wp\/v2\/product"}],"about":[{"href":"https:\/\/roveyayinevi.com.tr\/index.php\/wp-json\/wp\/v2\/types\/product"}],"wp:attachment":[{"href":"https:\/\/roveyayinevi.com.tr\/index.php\/wp-json\/wp\/v2\/media?parent=701255"}],"wp:term":[{"taxonomy":"product_brand","embeddable":true,"href":"https:\/\/roveyayinevi.com.tr\/index.php\/wp-json\/wp\/v2\/product_brand?post=701255"},{"taxonomy":"product_cat","embeddable":true,"href":"https:\/\/roveyayinevi.com.tr\/index.php\/wp-json\/wp\/v2\/product_cat?post=701255"},{"taxonomy":"product_tag","embeddable":true,"href":"https:\/\/roveyayinevi.com.tr\/index.php\/wp-json\/wp\/v2\/product_tag?post=701255"}],"curies":[{"name":"wp","href":"https:\/\/api.w.org\/{rel}","templated":true}]}}