{"id":701254,"date":"2025-08-27T15:07:30","date_gmt":"2025-08-27T12:07:30","guid":{"rendered":"https:\/\/roveyayinevi.com.tr\/index.php\/urun\/balonla-bes-hafta-2\/"},"modified":"2026-04-16T02:10:43","modified_gmt":"2026-04-15T23:10:43","slug":"balonla-bes-hafta-2","status":"publish","type":"product","link":"https:\/\/roveyayinevi.com.tr\/index.php\/urun\/balonla-bes-hafta-2\/","title":{"rendered":"Balonla Be\u015f Hafta"},"content":{"rendered":"<p>\u00c7o\u011fu, o saatlerde Londra Co\u011frafyac\u0131lar Birli\u011fin&#8217;deki toplant\u0131dan haberli de\u011fildi. O, pek so\u011fuk 1862 y\u0131l\u0131n\u0131n 14 Ocak g\u00fcn\u00fc, \u00f6\u011fleden sonra saat ikiye geldi\u011finde kocaman salonda ayakta duracak yer kalmam\u0131\u015ft\u0131.  Ba\u015fkan, k\u00fcrs\u00fcye \u00e7\u0131k\u0131p toplant\u0131n\u0131n ba\u015flad\u0131\u011f\u0131n\u0131 bildirince, heyecan b\u00fcsb\u00fct\u00fcn artt\u0131. Ba\u015fkan, \u015fimdiye dek, ke\u015fiflerin insanl\u0131\u011fa sa\u011flad\u0131\u011f\u0131 yararlar\u0131 uzun uzun anlatt\u0131ktan sonra, bu ke\u015fiflerde \u0130ngiliz co\u011frafyac\u0131lar\u0131n\u0131n \u00f6nemli katk\u0131lar\u0131 oldu\u011funu belirtti. Sonra \u00e7\u0131t \u00e7\u0131kmayan salondaki kalabal\u0131\u011fa bakarak, konu\u015fmas\u0131n\u0131 s\u00fcrd\u00fcrd\u00fc:  &#8220;-\u015eimdi burada, ilgin\u00e7 ve e\u015fsiz bir yolculu\u011fu kutlamak i\u00e7in topland\u0131k. Bu geziyi, \u00fclkemizin onurlu \u00e7ocu\u011fu Doktor Samuel Ferguson b\u00fcy\u00fck bir \u00f6zveriyle \u00fcstlenmi\u015ftir. Doktor Ferguson bug\u00fcne dek, Afrika k\u0131tas\u0131 \u00fczerine edindi\u011fimiz da\u011f\u0131n\u0131k bilgilerden de yararlanarak, bu gizemli k\u0131ta ile ilgili yeni bilgileri toplamak i\u00e7in \u00e7etin bir geziye haz\u0131rlan\u0131yor. &#8220;\ufffc<\/p>\n","protected":false},"excerpt":{"rendered":"<p>\u00c7o\u011fu, o saatlerde Londra Co\u011frafyac\u0131lar Birli\u011fin&#8217;deki toplant\u0131dan haberli de\u011fildi. O, pek so\u011fuk 1862 y\u0131l\u0131n\u0131n 14 Ocak g\u00fcn\u00fc, \u00f6\u011fleden sonra saat ikiye geldi\u011finde kocaman salonda ayakta duracak<span class=\"excerpt-hellip\"> [\u2026]<\/span><\/p>\n","protected":false},"featured_media":0,"template":"","meta":{"_monsterinsights_skip_tracking":false,"_monsterinsights_sitenote_active":false,"_monsterinsights_sitenote_note":"","_monsterinsights_sitenote_category":0},"product_brand":[],"product_cat":[12274,12284],"product_tag":[],"class_list":{"0":"post-701254","1":"product","2":"type-product","3":"status-publish","5":"product_cat-cocuk-ve-genclik-kitaplari","6":"product_cat-hikayeler","7":"pa_cilt-ciltsiz","8":"pa_tur-kitap","9":"pa_yayinevi-bilgi-yayinevi-cocuk","10":"pa_yazar-jules-verne","12":"first","13":"instock","14":"sale","15":"shipping-taxable","16":"purchasable","17":"product-type-simple"},"_links":{"self":[{"href":"https:\/\/roveyayinevi.com.tr\/index.php\/wp-json\/wp\/v2\/product\/701254","targetHints":{"allow":["GET"]}}],"collection":[{"href":"https:\/\/roveyayinevi.com.tr\/index.php\/wp-json\/wp\/v2\/product"}],"about":[{"href":"https:\/\/roveyayinevi.com.tr\/index.php\/wp-json\/wp\/v2\/types\/product"}],"wp:attachment":[{"href":"https:\/\/roveyayinevi.com.tr\/index.php\/wp-json\/wp\/v2\/media?parent=701254"}],"wp:term":[{"taxonomy":"product_brand","embeddable":true,"href":"https:\/\/roveyayinevi.com.tr\/index.php\/wp-json\/wp\/v2\/product_brand?post=701254"},{"taxonomy":"product_cat","embeddable":true,"href":"https:\/\/roveyayinevi.com.tr\/index.php\/wp-json\/wp\/v2\/product_cat?post=701254"},{"taxonomy":"product_tag","embeddable":true,"href":"https:\/\/roveyayinevi.com.tr\/index.php\/wp-json\/wp\/v2\/product_tag?post=701254"}],"curies":[{"name":"wp","href":"https:\/\/api.w.org\/{rel}","templated":true}]}}