{"id":701244,"date":"2025-08-27T15:07:27","date_gmt":"2025-08-27T12:07:27","guid":{"rendered":"https:\/\/roveyayinevi.com.tr\/index.php\/urun\/milenaya-mektuplar-2\/"},"modified":"2026-04-16T02:10:42","modified_gmt":"2026-04-15T23:10:42","slug":"milenaya-mektuplar-2","status":"publish","type":"product","link":"https:\/\/roveyayinevi.com.tr\/index.php\/urun\/milenaya-mektuplar-2\/","title":{"rendered":"Milena\u2019ya Mektuplar"},"content":{"rendered":"<p>Kafka&#8217;n\u0131n Milena&#8217;ya Mektuplar&#8217;\u0131 ilk kez 1952&#8217;de yay\u0131mlanm\u0131\u015ft\u0131. O bask\u0131da, Kafka&#8217;n\u0131n kendisinin karalad\u0131\u011f\u0131 par\u00e7alar d\u0131\u015f\u0131nda, ki\u015filik haklar\u0131na sayg\u0131 nedeniyle de yay\u0131mlanmam\u0131\u015f par\u00e7alar bulunmaktayd\u0131. Ayr\u0131ca, mektuplar\u0131 bask\u0131ya haz\u0131rlayan Willy Haas, yay\u0131nc\u0131n\u0131n iste\u011fine uyarak, Yahudilikle ilgili bir par\u00e7ay\u0131 da kitaba almam\u0131\u015ft\u0131. \ufffcTan\u0131t\u0131m Metni<\/p>\n","protected":false},"excerpt":{"rendered":"<p>Kafka&#8217;n\u0131n Milena&#8217;ya Mektuplar&#8217;\u0131 ilk kez 1952&#8217;de yay\u0131mlanm\u0131\u015ft\u0131. O bask\u0131da, Kafka&#8217;n\u0131n kendisinin karalad\u0131\u011f\u0131 par\u00e7alar d\u0131\u015f\u0131nda, ki\u015filik haklar\u0131na sayg\u0131 nedeniyle de yay\u0131mlanmam\u0131\u015f par\u00e7alar bulunmaktayd\u0131. Ayr\u0131ca, mektuplar\u0131 bask\u0131ya haz\u0131rlayan<span class=\"excerpt-hellip\"> [\u2026]<\/span><\/p>\n","protected":false},"featured_media":0,"template":"","meta":{"_monsterinsights_skip_tracking":false,"_monsterinsights_sitenote_active":false,"_monsterinsights_sitenote_note":"","_monsterinsights_sitenote_category":0},"product_brand":[],"product_cat":[12782,12291],"product_tag":[],"class_list":{"0":"post-701244","1":"product","2":"type-product","3":"status-publish","5":"product_cat-alman-edebiyati","6":"product_cat-edebiyat","7":"pa_cilt-ciltsiz","8":"pa_tur-kitap","9":"pa_yayinevi-cem-yayinevi","10":"pa_yazar-franz-kafka","12":"first","13":"instock","14":"sale","15":"shipping-taxable","16":"purchasable","17":"product-type-simple"},"_links":{"self":[{"href":"https:\/\/roveyayinevi.com.tr\/index.php\/wp-json\/wp\/v2\/product\/701244","targetHints":{"allow":["GET"]}}],"collection":[{"href":"https:\/\/roveyayinevi.com.tr\/index.php\/wp-json\/wp\/v2\/product"}],"about":[{"href":"https:\/\/roveyayinevi.com.tr\/index.php\/wp-json\/wp\/v2\/types\/product"}],"wp:attachment":[{"href":"https:\/\/roveyayinevi.com.tr\/index.php\/wp-json\/wp\/v2\/media?parent=701244"}],"wp:term":[{"taxonomy":"product_brand","embeddable":true,"href":"https:\/\/roveyayinevi.com.tr\/index.php\/wp-json\/wp\/v2\/product_brand?post=701244"},{"taxonomy":"product_cat","embeddable":true,"href":"https:\/\/roveyayinevi.com.tr\/index.php\/wp-json\/wp\/v2\/product_cat?post=701244"},{"taxonomy":"product_tag","embeddable":true,"href":"https:\/\/roveyayinevi.com.tr\/index.php\/wp-json\/wp\/v2\/product_tag?post=701244"}],"curies":[{"name":"wp","href":"https:\/\/api.w.org\/{rel}","templated":true}]}}