{"id":701243,"date":"2025-08-27T15:07:27","date_gmt":"2025-08-27T12:07:27","guid":{"rendered":"https:\/\/roveyayinevi.com.tr\/index.php\/urun\/ask-dalgasi-bahar-ve-kelebekler-ilk-dusen-ak\/"},"modified":"2026-04-16T02:10:42","modified_gmt":"2026-04-15T23:10:42","slug":"ask-dalgasi-bahar-ve-kelebekler-ilk-dusen-ak","status":"publish","type":"product","link":"https:\/\/roveyayinevi.com.tr\/index.php\/urun\/ask-dalgasi-bahar-ve-kelebekler-ilk-dusen-ak\/","title":{"rendered":"A\u015fk Dalgas\u0131 &#8211; Bahar ve Kelebekler &#8211; \u0130lk D\u00fc\u015fen Ak"},"content":{"rendered":"<p>\u00d6mer Seyfettin \/ B\u00fct\u00fcn Eserleri dizisinin dokuzuncu kitab\u0131 olan A\u015fk Dalgas\u0131&#8217;nda, yazar\u0131n, imparatorlu\u011fun son y\u0131llar\u0131ndaki \u0130stanbul ya\u015fant\u0131s\u0131 \u00fczerine yazd\u0131\u011f\u0131 hik\u00e2yeler bir araya toplanm\u0131\u015ft\u0131r. <\/p>\n","protected":false},"excerpt":{"rendered":"<p>\u00d6mer Seyfettin \/ B\u00fct\u00fcn Eserleri dizisinin dokuzuncu kitab\u0131 olan A\u015fk Dalgas\u0131&#8217;nda, yazar\u0131n, imparatorlu\u011fun son y\u0131llar\u0131ndaki \u0130stanbul ya\u015fant\u0131s\u0131 \u00fczerine yazd\u0131\u011f\u0131 hik\u00e2yeler bir araya toplanm\u0131\u015ft\u0131r.<\/p>\n","protected":false},"featured_media":0,"template":"","meta":{"_monsterinsights_skip_tracking":false,"_monsterinsights_sitenote_active":false,"_monsterinsights_sitenote_note":"","_monsterinsights_sitenote_category":0},"product_brand":[],"product_cat":[12291,12292],"product_tag":[],"class_list":{"0":"post-701243","1":"product","2":"type-product","3":"status-publish","5":"product_cat-edebiyat","6":"product_cat-turk-edebiyati","7":"pa_cilt-ciltsiz","8":"pa_tur-kitap","9":"pa_yayinevi-bilgi-yayinevi","10":"pa_yazar-omer-seyfettin","12":"first","13":"instock","14":"sale","15":"shipping-taxable","16":"purchasable","17":"product-type-simple"},"_links":{"self":[{"href":"https:\/\/roveyayinevi.com.tr\/index.php\/wp-json\/wp\/v2\/product\/701243","targetHints":{"allow":["GET"]}}],"collection":[{"href":"https:\/\/roveyayinevi.com.tr\/index.php\/wp-json\/wp\/v2\/product"}],"about":[{"href":"https:\/\/roveyayinevi.com.tr\/index.php\/wp-json\/wp\/v2\/types\/product"}],"wp:attachment":[{"href":"https:\/\/roveyayinevi.com.tr\/index.php\/wp-json\/wp\/v2\/media?parent=701243"}],"wp:term":[{"taxonomy":"product_brand","embeddable":true,"href":"https:\/\/roveyayinevi.com.tr\/index.php\/wp-json\/wp\/v2\/product_brand?post=701243"},{"taxonomy":"product_cat","embeddable":true,"href":"https:\/\/roveyayinevi.com.tr\/index.php\/wp-json\/wp\/v2\/product_cat?post=701243"},{"taxonomy":"product_tag","embeddable":true,"href":"https:\/\/roveyayinevi.com.tr\/index.php\/wp-json\/wp\/v2\/product_tag?post=701243"}],"curies":[{"name":"wp","href":"https:\/\/api.w.org\/{rel}","templated":true}]}}