{"id":701240,"date":"2025-08-27T15:07:26","date_gmt":"2025-08-27T12:07:26","guid":{"rendered":"https:\/\/roveyayinevi.com.tr\/index.php\/urun\/aycoregi-ve-denizyildizi\/"},"modified":"2026-04-16T02:10:42","modified_gmt":"2026-04-15T23:10:42","slug":"aycoregi-ve-denizyildizi","status":"publish","type":"product","link":"https:\/\/roveyayinevi.com.tr\/index.php\/urun\/aycoregi-ve-denizyildizi\/","title":{"rendered":"Ay\u00e7\u00f6re\u011fi ve Denizy\u0131ld\u0131z\u0131"},"content":{"rendered":"<p>K\u0131z Kulesi\u2019nin, Galata Kulesi\u2019yle ya\u015fad\u0131\u011f\u0131 bir gecelik a\u015fk sonras\u0131nda d\u00fcnyaya gelen bir \u00e7ocu\u011fu vard\u0131r!.. K\u0131z Kulesi, minarelerin bask\u0131s\u0131ndan korktu\u011fu i\u00e7in ayr\u0131lmak zorunda kal\u0131r \u00e7ocu\u011fundan. \u0130stanbul\u2019u terk ederken, babas\u0131 olan Galata Kulesi\u2019ne bir anl\u0131k d\u00f6n\u00fcp bakan, ama sevgi dolu bak\u0131\u015flar\u0131na hi\u00e7bir kar\u015f\u0131l\u0131k alamayan \u00e7ocuk Lizbon\u2019a yerle\u015fir&#8230; Ve orada, Bel\u00e9m Kulesi ad\u0131yla bilinir. 1513 y\u0131l\u0131nda, Lizbon liman\u0131n\u0131n savunulmas\u0131 amac\u0131yla yap\u0131lan Bel\u00e9m Kulesi, Afrika ve Hindistan\u2019a d\u00fczenlenen s\u00f6m\u00fcrge seferlerinin ba\u015flang\u0131\u00e7 yeri olur. Bu yap\u0131n\u0131n Galata Kulesi ile K\u0131z Kulesi\u2019nin gayrime\u015fru \u00e7ocu\u011fu oldu\u011fu iddiam\u0131z\u0131 g\u00fc\u00e7lendirmek i\u00e7in biraz daha bilgi verelim: K\u0131rk iki metre y\u00fcksekli\u011finde olan kule alt\u0131 katl\u0131d\u0131r ve giri\u015finde bir sarn\u0131\u00e7 bulunur. K\u0131z Kulesi\u2019nde de, biri i\u00e7erde, \u00f6b\u00fcr\u00fc d\u0131\u015farda olmak \u00fczere iki sarn\u0131\u00e7 oldu\u011fu bir\u00e7ok kaynakta yaz\u0131l\u0131d\u0131r. Bel\u00e9m Kulesi de, annesi ve babas\u0131 gibi hapishane olarak kullan\u0131l\u0131r. Kulede ya\u015fayan bir prensesin \u00fcz\u00fcm sepetinden \u00e7\u0131kan y\u0131lan taraf\u0131ndan sokularak \u00f6ld\u00fc\u011f\u00fc s\u00f6ylencesi de Lizbonlular\u0131n dilinde y\u0131llard\u0131r anlat\u0131l\u0131r. Ayn\u0131 efsane K\u0131z Kulesi i\u00e7in de s\u00f6ylenir. En \u00f6nemli delil ise kulenin g\u00f6r\u00fcn\u00fcm\u00fc ve bulundu\u011fu yerdir. Galata Kulesi\u2019ne benzeyen Bel\u00e9m Kulesi, k\u0131y\u0131ya \u00e7ok yak\u0131n olan kayal\u0131klar \u00fcst\u00fcne kuruludur. Yani, t\u0131pk\u0131 annesi olan K\u0131z Kulesi gibi!.. <\/p>\n","protected":false},"excerpt":{"rendered":"<p>K\u0131z Kulesi\u2019nin, Galata Kulesi\u2019yle ya\u015fad\u0131\u011f\u0131 bir gecelik a\u015fk sonras\u0131nda d\u00fcnyaya gelen bir \u00e7ocu\u011fu vard\u0131r!.. K\u0131z Kulesi, minarelerin bask\u0131s\u0131ndan korktu\u011fu i\u00e7in ayr\u0131lmak zorunda kal\u0131r \u00e7ocu\u011fundan. \u0130stanbul\u2019u terk<span class=\"excerpt-hellip\"> [\u2026]<\/span><\/p>\n","protected":false},"featured_media":0,"template":"","meta":{"_monsterinsights_skip_tracking":false,"_monsterinsights_sitenote_active":false,"_monsterinsights_sitenote_note":"","_monsterinsights_sitenote_category":0},"product_brand":[],"product_cat":[12291,12292],"product_tag":[],"class_list":{"0":"post-701240","1":"product","2":"type-product","3":"status-publish","5":"product_cat-edebiyat","6":"product_cat-turk-edebiyati","7":"pa_cilt-ciltsiz","8":"pa_tur-kitap","9":"pa_yayinevi-is-bankasi-kultur-yayinlari","10":"pa_yazar-sunay-akin","12":"first","13":"instock","14":"sale","15":"shipping-taxable","16":"purchasable","17":"product-type-simple"},"_links":{"self":[{"href":"https:\/\/roveyayinevi.com.tr\/index.php\/wp-json\/wp\/v2\/product\/701240","targetHints":{"allow":["GET"]}}],"collection":[{"href":"https:\/\/roveyayinevi.com.tr\/index.php\/wp-json\/wp\/v2\/product"}],"about":[{"href":"https:\/\/roveyayinevi.com.tr\/index.php\/wp-json\/wp\/v2\/types\/product"}],"wp:attachment":[{"href":"https:\/\/roveyayinevi.com.tr\/index.php\/wp-json\/wp\/v2\/media?parent=701240"}],"wp:term":[{"taxonomy":"product_brand","embeddable":true,"href":"https:\/\/roveyayinevi.com.tr\/index.php\/wp-json\/wp\/v2\/product_brand?post=701240"},{"taxonomy":"product_cat","embeddable":true,"href":"https:\/\/roveyayinevi.com.tr\/index.php\/wp-json\/wp\/v2\/product_cat?post=701240"},{"taxonomy":"product_tag","embeddable":true,"href":"https:\/\/roveyayinevi.com.tr\/index.php\/wp-json\/wp\/v2\/product_tag?post=701240"}],"curies":[{"name":"wp","href":"https:\/\/api.w.org\/{rel}","templated":true}]}}