{"id":701239,"date":"2025-08-27T15:07:25","date_gmt":"2025-08-27T12:07:25","guid":{"rendered":"https:\/\/roveyayinevi.com.tr\/index.php\/urun\/sato-3\/"},"modified":"2026-04-16T02:10:42","modified_gmt":"2026-04-15T23:10:42","slug":"sato-3","status":"publish","type":"product","link":"https:\/\/roveyayinevi.com.tr\/index.php\/urun\/sato-3\/","title":{"rendered":"\u015eato"},"content":{"rendered":"<p>Kafka \u015eato\u2019da, t\u0131pk\u0131 Dava\u2019da da oldu\u011fu gibi \u015feffafl\u0131ktan yoksun, i\u015flemeyen kurumlarla, otorite ve b\u00fcrokrasiyi hicveder. Esrarengiz bir kont, ona ait bir \u015fato; diktat\u00f6rce e\u011filimler g\u00f6steren, hiyerar\u015fi i\u00e7indeki \u00e7ok say\u0131da b\u00fcrokrat\u2026Roman, Avusturya-Macaristan \u0130mparatorlu\u011fu\u2019nun modern ulus devletlere ayr\u0131\u015fmas\u0131n\u0131n ertesinde yaz\u0131ld\u0131\u011f\u0131ndan, Kafka geleneksel otoritenin nas\u0131l bir d\u00fczene evrilece\u011fini sorguluyor olsa gerektir. Okur, roman\u0131n muammalar\u0131n\u0131 \u00e7\u00f6zmek i\u00e7in her t\u00fcrl\u00fc karma\u015fa, ikilem ve belirsizlik aras\u0131ndan yolunu bulmaya \u00e7al\u0131\u015faca\u011f\u0131 \u201caktif\u201d bir okumaya davetlidir.<\/p>\n","protected":false},"excerpt":{"rendered":"<p>Kafka \u015eato\u2019da, t\u0131pk\u0131 Dava\u2019da da oldu\u011fu gibi \u015feffafl\u0131ktan yoksun, i\u015flemeyen kurumlarla, otorite ve b\u00fcrokrasiyi hicveder. Esrarengiz bir kont, ona ait bir \u015fato; diktat\u00f6rce e\u011filimler g\u00f6steren, hiyerar\u015fi<span class=\"excerpt-hellip\"> [\u2026]<\/span><\/p>\n","protected":false},"featured_media":0,"template":"","meta":{"_monsterinsights_skip_tracking":false,"_monsterinsights_sitenote_active":false,"_monsterinsights_sitenote_note":"","_monsterinsights_sitenote_category":0},"product_brand":[],"product_cat":[12782,12291],"product_tag":[],"class_list":{"0":"post-701239","1":"product","2":"type-product","3":"status-publish","5":"product_cat-alman-edebiyati","6":"product_cat-edebiyat","7":"pa_cilt-ciltsiz","8":"pa_tur-kitap","9":"pa_yayinevi-is-bankasi-kultur-yayinlari","10":"pa_yazar-franz-kafka","12":"first","13":"instock","14":"sale","15":"shipping-taxable","16":"purchasable","17":"product-type-simple"},"_links":{"self":[{"href":"https:\/\/roveyayinevi.com.tr\/index.php\/wp-json\/wp\/v2\/product\/701239","targetHints":{"allow":["GET"]}}],"collection":[{"href":"https:\/\/roveyayinevi.com.tr\/index.php\/wp-json\/wp\/v2\/product"}],"about":[{"href":"https:\/\/roveyayinevi.com.tr\/index.php\/wp-json\/wp\/v2\/types\/product"}],"wp:attachment":[{"href":"https:\/\/roveyayinevi.com.tr\/index.php\/wp-json\/wp\/v2\/media?parent=701239"}],"wp:term":[{"taxonomy":"product_brand","embeddable":true,"href":"https:\/\/roveyayinevi.com.tr\/index.php\/wp-json\/wp\/v2\/product_brand?post=701239"},{"taxonomy":"product_cat","embeddable":true,"href":"https:\/\/roveyayinevi.com.tr\/index.php\/wp-json\/wp\/v2\/product_cat?post=701239"},{"taxonomy":"product_tag","embeddable":true,"href":"https:\/\/roveyayinevi.com.tr\/index.php\/wp-json\/wp\/v2\/product_tag?post=701239"}],"curies":[{"name":"wp","href":"https:\/\/api.w.org\/{rel}","templated":true}]}}