{"id":701238,"date":"2025-08-27T15:07:25","date_gmt":"2025-08-27T12:07:25","guid":{"rendered":"https:\/\/roveyayinevi.com.tr\/index.php\/urun\/tersi-ve-yuzu\/"},"modified":"2026-04-16T02:10:42","modified_gmt":"2026-04-15T23:10:42","slug":"tersi-ve-yuzu","status":"publish","type":"product","link":"https:\/\/roveyayinevi.com.tr\/index.php\/urun\/tersi-ve-yuzu\/","title":{"rendered":"Tersi ve Y\u00fcz\u00fc"},"content":{"rendered":"<p>Brice Parain, s\u0131k s\u0131k, yazd\u0131klar\u0131m\u0131n en iyisini bu k\u00fc\u00e7\u00fck kitab\u0131n i\u00e7erdi\u011fini ileri s\u00fcrer&#8230; Hay\u0131r, aldan\u0131yor, \u00e7\u00fcnk\u00fc deha bir yana b\u0131rak\u0131l\u0131rsa, insan yirmi iki ya\u015f\u0131nda yaz\u0131 yazmas\u0131n\u0131 pek bilemez. Ama Parain\u2019in s\u00f6ylemek istedi\u011fini anl\u0131yorum.Bu acemice sayfalarda, sonradan yazd\u0131klar\u0131mdakilerden daha \u00e7ok ger\u00e7ek a\u015fk bulundu\u011funu s\u00f6ylemek istiyor, haks\u0131z da de\u011fil&#8230; Bu sayfalar\u0131n yaz\u0131ld\u0131\u011f\u0131 zamandan beri, ya\u015fland\u0131m, \u00e7ok \u015feyler g\u00f6r\u00fcp ge\u00e7irdim. S\u0131n\u0131rlar\u0131m\u0131, sonra hemen hemen b\u00fct\u00fcn zay\u0131fl\u0131klar\u0131m\u0131 tan\u0131yarak kendi hakk\u0131mda bilgi edindim&#8230; Herkes gibi ben de d\u00fc\u015flerim baz\u0131 baz\u0131. Ama iki sakin melek onun e\u015fi\u011finden hi\u00e7bir zaman ge\u00e7irmediler beni; biri dostum y\u00fcz\u00fcn\u00fc g\u00f6sterir, \u00f6b\u00fcr\u00fc d\u00fc\u015fman\u0131n surat\u0131n\u0131. Evet, b\u00fct\u00fcn bunlar\u0131 biliyorum, a\u015fk\u0131n neye patlad\u0131\u011f\u0131n\u0131 da \u00f6\u011frendim ya da a\u015fa\u011f\u0131 yukar\u0131. Ama ya\u015fam\u0131n kendisi hakk\u0131nda, Tersi ve Y\u00fcz\u00fc nde acemice s\u00f6ylenenden daha fazlas\u0131n\u0131 bilmiyorum.<\/p>\n","protected":false},"excerpt":{"rendered":"<p>Brice Parain, s\u0131k s\u0131k, yazd\u0131klar\u0131m\u0131n en iyisini bu k\u00fc\u00e7\u00fck kitab\u0131n i\u00e7erdi\u011fini ileri s\u00fcrer&#8230; Hay\u0131r, aldan\u0131yor, \u00e7\u00fcnk\u00fc deha bir yana b\u0131rak\u0131l\u0131rsa, insan yirmi iki ya\u015f\u0131nda yaz\u0131 yazmas\u0131n\u0131<span class=\"excerpt-hellip\"> [\u2026]<\/span><\/p>\n","protected":false},"featured_media":0,"template":"","meta":{"_monsterinsights_skip_tracking":false,"_monsterinsights_sitenote_active":false,"_monsterinsights_sitenote_note":"","_monsterinsights_sitenote_category":0},"product_brand":[],"product_cat":[12777,12291],"product_tag":[],"class_list":{"0":"post-701238","1":"product","2":"type-product","3":"status-publish","5":"product_cat-deneme","6":"product_cat-edebiyat","7":"pa_cilt-ciltsiz","8":"pa_tur-kitap","9":"pa_yayinevi-can-yayinlari","10":"pa_yazar-albert-camus","12":"first","13":"instock","14":"sale","15":"shipping-taxable","16":"purchasable","17":"product-type-simple"},"_links":{"self":[{"href":"https:\/\/roveyayinevi.com.tr\/index.php\/wp-json\/wp\/v2\/product\/701238","targetHints":{"allow":["GET"]}}],"collection":[{"href":"https:\/\/roveyayinevi.com.tr\/index.php\/wp-json\/wp\/v2\/product"}],"about":[{"href":"https:\/\/roveyayinevi.com.tr\/index.php\/wp-json\/wp\/v2\/types\/product"}],"wp:attachment":[{"href":"https:\/\/roveyayinevi.com.tr\/index.php\/wp-json\/wp\/v2\/media?parent=701238"}],"wp:term":[{"taxonomy":"product_brand","embeddable":true,"href":"https:\/\/roveyayinevi.com.tr\/index.php\/wp-json\/wp\/v2\/product_brand?post=701238"},{"taxonomy":"product_cat","embeddable":true,"href":"https:\/\/roveyayinevi.com.tr\/index.php\/wp-json\/wp\/v2\/product_cat?post=701238"},{"taxonomy":"product_tag","embeddable":true,"href":"https:\/\/roveyayinevi.com.tr\/index.php\/wp-json\/wp\/v2\/product_tag?post=701238"}],"curies":[{"name":"wp","href":"https:\/\/api.w.org\/{rel}","templated":true}]}}