{"id":701237,"date":"2025-08-27T15:07:25","date_gmt":"2025-08-27T12:07:25","guid":{"rendered":"https:\/\/roveyayinevi.com.tr\/index.php\/urun\/candide-ya-da-iyimserlik\/"},"modified":"2026-04-08T02:13:59","modified_gmt":"2026-04-07T23:13:59","slug":"candide-ya-da-iyimserlik","status":"publish","type":"product","link":"https:\/\/roveyayinevi.com.tr\/index.php\/urun\/candide-ya-da-iyimserlik\/","title":{"rendered":"Candide ya da \u0130yimserlik"},"content":{"rendered":"<p>Ayd\u0131nlanma d\u00f6neminin en etkin yazar\u0131 Voltaire, feslefeden \u015fiire, oradan masala kadar \u00e7e\u015fitli k\u00fclt\u00fcrel \u00fcr\u00fcnler vermi\u015f, insanl\u0131\u011f\u0131n daha ayd\u0131nl\u0131k bir yol almas\u0131nda \u00f6nemli bir rol oynam\u0131\u015ft\u0131r. Onun t\u00fcm kavgas\u0131, dogmatik ve \u00f6nyarg\u0131l\u0131 inan\u00e7lar\u0131n geri plana itilmesi, insan d\u00fc\u015f\u00fcncesinin \u00f6ne \u00e7\u0131kmas\u0131d\u0131r. Candide, onun en \u00f6nemli ve g\u00fcn\u00fcm\u00fczde en \u00e7ok sevilen yap\u0131t\u0131d\u0131r. Candide, ilk gen\u00e7lik y\u0131llar\u0131nda daha iyi bir ya\u015fam bulmak i\u00e7in d\u00fcnyay\u0131 dola\u015fmaya \u00e7\u0131kar. Do\u011fal y\u0131k\u0131mlar ve insanlar\u0131n k\u00f6t\u00fc davran\u0131\u015flar\u0131 onun pe\u015fini b\u0131rakmaz. Ama o insan akl\u0131na ve \u00e7al\u0131\u015fma yetene\u011fine olan g\u00fcvenini yitirmez. Sonunda bir T\u00fcrk bah\u00e7\u0131van\u0131n tavsiyesine uyarak kendi bah\u00e7esini ekip bi\u00e7meye ba\u015flar. Biz bu g\u00fczel eseri Sylvia Leoni&#8217;nin giri\u015f yaz\u0131s\u0131 ve H\u00fcsen Portakal&#8217;\u0131n tan\u0131t\u0131m yaz\u0131s\u0131yla sunuyoruz. \ufffcTan\u0131t\u0131m Metni<\/p>\n","protected":false},"excerpt":{"rendered":"<p>Ayd\u0131nlanma d\u00f6neminin en etkin yazar\u0131 Voltaire, feslefeden \u015fiire, oradan masala kadar \u00e7e\u015fitli k\u00fclt\u00fcrel \u00fcr\u00fcnler vermi\u015f, insanl\u0131\u011f\u0131n daha ayd\u0131nl\u0131k bir yol almas\u0131nda \u00f6nemli bir rol oynam\u0131\u015ft\u0131r. Onun<span class=\"excerpt-hellip\"> [\u2026]<\/span><\/p>\n","protected":false},"featured_media":0,"template":"","meta":{"_monsterinsights_skip_tracking":false,"_monsterinsights_sitenote_active":false,"_monsterinsights_sitenote_note":"","_monsterinsights_sitenote_category":0},"product_brand":[],"product_cat":[12388,15309],"product_tag":[],"class_list":{"0":"post-701237","1":"product","2":"type-product","3":"status-publish","5":"product_cat-felsefe","6":"product_cat-felsefi-akimlar","7":"pa_cilt-ciltsiz","8":"pa_tur-kitap","9":"pa_yayinevi-cem-yayinevi","10":"pa_yazar-voltaire","12":"first","13":"instock","14":"sale","15":"shipping-taxable","16":"purchasable","17":"product-type-simple"},"_links":{"self":[{"href":"https:\/\/roveyayinevi.com.tr\/index.php\/wp-json\/wp\/v2\/product\/701237","targetHints":{"allow":["GET"]}}],"collection":[{"href":"https:\/\/roveyayinevi.com.tr\/index.php\/wp-json\/wp\/v2\/product"}],"about":[{"href":"https:\/\/roveyayinevi.com.tr\/index.php\/wp-json\/wp\/v2\/types\/product"}],"wp:attachment":[{"href":"https:\/\/roveyayinevi.com.tr\/index.php\/wp-json\/wp\/v2\/media?parent=701237"}],"wp:term":[{"taxonomy":"product_brand","embeddable":true,"href":"https:\/\/roveyayinevi.com.tr\/index.php\/wp-json\/wp\/v2\/product_brand?post=701237"},{"taxonomy":"product_cat","embeddable":true,"href":"https:\/\/roveyayinevi.com.tr\/index.php\/wp-json\/wp\/v2\/product_cat?post=701237"},{"taxonomy":"product_tag","embeddable":true,"href":"https:\/\/roveyayinevi.com.tr\/index.php\/wp-json\/wp\/v2\/product_tag?post=701237"}],"curies":[{"name":"wp","href":"https:\/\/api.w.org\/{rel}","templated":true}]}}