{"id":701232,"date":"2025-08-27T15:06:33","date_gmt":"2025-08-27T12:06:33","guid":{"rendered":"https:\/\/roveyayinevi.com.tr\/index.php\/urun\/bir-savasin-tasviri\/"},"modified":"2026-04-16T02:10:42","modified_gmt":"2026-04-15T23:10:42","slug":"bir-savasin-tasviri","status":"publish","type":"product","link":"https:\/\/roveyayinevi.com.tr\/index.php\/urun\/bir-savasin-tasviri\/","title":{"rendered":"Bir Sava\u015f\u0131n Tasviri"},"content":{"rendered":"<p>Cem Yay\u0131nevi, \u00e7a\u011f\u0131m\u0131z\u0131n b\u00fcy\u00fck yazarlar\u0131ndan Kafka&#8217;n\u0131n b\u00fct\u00fcn eserlerini, K\u00e2muran \u015eipal&#8217;in T\u00fcrk\u00e7esiyle yay\u0131nlamaktad\u0131r. B\u00fct\u00fcn Eserler&#8217;de Hikayeler , Ta\u015frada D\u00fc\u011f\u00fcn Haz\u0131rl\u0131klar\u0131 , Dava , \u015eato , Kay\u0131p (Amerika) , De\u011fi\u015fim , Ottla&#8217;ya ve Ailesine Mektuplar , G\u00fcnl\u00fckler , Babama Mektup ve elinizdeki, bizi yeni bir Kafka ile bulu\u015fturan Bir Sava\u015f\u0131n Tasviri yer almaktad\u0131r. \ufffc<\/p>\n","protected":false},"excerpt":{"rendered":"<p>Cem Yay\u0131nevi, \u00e7a\u011f\u0131m\u0131z\u0131n b\u00fcy\u00fck yazarlar\u0131ndan Kafka&#8217;n\u0131n b\u00fct\u00fcn eserlerini, K\u00e2muran \u015eipal&#8217;in T\u00fcrk\u00e7esiyle yay\u0131nlamaktad\u0131r. B\u00fct\u00fcn Eserler&#8217;de Hikayeler , Ta\u015frada D\u00fc\u011f\u00fcn Haz\u0131rl\u0131klar\u0131 , Dava , \u015eato , Kay\u0131p (Amerika)<span class=\"excerpt-hellip\"> [\u2026]<\/span><\/p>\n","protected":false},"featured_media":0,"template":"","meta":{"_monsterinsights_skip_tracking":false,"_monsterinsights_sitenote_active":false,"_monsterinsights_sitenote_note":"","_monsterinsights_sitenote_category":0},"product_brand":[],"product_cat":[12782,12291],"product_tag":[],"class_list":{"0":"post-701232","1":"product","2":"type-product","3":"status-publish","5":"product_cat-alman-edebiyati","6":"product_cat-edebiyat","7":"pa_cilt-ciltsiz","8":"pa_tur-kitap","9":"pa_yayinevi-cem-yayinevi","10":"pa_yazar-franz-kafka","12":"first","13":"instock","14":"sale","15":"shipping-taxable","16":"purchasable","17":"product-type-simple"},"_links":{"self":[{"href":"https:\/\/roveyayinevi.com.tr\/index.php\/wp-json\/wp\/v2\/product\/701232","targetHints":{"allow":["GET"]}}],"collection":[{"href":"https:\/\/roveyayinevi.com.tr\/index.php\/wp-json\/wp\/v2\/product"}],"about":[{"href":"https:\/\/roveyayinevi.com.tr\/index.php\/wp-json\/wp\/v2\/types\/product"}],"wp:attachment":[{"href":"https:\/\/roveyayinevi.com.tr\/index.php\/wp-json\/wp\/v2\/media?parent=701232"}],"wp:term":[{"taxonomy":"product_brand","embeddable":true,"href":"https:\/\/roveyayinevi.com.tr\/index.php\/wp-json\/wp\/v2\/product_brand?post=701232"},{"taxonomy":"product_cat","embeddable":true,"href":"https:\/\/roveyayinevi.com.tr\/index.php\/wp-json\/wp\/v2\/product_cat?post=701232"},{"taxonomy":"product_tag","embeddable":true,"href":"https:\/\/roveyayinevi.com.tr\/index.php\/wp-json\/wp\/v2\/product_tag?post=701232"}],"curies":[{"name":"wp","href":"https:\/\/api.w.org\/{rel}","templated":true}]}}