{"id":701231,"date":"2025-08-27T15:06:33","date_gmt":"2025-08-27T12:06:33","guid":{"rendered":"https:\/\/roveyayinevi.com.tr\/index.php\/urun\/bilgi-felsefesi-2\/"},"modified":"2026-04-16T02:10:42","modified_gmt":"2026-04-15T23:10:42","slug":"bilgi-felsefesi-2","status":"publish","type":"product","link":"https:\/\/roveyayinevi.com.tr\/index.php\/urun\/bilgi-felsefesi-2\/","title":{"rendered":"Bilgi Felsefesi"},"content":{"rendered":"<p>Vehbi Hac\u0131kadiro\u011flu, 1919&#8217;da Alanya&#8217;da do\u011fdu. \u0130stanbul&#8217;da I\u015f\u0131k Lisesi ve \u0130T\u00dc&#8217;de e\u011fitim g\u00f6rd\u00fc. 1946-50 y\u0131llar\u0131 aras\u0131nda \u0130ller Bankas\u0131&#8217;nda, 1978 y\u0131l\u0131na kadar da serbest m\u00fchendis olarak \u00e7al\u0131\u015ft\u0131. Felsefeyle ilgili \u00e7al\u0131\u015fmalar\u0131na 1978 y\u0131l\u0131nda ba\u015flad\u0131. 1986&#8217;da Felsefe Tart\u0131\u015fmalar\u0131 dergisini yay\u0131nlamaya ba\u015flad\u0131. Felsefeye verdi\u011fi hizmetleri nedeniyle, 1988 y\u0131l\u0131nda T\u00fcrkiye Felsefe Kurumu&#8217;nca onur plaketiyle \u00f6d\u00fcllendirildi. 2000 y\u0131l\u0131nda Felsefe Tart\u0131\u015fmalar\u0131 dergisini Bo\u011fazi\u00e7i \u00dcniversitesi Yay\u0131nevi&#8217;ne devretti. Ayn\u0131 y\u0131l T\u00fcrk felsefe d\u00fcnyas\u0131na yapt\u0131\u011f\u0131 katk\u0131lardan dolay\u0131 Mu\u011fla \u00dcniversitesi&#8217;nin onur plaketiyle \u00f6d\u00fcllendirildi. 2002 y\u0131l\u0131nda Do\u011fan \u00d6zlem, Hayrettin \u00d6k\u00e7esiz ve \u015e\u00fckr\u00fc Arg\u0131n&#8217;\u0131n haz\u0131rlad\u0131\u011f\u0131   Vehbi Hac\u0131kadiro\u011flu Arma\u011fan Kitab\u0131   ile felsefeye hizmetleri yeniden a\u00e7\u0131klanm\u0131\u015f oldu. <\/p>\n","protected":false},"excerpt":{"rendered":"<p>Vehbi Hac\u0131kadiro\u011flu, 1919&#8217;da Alanya&#8217;da do\u011fdu. \u0130stanbul&#8217;da I\u015f\u0131k Lisesi ve \u0130T\u00dc&#8217;de e\u011fitim g\u00f6rd\u00fc. 1946-50 y\u0131llar\u0131 aras\u0131nda \u0130ller Bankas\u0131&#8217;nda, 1978 y\u0131l\u0131na kadar da serbest m\u00fchendis olarak \u00e7al\u0131\u015ft\u0131. Felsefeyle<span class=\"excerpt-hellip\"> [\u2026]<\/span><\/p>\n","protected":false},"featured_media":0,"template":"","meta":{"_monsterinsights_skip_tracking":false,"_monsterinsights_sitenote_active":false,"_monsterinsights_sitenote_note":"","_monsterinsights_sitenote_category":0},"product_brand":[],"product_cat":[12389,12388],"product_tag":[],"class_list":{"0":"post-701231","1":"product","2":"type-product","3":"status-publish","5":"product_cat-diger-felsefe","6":"product_cat-felsefe","7":"pa_tur-kitap","8":"pa_yayinevi-cem-yayinevi","9":"pa_yazar-vehbi-hacikadiroglu","11":"first","12":"instock","13":"sale","14":"shipping-taxable","15":"purchasable","16":"product-type-simple"},"_links":{"self":[{"href":"https:\/\/roveyayinevi.com.tr\/index.php\/wp-json\/wp\/v2\/product\/701231","targetHints":{"allow":["GET"]}}],"collection":[{"href":"https:\/\/roveyayinevi.com.tr\/index.php\/wp-json\/wp\/v2\/product"}],"about":[{"href":"https:\/\/roveyayinevi.com.tr\/index.php\/wp-json\/wp\/v2\/types\/product"}],"wp:attachment":[{"href":"https:\/\/roveyayinevi.com.tr\/index.php\/wp-json\/wp\/v2\/media?parent=701231"}],"wp:term":[{"taxonomy":"product_brand","embeddable":true,"href":"https:\/\/roveyayinevi.com.tr\/index.php\/wp-json\/wp\/v2\/product_brand?post=701231"},{"taxonomy":"product_cat","embeddable":true,"href":"https:\/\/roveyayinevi.com.tr\/index.php\/wp-json\/wp\/v2\/product_cat?post=701231"},{"taxonomy":"product_tag","embeddable":true,"href":"https:\/\/roveyayinevi.com.tr\/index.php\/wp-json\/wp\/v2\/product_tag?post=701231"}],"curies":[{"name":"wp","href":"https:\/\/api.w.org\/{rel}","templated":true}]}}