{"id":701229,"date":"2025-08-27T15:06:32","date_gmt":"2025-08-27T12:06:32","guid":{"rendered":"https:\/\/roveyayinevi.com.tr\/index.php\/urun\/babalar-ve-cocuklar\/"},"modified":"2026-04-16T02:10:42","modified_gmt":"2026-04-15T23:10:42","slug":"babalar-ve-cocuklar","status":"publish","type":"product","link":"https:\/\/roveyayinevi.com.tr\/index.php\/urun\/babalar-ve-cocuklar\/","title":{"rendered":"Babalar ve \u00c7ocuklar"},"content":{"rendered":"<p>Ger\u00e7ek\u00e7ilik ak\u0131m\u0131n\u0131n en iyi temsilcilerinden olan Rus yazar Ivan Sergevi\u00e7 Turgenyev (1818-1883) romanlar\u0131n\u0131n konular\u0131n\u0131 g\u00fcncel ve sosyal olaylardan al\u0131r. Onun en \u00fcnl\u00fc ve dikkate de\u011fer roman\u0131 olan &#8220;Babalar ve \u00c7ocuklar&#8221; da 1850 y\u0131llar\u0131nda iki nesil aras\u0131ndaki \u00e7eki\u015fmeyi, daha do\u011frusu gericili\u011fi temsil eden liberal soylularla, ilericili\u011fi temsil eden demokrat ayd\u0131nlar aras\u0131ndaki g\u00f6r\u00fc\u015f ayr\u0131l\u0131\u011f\u0131n\u0131 ve m\u00fccadeleyi g\u00f6stermek i\u00e7in yaz\u0131lm\u0131\u015ft\u0131r. Daha yay\u0131nlan\u0131r yay\u0131nlanmaz \u00fclke \u00e7ap\u0131nda bir f\u0131rt\u0131nan\u0131n kopmas\u0131na, \u00f6zellikle hikayenin kahraman\u0131 -&#8220;nihilist&#8221;diye nitelenen- Bazarov tipi \u00e7e\u015fitli tart\u0131\u015fmalara ve hatta birbiriyle \u00e7eli\u015fmeli yorumlar\u0131n yap\u0131lmas\u0131na yol a\u00e7t\u0131. \u00c7\u0131k\u0131\u015f\u0131n\u0131n (1862) \u00fczerinden ge\u00e7en bunca y\u0131l i\u00e7inde hakk\u0131nda pek \u00e7ok yaz\u0131 ve bir\u00e7ok \u00f6zel kitap yaz\u0131lan bu eserin de\u011ferini, Turgenyev&#8217;e kar\u015f\u0131 olan o g\u00fcnlerin bir ele\u015ftirmeni san\u0131r\u0131z en iyi bi\u00e7imde dile getiriyor: &#8220;Babalar ve \u00c7ocuklar&#8221; roman\u0131n\u0131 okul s\u0131ralar\u0131ndan beri eline kitap almam\u0131\u015f ki\u015filerin bile okudu\u011funu hi\u00e7 korkmadan iddia edebilirim.&#8221;<\/p>\n","protected":false},"excerpt":{"rendered":"<p>Ger\u00e7ek\u00e7ilik ak\u0131m\u0131n\u0131n en iyi temsilcilerinden olan Rus yazar Ivan Sergevi\u00e7 Turgenyev (1818-1883) romanlar\u0131n\u0131n konular\u0131n\u0131 g\u00fcncel ve sosyal olaylardan al\u0131r. Onun en \u00fcnl\u00fc ve dikkate de\u011fer roman\u0131<span class=\"excerpt-hellip\"> [\u2026]<\/span><\/p>\n","protected":false},"featured_media":0,"template":"","meta":{"_monsterinsights_skip_tracking":false,"_monsterinsights_sitenote_active":false,"_monsterinsights_sitenote_note":"","_monsterinsights_sitenote_category":0},"product_brand":[],"product_cat":[12291,13570],"product_tag":[],"class_list":{"0":"post-701229","1":"product","2":"type-product","3":"status-publish","5":"product_cat-edebiyat","6":"product_cat-rus-edebiyati","7":"pa_cilt-ciltsiz","8":"pa_tur-kitap","9":"pa_yayinevi-cem-yayinevi","10":"pa_yazar-ivan-sergeyevic-turgenyev","12":"first","13":"instock","14":"sale","15":"shipping-taxable","16":"purchasable","17":"product-type-simple"},"_links":{"self":[{"href":"https:\/\/roveyayinevi.com.tr\/index.php\/wp-json\/wp\/v2\/product\/701229","targetHints":{"allow":["GET"]}}],"collection":[{"href":"https:\/\/roveyayinevi.com.tr\/index.php\/wp-json\/wp\/v2\/product"}],"about":[{"href":"https:\/\/roveyayinevi.com.tr\/index.php\/wp-json\/wp\/v2\/types\/product"}],"wp:attachment":[{"href":"https:\/\/roveyayinevi.com.tr\/index.php\/wp-json\/wp\/v2\/media?parent=701229"}],"wp:term":[{"taxonomy":"product_brand","embeddable":true,"href":"https:\/\/roveyayinevi.com.tr\/index.php\/wp-json\/wp\/v2\/product_brand?post=701229"},{"taxonomy":"product_cat","embeddable":true,"href":"https:\/\/roveyayinevi.com.tr\/index.php\/wp-json\/wp\/v2\/product_cat?post=701229"},{"taxonomy":"product_tag","embeddable":true,"href":"https:\/\/roveyayinevi.com.tr\/index.php\/wp-json\/wp\/v2\/product_tag?post=701229"}],"curies":[{"name":"wp","href":"https:\/\/api.w.org\/{rel}","templated":true}]}}