{"id":701227,"date":"2025-08-27T15:06:32","date_gmt":"2025-08-27T12:06:32","guid":{"rendered":"https:\/\/roveyayinevi.com.tr\/index.php\/urun\/besinci-pencere-cemil-kavukcu-kitabi\/"},"modified":"2026-04-16T02:10:42","modified_gmt":"2026-04-15T23:10:42","slug":"besinci-pencere-cemil-kavukcu-kitabi","status":"publish","type":"product","link":"https:\/\/roveyayinevi.com.tr\/index.php\/urun\/besinci-pencere-cemil-kavukcu-kitabi\/","title":{"rendered":"Be\u015finci Pencere (Cemil Kavuk\u00e7u Kitab\u0131)"},"content":{"rendered":"<p>\u201cCemil Kavuk\u00e7u\u2019nun \u00f6yk\u00fcleri akrabam olur. Ki\u015filerinden, mek\u00e2nlar\u0131ndan, dertlerinden, dillerinden. Nas\u0131l olmas\u0131n? Tek ba\u015f\u0131na ki\u015fileri bile yeter. Her biriyle \u00e7ocukluk, ergenlik, gen\u00e7liklerinde tan\u0131\u015fm\u0131\u015ft\u0131m. Yeti\u015fkinlikleri derken art\u0131k emekli olmu\u015ftu pek \u00e7o\u011fu. \u00d6yk\u00fc \u00f6yk\u00fc, kitap kitap takip etmi\u015ftim her birini. Ba\u015fka durumlar, vakalar i\u00e7inde kar\u015f\u0131la\u015fm\u0131\u015ft\u0131k. Yaln\u0131z, yabanc\u0131, \u0131ss\u0131z d\u00fcnyalar\u0131nda dayan\u0131\u015fmalar\u0131na da tan\u0131k oldu\u011fum bu ki\u015filer baba korkusu, okul, s\u0131nav derken \u00f6l\u00fcm korkusu, ya\u015fam korkusu, sevme-sevilme, aile korkusu, kasabada s\u0131k\u0131\u015fma, kentte tutunamama&#8230; Bir bi\u00e7imde ve sebeple \u00e7ocukluktan ya\u015fl\u0131l\u0131\u011fa korkuyla ku\u015fat\u0131lm\u0131\u015flard\u0131.\u201d \ufffcTan\u0131t\u0131m Metni<\/p>\n","protected":false},"excerpt":{"rendered":"<p>\u201cCemil Kavuk\u00e7u\u2019nun \u00f6yk\u00fcleri akrabam olur. Ki\u015filerinden, mek\u00e2nlar\u0131ndan, dertlerinden, dillerinden. Nas\u0131l olmas\u0131n? Tek ba\u015f\u0131na ki\u015fileri bile yeter. Her biriyle \u00e7ocukluk, ergenlik, gen\u00e7liklerinde tan\u0131\u015fm\u0131\u015ft\u0131m. Yeti\u015fkinlikleri derken art\u0131k emekli<span class=\"excerpt-hellip\"> [\u2026]<\/span><\/p>\n","protected":false},"featured_media":0,"template":"","meta":{"_monsterinsights_skip_tracking":false,"_monsterinsights_sitenote_active":false,"_monsterinsights_sitenote_note":"","_monsterinsights_sitenote_category":0},"product_brand":[],"product_cat":[12777,12291],"product_tag":[],"class_list":{"0":"post-701227","1":"product","2":"type-product","3":"status-publish","5":"product_cat-deneme","6":"product_cat-edebiyat","7":"pa_cilt-ciltsiz","8":"pa_tur-kitap","9":"pa_yayinevi-can-yayinlari","10":"pa_yazar-melike-kocak","12":"first","13":"instock","14":"sale","15":"shipping-taxable","16":"purchasable","17":"product-type-simple"},"_links":{"self":[{"href":"https:\/\/roveyayinevi.com.tr\/index.php\/wp-json\/wp\/v2\/product\/701227","targetHints":{"allow":["GET"]}}],"collection":[{"href":"https:\/\/roveyayinevi.com.tr\/index.php\/wp-json\/wp\/v2\/product"}],"about":[{"href":"https:\/\/roveyayinevi.com.tr\/index.php\/wp-json\/wp\/v2\/types\/product"}],"wp:attachment":[{"href":"https:\/\/roveyayinevi.com.tr\/index.php\/wp-json\/wp\/v2\/media?parent=701227"}],"wp:term":[{"taxonomy":"product_brand","embeddable":true,"href":"https:\/\/roveyayinevi.com.tr\/index.php\/wp-json\/wp\/v2\/product_brand?post=701227"},{"taxonomy":"product_cat","embeddable":true,"href":"https:\/\/roveyayinevi.com.tr\/index.php\/wp-json\/wp\/v2\/product_cat?post=701227"},{"taxonomy":"product_tag","embeddable":true,"href":"https:\/\/roveyayinevi.com.tr\/index.php\/wp-json\/wp\/v2\/product_tag?post=701227"}],"curies":[{"name":"wp","href":"https:\/\/api.w.org\/{rel}","templated":true}]}}