{"id":701219,"date":"2025-08-27T15:06:29","date_gmt":"2025-08-27T12:06:29","guid":{"rendered":"https:\/\/roveyayinevi.com.tr\/index.php\/urun\/siddhartha\/"},"modified":"2026-04-16T02:10:42","modified_gmt":"2026-04-15T23:10:42","slug":"siddhartha","status":"publish","type":"product","link":"https:\/\/roveyayinevi.com.tr\/index.php\/urun\/siddhartha\/","title":{"rendered":"Siddhartha"},"content":{"rendered":"<p>Genel olarak herkes\u00e7e kabullenilmi\u015f Buddha imgesini a\u015fan bir Buddha yaratmak, daha \u00f6nce e\u015fine rastlanmam\u0131\u015f, b\u00fcy\u00fck bir ba\u015far\u0131d\u0131r. Siddhartha, benim g\u00f6z\u00fcmde, Kutsal Kitap&#8217;tan kat kat \u00fcst\u00fcn bir ila\u00e7t\u0131r&#8230;  20. y\u00fczy\u0131l\u0131n en b\u00fcy\u00fck romanc\u0131lar\u0131ndan Henry Miller&#8217;a bu s\u00f6zleri s\u00f6yleten Siddhartha, 1946 Nobel Edebiyat \u00d6d\u00fcl\u00fc sahibi Alman yazar Hermann Hesse&#8217;nin ba\u015fyap\u0131t\u0131d\u0131r. 1. D\u00fcnya Sava\u015f\u0131&#8217;n\u0131 izleyen y\u0131llarda insanlar\u0131 ya\u015famlar\u0131n\u0131 yeniden kurmaya \u00e7a\u011f\u0131ran, Do\u011fu gizemcili\u011fini y\u00fccelten Siddhartha, ku\u015faklar boyunca nerdeyse bir  kutsal kitap  gibi okunmu\u015ftur. Siddhartha&#8217;da Buddha&#8217;n\u0131n ya\u015fam\u0131n\u0131n ilk y\u0131llar\u0131n\u0131 \u015fiirsel bir \u00fcslupla anlatan Hesse, insan\u0131n \u00f6z benli\u011fini bularak uygarl\u0131\u011f\u0131n yerle\u015fik bi\u00e7imlerinden kurtulmaya \u00e7al\u0131\u015fmas\u0131n\u0131 i\u015fler.  Bu kitapta,  der,  t\u00fcm dinlerde, insanlar\u0131n benimsedi\u011fi t\u00fcm inan\u0131\u015f bi\u00e7imlerinde ortak olan yan\u0131, t\u00fcm ulusal ayr\u0131mlar\u0131 a\u015fan, t\u00fcm \u0131rklar\u0131n, t\u00fcm bireylerin benimseyebilece\u011fi \u015feyi yakalamaya \u00e7al\u0131\u015ft\u0131m. <\/p>\n","protected":false},"excerpt":{"rendered":"<p>Genel olarak herkes\u00e7e kabullenilmi\u015f Buddha imgesini a\u015fan bir Buddha yaratmak, daha \u00f6nce e\u015fine rastlanmam\u0131\u015f, b\u00fcy\u00fck bir ba\u015far\u0131d\u0131r. Siddhartha, benim g\u00f6z\u00fcmde, Kutsal Kitap&#8217;tan kat kat \u00fcst\u00fcn bir<span class=\"excerpt-hellip\"> [\u2026]<\/span><\/p>\n","protected":false},"featured_media":0,"template":"","meta":{"_monsterinsights_skip_tracking":false,"_monsterinsights_sitenote_active":false,"_monsterinsights_sitenote_note":"","_monsterinsights_sitenote_category":0},"product_brand":[],"product_cat":[13835],"product_tag":[],"class_list":{"0":"post-701219","1":"product","2":"type-product","3":"status-publish","5":"product_cat-cok-satanlar","6":"pa_cilt-ciltsiz","7":"pa_tur-kitap","8":"pa_yayinevi-can-yayinlari","9":"pa_yazar-hermann-hesse","11":"first","12":"instock","13":"sale","14":"shipping-taxable","15":"purchasable","16":"product-type-simple"},"_links":{"self":[{"href":"https:\/\/roveyayinevi.com.tr\/index.php\/wp-json\/wp\/v2\/product\/701219","targetHints":{"allow":["GET"]}}],"collection":[{"href":"https:\/\/roveyayinevi.com.tr\/index.php\/wp-json\/wp\/v2\/product"}],"about":[{"href":"https:\/\/roveyayinevi.com.tr\/index.php\/wp-json\/wp\/v2\/types\/product"}],"wp:attachment":[{"href":"https:\/\/roveyayinevi.com.tr\/index.php\/wp-json\/wp\/v2\/media?parent=701219"}],"wp:term":[{"taxonomy":"product_brand","embeddable":true,"href":"https:\/\/roveyayinevi.com.tr\/index.php\/wp-json\/wp\/v2\/product_brand?post=701219"},{"taxonomy":"product_cat","embeddable":true,"href":"https:\/\/roveyayinevi.com.tr\/index.php\/wp-json\/wp\/v2\/product_cat?post=701219"},{"taxonomy":"product_tag","embeddable":true,"href":"https:\/\/roveyayinevi.com.tr\/index.php\/wp-json\/wp\/v2\/product_tag?post=701219"}],"curies":[{"name":"wp","href":"https:\/\/api.w.org\/{rel}","templated":true}]}}