{"id":701216,"date":"2025-08-27T15:06:28","date_gmt":"2025-08-27T12:06:28","guid":{"rendered":"https:\/\/roveyayinevi.com.tr\/index.php\/urun\/sebastian-ya-da-guclu-tutkular-avignon-beslisi-4\/"},"modified":"2026-04-16T02:10:42","modified_gmt":"2026-04-15T23:10:42","slug":"sebastian-ya-da-guclu-tutkular-avignon-beslisi-4","status":"publish","type":"product","link":"https:\/\/roveyayinevi.com.tr\/index.php\/urun\/sebastian-ya-da-guclu-tutkular-avignon-beslisi-4\/","title":{"rendered":"Sebastian ya da G\u00fc\u00e7l\u00fc Tutkular Avignon Be\u015flisi &#8211; 4"},"content":{"rendered":"<p>\u00c7ocuklar! Hepimizin yapt\u0131\u011f\u0131 gibi siz de ana babalar\u0131n\u0131z\u0131 hayal k\u0131r\u0131kl\u0131\u011f\u0131na u\u011fratmak i\u00e7in do\u011fdunuz, \u00e7\u00fcnk\u00fc ana babalar\u0131m\u0131z, bize i\u00e7inde sonsuza kadar mutlu ya\u015fayaca\u011f\u0131m\u0131z, yumu\u015fak minderlerle d\u00f6\u015feli, yald\u0131zl\u0131 kafesler haz\u0131rlad\u0131lar.    \u0130kinci D\u00fcnya Sava\u015f\u0131\u2019n\u0131n bitiminde Avrupa enkaza d\u00f6n\u00fc\u015f\u00fcrken, hastalar\u0131n\u0131 ve kendisini iyile\u015ftirmek i\u00e7in modernin \u00f6tesinde bilgi aray\u0131\u015f\u0131na \u00e7\u0131kan Constance\u2019la a\u00e7\u0131l\u0131r sahne. Freud\u2019cu bir psikanalist olarak, Cenevre\u2019deki sava\u015f yorgunlar\u0131 ve travmal\u0131 insanlarla ilgilenen gen\u00e7 kad\u0131n, ayn\u0131 zamanda eski sevgilisi Sebastian\u2019\u0131n o\u011flunun da tedavisini \u00fcstlenir. Sebastian ise, \u0130skenderiye merkezli gizli gnostik karde\u015fli\u011fe kar\u015f\u0131 g\u00f6revini yerine getirmek i\u00e7in Cenevre\u2019den ayr\u0131lmak \u00fczeredir.   Avignon Be\u015flisi\u2019nin d\u00f6rd\u00fcnc\u00fc kitab\u0131 Sebastian, kutsal\u0131n yozlu\u011fa teslim oldu\u011fu, yan\u0131lsamalarla dolu bir d\u00fcnyada varolu\u015fun anlam\u0131n\u0131, insan zihninin ve ruhunun karanl\u0131k girintilerini soru\u015fturuyor.    \u201cKeskin ve alayc\u0131\u2026 \u0130nsan\u0131 okumaya te\u015fvik eden sinsi bir g\u00fc\u00e7 var Durrell\u2019da.\u201d    The Observer <\/p>\n","protected":false},"excerpt":{"rendered":"<p>\u00c7ocuklar! Hepimizin yapt\u0131\u011f\u0131 gibi siz de ana babalar\u0131n\u0131z\u0131 hayal k\u0131r\u0131kl\u0131\u011f\u0131na u\u011fratmak i\u00e7in do\u011fdunuz, \u00e7\u00fcnk\u00fc ana babalar\u0131m\u0131z, bize i\u00e7inde sonsuza kadar mutlu ya\u015fayaca\u011f\u0131m\u0131z, yumu\u015fak minderlerle d\u00f6\u015feli, yald\u0131zl\u0131<span class=\"excerpt-hellip\"> [\u2026]<\/span><\/p>\n","protected":false},"featured_media":0,"template":"","meta":{"_monsterinsights_skip_tracking":false,"_monsterinsights_sitenote_active":false,"_monsterinsights_sitenote_note":"","_monsterinsights_sitenote_category":0},"product_brand":[],"product_cat":[12291,12866],"product_tag":[],"class_list":{"0":"post-701216","1":"product","2":"type-product","3":"status-publish","5":"product_cat-edebiyat","6":"product_cat-ingiliz-edebiyati","7":"pa_cilt-ciltsiz","8":"pa_tur-kitap","9":"pa_yayinevi-can-yayinlari","10":"pa_yazar-lawrence-durrell","12":"first","13":"instock","14":"sale","15":"shipping-taxable","16":"purchasable","17":"product-type-simple"},"_links":{"self":[{"href":"https:\/\/roveyayinevi.com.tr\/index.php\/wp-json\/wp\/v2\/product\/701216","targetHints":{"allow":["GET"]}}],"collection":[{"href":"https:\/\/roveyayinevi.com.tr\/index.php\/wp-json\/wp\/v2\/product"}],"about":[{"href":"https:\/\/roveyayinevi.com.tr\/index.php\/wp-json\/wp\/v2\/types\/product"}],"wp:attachment":[{"href":"https:\/\/roveyayinevi.com.tr\/index.php\/wp-json\/wp\/v2\/media?parent=701216"}],"wp:term":[{"taxonomy":"product_brand","embeddable":true,"href":"https:\/\/roveyayinevi.com.tr\/index.php\/wp-json\/wp\/v2\/product_brand?post=701216"},{"taxonomy":"product_cat","embeddable":true,"href":"https:\/\/roveyayinevi.com.tr\/index.php\/wp-json\/wp\/v2\/product_cat?post=701216"},{"taxonomy":"product_tag","embeddable":true,"href":"https:\/\/roveyayinevi.com.tr\/index.php\/wp-json\/wp\/v2\/product_tag?post=701216"}],"curies":[{"name":"wp","href":"https:\/\/api.w.org\/{rel}","templated":true}]}}