{"id":701210,"date":"2025-08-27T15:06:27","date_gmt":"2025-08-27T12:06:27","guid":{"rendered":"https:\/\/roveyayinevi.com.tr\/index.php\/urun\/bana-toren\/"},"modified":"2026-04-08T02:13:59","modified_gmt":"2026-04-07T23:13:59","slug":"bana-toren","status":"publish","type":"product","link":"https:\/\/roveyayinevi.com.tr\/index.php\/urun\/bana-toren\/","title":{"rendered":"Bana T\u00f6ren"},"content":{"rendered":"<p>Rainer Maria Rilke&#8217;nin 1898 y\u0131l\u0131nda kendi \u00e7\u0131kard\u0131\u011f\u0131 d\u00f6rd\u00fcnc\u00fc \u015fiir kitab\u0131 Bana T\u00f6ren (Mir zur Feier), Cem Yay\u0131nevi&#8217;ndeki Rilke dizisinin de d\u00f6rd\u00fcnc\u00fc \u015fiir kitab\u0131. Rilke ara\u015ft\u0131rmac\u0131lar\u0131, bu kitaptaki \u015fiirler de dahil olmak \u00fczere, ilk ve erken \u015fiirlerin \u015fairine gen\u00e7 Rilke yerine, Avant-Rilke demeyi ye\u011fliyorlar. Gerek\u00e7e olarak da, \u00f6rne\u011fin, Alman edebiyat\u0131nda Rilke uzman\u0131 olarak isim yapm\u0131\u015f Kaete Hamburger, bu gen\u00e7lik \u015fiirlerinde, daha sonraki, d\u00fcnyaca \u00fcnl\u00fc Rilke \u015fiirindeki temel duru\u015fun, i\u00e7 bi\u00e7imin tohumlar\u0131n\u0131n a\u00e7\u0131k\u00e7a se\u00e7ildi\u011fini savl\u0131yor. \u00d6zellikle erken d\u00f6nemin bu son kitab\u0131ndaki \u015fiirler, art\u0131k orta d\u00f6nem Rilke&#8217;yi iyice haber veriyor. \ufffcTan\u0131t\u0131m Metni<\/p>\n","protected":false},"excerpt":{"rendered":"<p>Rainer Maria Rilke&#8217;nin 1898 y\u0131l\u0131nda kendi \u00e7\u0131kard\u0131\u011f\u0131 d\u00f6rd\u00fcnc\u00fc \u015fiir kitab\u0131 Bana T\u00f6ren (Mir zur Feier), Cem Yay\u0131nevi&#8217;ndeki Rilke dizisinin de d\u00f6rd\u00fcnc\u00fc \u015fiir kitab\u0131. Rilke ara\u015ft\u0131rmac\u0131lar\u0131, bu<span class=\"excerpt-hellip\"> [\u2026]<\/span><\/p>\n","protected":false},"featured_media":0,"template":"","meta":{"_monsterinsights_skip_tracking":false,"_monsterinsights_sitenote_active":false,"_monsterinsights_sitenote_note":"","_monsterinsights_sitenote_category":0},"product_brand":[],"product_cat":[12291,12509],"product_tag":[],"class_list":{"0":"post-701210","1":"product","2":"type-product","3":"status-publish","5":"product_cat-edebiyat","6":"product_cat-siir","7":"pa_tur-kitap","8":"pa_yayinevi-cem-yayinevi","9":"pa_yazar-rainer-maria-rilke","11":"first","12":"instock","13":"sale","14":"shipping-taxable","15":"purchasable","16":"product-type-simple"},"_links":{"self":[{"href":"https:\/\/roveyayinevi.com.tr\/index.php\/wp-json\/wp\/v2\/product\/701210","targetHints":{"allow":["GET"]}}],"collection":[{"href":"https:\/\/roveyayinevi.com.tr\/index.php\/wp-json\/wp\/v2\/product"}],"about":[{"href":"https:\/\/roveyayinevi.com.tr\/index.php\/wp-json\/wp\/v2\/types\/product"}],"wp:attachment":[{"href":"https:\/\/roveyayinevi.com.tr\/index.php\/wp-json\/wp\/v2\/media?parent=701210"}],"wp:term":[{"taxonomy":"product_brand","embeddable":true,"href":"https:\/\/roveyayinevi.com.tr\/index.php\/wp-json\/wp\/v2\/product_brand?post=701210"},{"taxonomy":"product_cat","embeddable":true,"href":"https:\/\/roveyayinevi.com.tr\/index.php\/wp-json\/wp\/v2\/product_cat?post=701210"},{"taxonomy":"product_tag","embeddable":true,"href":"https:\/\/roveyayinevi.com.tr\/index.php\/wp-json\/wp\/v2\/product_tag?post=701210"}],"curies":[{"name":"wp","href":"https:\/\/api.w.org\/{rel}","templated":true}]}}