{"id":701203,"date":"2025-08-27T15:06:24","date_gmt":"2025-08-27T12:06:24","guid":{"rendered":"https:\/\/roveyayinevi.com.tr\/index.php\/urun\/babama-mektup\/"},"modified":"2026-04-16T02:10:41","modified_gmt":"2026-04-15T23:10:41","slug":"babama-mektup","status":"publish","type":"product","link":"https:\/\/roveyayinevi.com.tr\/index.php\/urun\/babama-mektup\/","title":{"rendered":"Babama Mektup"},"content":{"rendered":"<p>Bana son g\u00fcnlerde bir ara, senden korktu\u011fum gibi bir sav\u0131 hangi nedenle ileri s\u00fcrd\u00fc\u011f\u00fcm\u00fc sormu\u015ftun. Her zamanki gibi bir yan\u0131t bulup vermemi\u015f bu da i\u015fte biraz yine senden korkamamdan, biraz senden kormam\u0131n nedenini pek \u00e7ok ayr\u0131nt\u0131y\u0131 i\u00e7ermesinden dolay\u0131s\u0131yla bunlar\u0131 yar\u0131 bu\u00e7uk da olsa s\u00f6zle beriltemeyece\u011fimden kaynaklanm\u0131\u015ft\u0131. \u015eimdi sana yaz\u0131yla yan\u0131t vermeye kalk\u0131yorsam, bu yan\u0131tta da yine pek \u00e7ok bo\u015fluk kalacak, \u00e7\u00fcnk\u00fc s\u00f6z konusu nedeni kaleme al\u0131rken, senden duydu\u011fum korku ve bunun yol a\u00e7aca\u011f\u0131 sonu\u00e7lar sana kar\u015f\u0131 \u00f6zg\u00fcr davranmaktan beri al\u0131koyacak, konunun b\u00fcy\u00fckl\u00fc\u011f\u00fc belle\u011fimle zeka g\u00fcc\u00fcm\u00fc enikonu a\u015facakt\u0131r <\/p>\n","protected":false},"excerpt":{"rendered":"<p>Bana son g\u00fcnlerde bir ara, senden korktu\u011fum gibi bir sav\u0131 hangi nedenle ileri s\u00fcrd\u00fc\u011f\u00fcm\u00fc sormu\u015ftun. Her zamanki gibi bir yan\u0131t bulup vermemi\u015f bu da i\u015fte biraz<span class=\"excerpt-hellip\"> [\u2026]<\/span><\/p>\n","protected":false},"featured_media":0,"template":"","meta":{"_monsterinsights_skip_tracking":false,"_monsterinsights_sitenote_active":false,"_monsterinsights_sitenote_note":"","_monsterinsights_sitenote_category":0},"product_brand":[],"product_cat":[12782,12291],"product_tag":[],"class_list":{"0":"post-701203","1":"product","2":"type-product","3":"status-publish","5":"product_cat-alman-edebiyati","6":"product_cat-edebiyat","7":"pa_cilt-ciltsiz","8":"pa_tur-kitap","9":"pa_yayinevi-cem-yayinevi","10":"pa_yazar-franz-kafka","12":"first","13":"instock","14":"sale","15":"shipping-taxable","16":"purchasable","17":"product-type-simple"},"_links":{"self":[{"href":"https:\/\/roveyayinevi.com.tr\/index.php\/wp-json\/wp\/v2\/product\/701203","targetHints":{"allow":["GET"]}}],"collection":[{"href":"https:\/\/roveyayinevi.com.tr\/index.php\/wp-json\/wp\/v2\/product"}],"about":[{"href":"https:\/\/roveyayinevi.com.tr\/index.php\/wp-json\/wp\/v2\/types\/product"}],"wp:attachment":[{"href":"https:\/\/roveyayinevi.com.tr\/index.php\/wp-json\/wp\/v2\/media?parent=701203"}],"wp:term":[{"taxonomy":"product_brand","embeddable":true,"href":"https:\/\/roveyayinevi.com.tr\/index.php\/wp-json\/wp\/v2\/product_brand?post=701203"},{"taxonomy":"product_cat","embeddable":true,"href":"https:\/\/roveyayinevi.com.tr\/index.php\/wp-json\/wp\/v2\/product_cat?post=701203"},{"taxonomy":"product_tag","embeddable":true,"href":"https:\/\/roveyayinevi.com.tr\/index.php\/wp-json\/wp\/v2\/product_tag?post=701203"}],"curies":[{"name":"wp","href":"https:\/\/api.w.org\/{rel}","templated":true}]}}