{"id":701195,"date":"2025-08-27T15:06:22","date_gmt":"2025-08-27T12:06:22","guid":{"rendered":"https:\/\/roveyayinevi.com.tr\/index.php\/urun\/arkadasim-dede\/"},"modified":"2026-04-16T02:10:41","modified_gmt":"2026-04-15T23:10:41","slug":"arkadasim-dede","status":"publish","type":"product","link":"https:\/\/roveyayinevi.com.tr\/index.php\/urun\/arkadasim-dede\/","title":{"rendered":"Arkada\u015f\u0131m Dede"},"content":{"rendered":"<p>\u0130lgin\u00e7 ve g\u00fczel bir arkada\u015fl\u0131k \u00f6yk\u00fcs\u00fc&#8230; K\u00fc\u00e7\u00fck bir \u00e7ocukla ya\u015fl\u0131 bir adam\u0131n birlikte yapt\u0131klar\u0131 yolculukla peki\u015fen sevgi dolu maceralar\u0131. G\u00fcven, \u015fefkat, h\u00fcz\u00fcn ve umut dolu bir dostluk&#8230; <\/p>\n","protected":false},"excerpt":{"rendered":"<p>\u0130lgin\u00e7 ve g\u00fczel bir arkada\u015fl\u0131k \u00f6yk\u00fcs\u00fc&#8230; K\u00fc\u00e7\u00fck bir \u00e7ocukla ya\u015fl\u0131 bir adam\u0131n birlikte yapt\u0131klar\u0131 yolculukla peki\u015fen sevgi dolu maceralar\u0131. G\u00fcven, \u015fefkat, h\u00fcz\u00fcn ve umut dolu bir<span class=\"excerpt-hellip\"> [\u2026]<\/span><\/p>\n","protected":false},"featured_media":0,"template":"","meta":{"_monsterinsights_skip_tracking":false,"_monsterinsights_sitenote_active":false,"_monsterinsights_sitenote_note":"","_monsterinsights_sitenote_category":0},"product_brand":[],"product_cat":[12275,12274],"product_tag":[],"class_list":{"0":"post-701195","1":"product","2":"type-product","3":"status-publish","5":"product_cat-6-12-yas-kitaplari","6":"product_cat-cocuk-ve-genclik-kitaplari","7":"pa_cilt-ciltsiz","8":"pa_tur-kitap","9":"pa_yayinevi-bilgi-yayinevi-cocuk","10":"pa_yazar-sulhi-dolek","12":"first","13":"instock","14":"sale","15":"shipping-taxable","16":"purchasable","17":"product-type-simple"},"_links":{"self":[{"href":"https:\/\/roveyayinevi.com.tr\/index.php\/wp-json\/wp\/v2\/product\/701195","targetHints":{"allow":["GET"]}}],"collection":[{"href":"https:\/\/roveyayinevi.com.tr\/index.php\/wp-json\/wp\/v2\/product"}],"about":[{"href":"https:\/\/roveyayinevi.com.tr\/index.php\/wp-json\/wp\/v2\/types\/product"}],"wp:attachment":[{"href":"https:\/\/roveyayinevi.com.tr\/index.php\/wp-json\/wp\/v2\/media?parent=701195"}],"wp:term":[{"taxonomy":"product_brand","embeddable":true,"href":"https:\/\/roveyayinevi.com.tr\/index.php\/wp-json\/wp\/v2\/product_brand?post=701195"},{"taxonomy":"product_cat","embeddable":true,"href":"https:\/\/roveyayinevi.com.tr\/index.php\/wp-json\/wp\/v2\/product_cat?post=701195"},{"taxonomy":"product_tag","embeddable":true,"href":"https:\/\/roveyayinevi.com.tr\/index.php\/wp-json\/wp\/v2\/product_tag?post=701195"}],"curies":[{"name":"wp","href":"https:\/\/api.w.org\/{rel}","templated":true}]}}