{"id":701191,"date":"2025-08-27T15:06:20","date_gmt":"2025-08-27T12:06:20","guid":{"rendered":"https:\/\/roveyayinevi.com.tr\/index.php\/urun\/asi-asi\/"},"modified":"2026-04-16T02:10:41","modified_gmt":"2026-04-15T23:10:41","slug":"asi-asi","status":"publish","type":"product","link":"https:\/\/roveyayinevi.com.tr\/index.php\/urun\/asi-asi\/","title":{"rendered":"Asi&#8230; Asi"},"content":{"rendered":"<p>Do\u011funun krali\u00e7esi Antakya\u2026 Suyuyla\/ya\u015fam\u0131yla oynanm\u0131\u015f, onuru k\u0131r\u0131lm\u0131\u015f bir \u0131rmak; bir Hint fakiri kadar ince, onun kadar yoksul g\u00f6r\u00fcn\u00fc\u015fl\u00fc, onun gibi d\u00fcnya \u00fcst\u00fcne \u00e7ok \u015fey bilen Asi\u2026 Bu co\u011frafyada ya\u015fam\u0131n\u0131 kuran \u00d6mer Azmi Asiyel ailesinin \u00fc\u00e7\u00fcnc\u00fc ku\u015fa\u011f\u0131n\u0131 soluksuz k\u0131lan bulan\u0131k, belirsiz, gizlerle dolu bir ge\u00e7mi\u015f\u2026   Kusursuz bir kurgu, g\u00fc\u00e7l\u00fc ve zengin bir dil, \u015fa\u015f\u0131rtan bir g\u00f6zlem g\u00fcc\u00fc, ola\u011fan\u00fcst\u00fc tan\u0131mlamalar. <\/p>\n","protected":false},"excerpt":{"rendered":"<p>Do\u011funun krali\u00e7esi Antakya\u2026 Suyuyla\/ya\u015fam\u0131yla oynanm\u0131\u015f, onuru k\u0131r\u0131lm\u0131\u015f bir \u0131rmak; bir Hint fakiri kadar ince, onun kadar yoksul g\u00f6r\u00fcn\u00fc\u015fl\u00fc, onun gibi d\u00fcnya \u00fcst\u00fcne \u00e7ok \u015fey bilen Asi\u2026<span class=\"excerpt-hellip\"> [\u2026]<\/span><\/p>\n","protected":false},"featured_media":0,"template":"","meta":{"_monsterinsights_skip_tracking":false,"_monsterinsights_sitenote_active":false,"_monsterinsights_sitenote_note":"","_monsterinsights_sitenote_category":0},"product_brand":[],"product_cat":[12291,12292],"product_tag":[],"class_list":{"0":"post-701191","1":"product","2":"type-product","3":"status-publish","5":"product_cat-edebiyat","6":"product_cat-turk-edebiyati","7":"pa_cilt-ciltsiz","8":"pa_tur-kitap","9":"pa_yayinevi-bilgi-yayinevi","10":"pa_yazar-ayla-kutlu","12":"first","13":"instock","14":"sale","15":"shipping-taxable","16":"purchasable","17":"product-type-simple"},"_links":{"self":[{"href":"https:\/\/roveyayinevi.com.tr\/index.php\/wp-json\/wp\/v2\/product\/701191","targetHints":{"allow":["GET"]}}],"collection":[{"href":"https:\/\/roveyayinevi.com.tr\/index.php\/wp-json\/wp\/v2\/product"}],"about":[{"href":"https:\/\/roveyayinevi.com.tr\/index.php\/wp-json\/wp\/v2\/types\/product"}],"wp:attachment":[{"href":"https:\/\/roveyayinevi.com.tr\/index.php\/wp-json\/wp\/v2\/media?parent=701191"}],"wp:term":[{"taxonomy":"product_brand","embeddable":true,"href":"https:\/\/roveyayinevi.com.tr\/index.php\/wp-json\/wp\/v2\/product_brand?post=701191"},{"taxonomy":"product_cat","embeddable":true,"href":"https:\/\/roveyayinevi.com.tr\/index.php\/wp-json\/wp\/v2\/product_cat?post=701191"},{"taxonomy":"product_tag","embeddable":true,"href":"https:\/\/roveyayinevi.com.tr\/index.php\/wp-json\/wp\/v2\/product_tag?post=701191"}],"curies":[{"name":"wp","href":"https:\/\/api.w.org\/{rel}","templated":true}]}}