{"id":701189,"date":"2025-08-27T15:06:20","date_gmt":"2025-08-27T12:06:20","guid":{"rendered":"https:\/\/roveyayinevi.com.tr\/index.php\/urun\/annecigim-aciktim\/"},"modified":"2026-04-16T02:10:41","modified_gmt":"2026-04-15T23:10:41","slug":"annecigim-aciktim","status":"publish","type":"product","link":"https:\/\/roveyayinevi.com.tr\/index.php\/urun\/annecigim-aciktim\/","title":{"rendered":"Anneci\u011fim Ac\u0131kt\u0131m"},"content":{"rendered":"<p>Muzaffer \u0130zg\u00fc okumay\u0131 yeni \u00f6\u011frenen \u00e7ocuklar i\u00e7in be\u015f kitap yazd\u0131. Okumaya hangisinden ba\u015flarsan\u0131z ba\u015flay\u0131n, di\u011ferleri i\u00e7in sab\u0131rs\u0131zlanacaks\u0131n\u0131z. \u00dcstelik Serap Deliorman \u00f6yle g\u00fczel resimledi ki onlar\u0131, kitapl\u0131\u011f\u0131n\u0131z\u0131n en g\u00fczel kitaplar\u0131 olacak Sar\u0131 Civciv, \u015eeker K\u0131z, Uykucu Sibel, Anneci\u011fim Ac\u0131kt\u0131m ve \u00c7\u0131plak Ayakl\u0131 Futbolcu. <\/p>\n","protected":false},"excerpt":{"rendered":"<p>Muzaffer \u0130zg\u00fc okumay\u0131 yeni \u00f6\u011frenen \u00e7ocuklar i\u00e7in be\u015f kitap yazd\u0131. Okumaya hangisinden ba\u015flarsan\u0131z ba\u015flay\u0131n, di\u011ferleri i\u00e7in sab\u0131rs\u0131zlanacaks\u0131n\u0131z. \u00dcstelik Serap Deliorman \u00f6yle g\u00fczel resimledi ki onlar\u0131, kitapl\u0131\u011f\u0131n\u0131z\u0131n<span class=\"excerpt-hellip\"> [\u2026]<\/span><\/p>\n","protected":false},"featured_media":0,"template":"","meta":{"_monsterinsights_skip_tracking":false,"_monsterinsights_sitenote_active":false,"_monsterinsights_sitenote_note":"","_monsterinsights_sitenote_category":0},"product_brand":[],"product_cat":[12274,12518],"product_tag":[],"class_list":{"0":"post-701189","1":"product","2":"type-product","3":"status-publish","5":"product_cat-cocuk-ve-genclik-kitaplari","6":"product_cat-okul-oncesi-kitaplar","7":"pa_tur-kitap","8":"pa_yayinevi-bilgi-yayinevi-cocuk","9":"pa_yazar-muzaffer-izgu","11":"first","12":"instock","13":"sale","14":"shipping-taxable","15":"purchasable","16":"product-type-simple"},"_links":{"self":[{"href":"https:\/\/roveyayinevi.com.tr\/index.php\/wp-json\/wp\/v2\/product\/701189","targetHints":{"allow":["GET"]}}],"collection":[{"href":"https:\/\/roveyayinevi.com.tr\/index.php\/wp-json\/wp\/v2\/product"}],"about":[{"href":"https:\/\/roveyayinevi.com.tr\/index.php\/wp-json\/wp\/v2\/types\/product"}],"wp:attachment":[{"href":"https:\/\/roveyayinevi.com.tr\/index.php\/wp-json\/wp\/v2\/media?parent=701189"}],"wp:term":[{"taxonomy":"product_brand","embeddable":true,"href":"https:\/\/roveyayinevi.com.tr\/index.php\/wp-json\/wp\/v2\/product_brand?post=701189"},{"taxonomy":"product_cat","embeddable":true,"href":"https:\/\/roveyayinevi.com.tr\/index.php\/wp-json\/wp\/v2\/product_cat?post=701189"},{"taxonomy":"product_tag","embeddable":true,"href":"https:\/\/roveyayinevi.com.tr\/index.php\/wp-json\/wp\/v2\/product_tag?post=701189"}],"curies":[{"name":"wp","href":"https:\/\/api.w.org\/{rel}","templated":true}]}}