{"id":701188,"date":"2025-08-27T15:06:19","date_gmt":"2025-08-27T12:06:19","guid":{"rendered":"https:\/\/roveyayinevi.com.tr\/index.php\/urun\/anneannem-susleniyor-anneannemin-akil-almaz-maceralari-serisi-11\/"},"modified":"2026-04-16T02:10:41","modified_gmt":"2026-04-15T23:10:41","slug":"anneannem-susleniyor-anneannemin-akil-almaz-maceralari-serisi-11","status":"publish","type":"product","link":"https:\/\/roveyayinevi.com.tr\/index.php\/urun\/anneannem-susleniyor-anneannemin-akil-almaz-maceralari-serisi-11\/","title":{"rendered":"Anneannem S\u00fcsleniyor &#8211; Anneannemin Ak\u0131l Almaz Maceralar\u0131 Serisi 11"},"content":{"rendered":"<p>\u201cAnneannem S\u00fcsleniyor\u201d, yine \u00e7ocuklar\u0131n be\u011fenisini toplayacak maceralardan olu\u015fuyor. Sevimli anneanne Hikmet Han\u0131m bu kez tiyatroya merak sar\u0131yor, h\u0131rs\u0131z kovalama teknikleri geli\u015ftiriyor ve torunu Metin&#8217;in hastal\u0131\u011f\u0131n\u0131 ilgin\u00e7 y\u00f6ntemlerle iyile\u015ftiriyor. Tabii ki Metin, t\u00fcm bunlar olup biterken \u00e7ok e\u011fleniyor ve \u201c\u0130yi ki sevimli, \u00e7\u0131lg\u0131n bir anneannem var,\u201d diyor. \u00c7ocuklar, Metin&#8217;in e\u011flencesine kat\u0131lmak istiyorsan\u0131z, kitab\u0131n kapa\u011f\u0131n\u0131 a\u00e7man\u0131z yeterli. Keyifli okumalar.<\/p>\n","protected":false},"excerpt":{"rendered":"<p>\u201cAnneannem S\u00fcsleniyor\u201d, yine \u00e7ocuklar\u0131n be\u011fenisini toplayacak maceralardan olu\u015fuyor. Sevimli anneanne Hikmet Han\u0131m bu kez tiyatroya merak sar\u0131yor, h\u0131rs\u0131z kovalama teknikleri geli\u015ftiriyor ve torunu Metin&#8217;in hastal\u0131\u011f\u0131n\u0131 ilgin\u00e7<span class=\"excerpt-hellip\"> [\u2026]<\/span><\/p>\n","protected":false},"featured_media":0,"template":"","meta":{"_monsterinsights_skip_tracking":false,"_monsterinsights_sitenote_active":false,"_monsterinsights_sitenote_note":"","_monsterinsights_sitenote_category":0},"product_brand":[],"product_cat":[12274,12284],"product_tag":[],"class_list":{"0":"post-701188","1":"product","2":"type-product","3":"status-publish","5":"product_cat-cocuk-ve-genclik-kitaplari","6":"product_cat-hikayeler","7":"pa_cilt-ciltsiz","8":"pa_tur-kitap","9":"pa_yayinevi-bilgi-yayinevi-cocuk","10":"pa_yazar-muzaffer-izgu","12":"first","13":"instock","14":"sale","15":"shipping-taxable","16":"purchasable","17":"product-type-simple"},"_links":{"self":[{"href":"https:\/\/roveyayinevi.com.tr\/index.php\/wp-json\/wp\/v2\/product\/701188","targetHints":{"allow":["GET"]}}],"collection":[{"href":"https:\/\/roveyayinevi.com.tr\/index.php\/wp-json\/wp\/v2\/product"}],"about":[{"href":"https:\/\/roveyayinevi.com.tr\/index.php\/wp-json\/wp\/v2\/types\/product"}],"wp:attachment":[{"href":"https:\/\/roveyayinevi.com.tr\/index.php\/wp-json\/wp\/v2\/media?parent=701188"}],"wp:term":[{"taxonomy":"product_brand","embeddable":true,"href":"https:\/\/roveyayinevi.com.tr\/index.php\/wp-json\/wp\/v2\/product_brand?post=701188"},{"taxonomy":"product_cat","embeddable":true,"href":"https:\/\/roveyayinevi.com.tr\/index.php\/wp-json\/wp\/v2\/product_cat?post=701188"},{"taxonomy":"product_tag","embeddable":true,"href":"https:\/\/roveyayinevi.com.tr\/index.php\/wp-json\/wp\/v2\/product_tag?post=701188"}],"curies":[{"name":"wp","href":"https:\/\/api.w.org\/{rel}","templated":true}]}}