{"id":701185,"date":"2025-08-27T15:06:18","date_gmt":"2025-08-27T12:06:18","guid":{"rendered":"https:\/\/roveyayinevi.com.tr\/index.php\/urun\/anneannem-sihirbaz\/"},"modified":"2026-04-16T02:10:41","modified_gmt":"2026-04-15T23:10:41","slug":"anneannem-sihirbaz","status":"publish","type":"product","link":"https:\/\/roveyayinevi.com.tr\/index.php\/urun\/anneannem-sihirbaz\/","title":{"rendered":"Anneannem Sihirbaz"},"content":{"rendered":"<p>Sevimli anneannemiz Hikmet Teyze, torunlar\u0131n\u0131 e\u011flendirebilmek i\u00e7in yeni bir yol bulur: Sihirbazl\u0131k. Ve bu yeni numaras\u0131n\u0131, her zaman oldu\u011fu gibi evin  sevimli kedisi Tekir \u00fczerinde denemek ister. Bakal\u0131m anneannemizin hokus pokusu Tekir&#8217;i yok edebilecek mi? *** <\/p>\n","protected":false},"excerpt":{"rendered":"<p>Sevimli anneannemiz Hikmet Teyze, torunlar\u0131n\u0131 e\u011flendirebilmek i\u00e7in yeni bir yol bulur: Sihirbazl\u0131k. Ve bu yeni numaras\u0131n\u0131, her zaman oldu\u011fu gibi evin sevimli kedisi Tekir \u00fczerinde denemek<span class=\"excerpt-hellip\"> [\u2026]<\/span><\/p>\n","protected":false},"featured_media":0,"template":"","meta":{"_monsterinsights_skip_tracking":false,"_monsterinsights_sitenote_active":false,"_monsterinsights_sitenote_note":"","_monsterinsights_sitenote_category":0},"product_brand":[],"product_cat":[12275,12274],"product_tag":[],"class_list":{"0":"post-701185","1":"product","2":"type-product","3":"status-publish","5":"product_cat-6-12-yas-kitaplari","6":"product_cat-cocuk-ve-genclik-kitaplari","7":"pa_cilt-ciltsiz","8":"pa_tur-kitap","9":"pa_yayinevi-bilgi-yayinevi-cocuk","10":"pa_yazar-muzaffer-izgu","12":"first","13":"instock","14":"sale","15":"shipping-taxable","16":"purchasable","17":"product-type-simple"},"_links":{"self":[{"href":"https:\/\/roveyayinevi.com.tr\/index.php\/wp-json\/wp\/v2\/product\/701185","targetHints":{"allow":["GET"]}}],"collection":[{"href":"https:\/\/roveyayinevi.com.tr\/index.php\/wp-json\/wp\/v2\/product"}],"about":[{"href":"https:\/\/roveyayinevi.com.tr\/index.php\/wp-json\/wp\/v2\/types\/product"}],"wp:attachment":[{"href":"https:\/\/roveyayinevi.com.tr\/index.php\/wp-json\/wp\/v2\/media?parent=701185"}],"wp:term":[{"taxonomy":"product_brand","embeddable":true,"href":"https:\/\/roveyayinevi.com.tr\/index.php\/wp-json\/wp\/v2\/product_brand?post=701185"},{"taxonomy":"product_cat","embeddable":true,"href":"https:\/\/roveyayinevi.com.tr\/index.php\/wp-json\/wp\/v2\/product_cat?post=701185"},{"taxonomy":"product_tag","embeddable":true,"href":"https:\/\/roveyayinevi.com.tr\/index.php\/wp-json\/wp\/v2\/product_tag?post=701185"}],"curies":[{"name":"wp","href":"https:\/\/api.w.org\/{rel}","templated":true}]}}