{"id":701182,"date":"2025-08-27T15:06:17","date_gmt":"2025-08-27T12:06:17","guid":{"rendered":"https:\/\/roveyayinevi.com.tr\/index.php\/urun\/ask-ve-irade\/"},"modified":"2026-04-16T02:10:41","modified_gmt":"2026-04-15T23:10:41","slug":"ask-ve-irade","status":"publish","type":"product","link":"https:\/\/roveyayinevi.com.tr\/index.php\/urun\/ask-ve-irade\/","title":{"rendered":"A\u015fk ve \u0130rade"},"content":{"rendered":"<p>D\u00fcnyaca \u00fcnl\u00fc psikanalist Rollo May bu kitab\u0131nda, kay\u0131ts\u0131zl\u0131\u011f\u0131n hakim oldu\u011fu \u015fizoid d\u00fcnyam\u0131zda, i\u00e7i bo\u015falt\u0131p anlams\u0131zla\u015ft\u0131r\u0131lan bu iki kavram\u0131; a\u015fk ve iradenin ger\u00e7ek anlamlar\u0131n\u0131, kaynaklar\u0131n\u0131 ve birbiriyle ili\u015fkisini ortaya koyuyor.   \u201cG\u00fcn\u00fcm\u00fczde a\u015fk ve iradeye dair en \u00e7arp\u0131c\u0131 nokta, ge\u00e7mi\u015fte ya\u015fam\u0131n \u00e7\u0131kmazlar\u0131na bir \u00e7\u00f6z\u00fcm olarak g\u00f6r\u00fclmelerine kar\u015f\u0131n, bu kavramlar\u0131n \u015fimdi bizzat sorun haline gelmi\u015f olmalar\u0131d\u0131r. Ge\u00e7mi\u015fte kendimizi y\u00f6nlendirdi\u011fimiz eski mitler ve simgeler yok art\u0131k; kayg\u0131 kol gezmekte ve biz, birbirimize s\u0131k\u0131ca sar\u0131l\u0131p, hissettiklerimizin a\u015fk oldu\u011funa kendimizi ikna etmeye \u00e7al\u0131\u015f\u0131yoruz. \u0130rademizi kullanm\u0131yoruz \u00e7\u00fcnk\u00fc bir \u015feyi veya ki\u015fiyi se\u00e7ersek di\u011ferini kaybedece\u011fimizden korkuyoruz ve kendimizi \u015fans\u0131m\u0131z\u0131 deneyemeyecek kadar g\u00fcvensiz hissediyoruz. Birey i\u00e7e d\u00f6nmeye zorlanmaktad\u0131r; kimlik sorununun yeni bir bi\u00e7imine saplan\u0131p kalm\u0131\u015ft\u0131r: Kim-oldu\u011fumu-bilsem-bile-bir-\u00f6nemim-yok.\u201d (Kitaptan)   \u201cBilgece, zengin, zeki ve vazge\u00e7ilmez. \u201d  \u2013The New York Times   \u201cDr. May hepimizin hayat\u0131n\u0131 de\u011fi\u015ftirebilecek bir yo\u011funluk ve zeka sunuyor. A\u015fk ve \u0130rade insani miras\u0131m\u0131z\u0131 ve potansiyelimizi inceleme, onlar\u0131 ba\u011fr\u0131na basma cesaretine sahip olanlar\u0131n inceleyece\u011fi ve ba\u011f\u0131rlar\u0131na basaca\u011f\u0131 bir kitap.\u201d \u2013The San Francisco Examiner   \u201cNefis ve kusursuz bir \u00fcslupta yaz\u0131lm\u0131\u015f bu kitap, anlaml\u0131 ve y\u00fcreklendirici bir i\u00e7g\u00f6r\u00fcyle dolu m\u00fckemmel bir modern hayat ve a\u015fk incelemsi.\u201d \u2013Sun Times (Chicago) <\/p>\n","protected":false},"excerpt":{"rendered":"<p>D\u00fcnyaca \u00fcnl\u00fc psikanalist Rollo May bu kitab\u0131nda, kay\u0131ts\u0131zl\u0131\u011f\u0131n hakim oldu\u011fu \u015fizoid d\u00fcnyam\u0131zda, i\u00e7i bo\u015falt\u0131p anlams\u0131zla\u015ft\u0131r\u0131lan bu iki kavram\u0131; a\u015fk ve iradenin ger\u00e7ek anlamlar\u0131n\u0131, kaynaklar\u0131n\u0131 ve birbiriyle<span class=\"excerpt-hellip\"> [\u2026]<\/span><\/p>\n","protected":false},"featured_media":0,"template":"","meta":{"_monsterinsights_skip_tracking":false,"_monsterinsights_sitenote_active":false,"_monsterinsights_sitenote_note":"","_monsterinsights_sitenote_category":0},"product_brand":[],"product_cat":[12358,12357],"product_tag":[],"class_list":{"0":"post-701182","1":"product","2":"type-product","3":"status-publish","5":"product_cat-genel-psikoloji","6":"product_cat-psikoloji","7":"pa_cilt-ciltsiz","8":"pa_tur-kitap","9":"pa_yayinevi-okuyan-us-yayin","10":"pa_yazar-rollo-may","12":"first","13":"instock","14":"sale","15":"shipping-taxable","16":"purchasable","17":"product-type-simple"},"_links":{"self":[{"href":"https:\/\/roveyayinevi.com.tr\/index.php\/wp-json\/wp\/v2\/product\/701182","targetHints":{"allow":["GET"]}}],"collection":[{"href":"https:\/\/roveyayinevi.com.tr\/index.php\/wp-json\/wp\/v2\/product"}],"about":[{"href":"https:\/\/roveyayinevi.com.tr\/index.php\/wp-json\/wp\/v2\/types\/product"}],"wp:attachment":[{"href":"https:\/\/roveyayinevi.com.tr\/index.php\/wp-json\/wp\/v2\/media?parent=701182"}],"wp:term":[{"taxonomy":"product_brand","embeddable":true,"href":"https:\/\/roveyayinevi.com.tr\/index.php\/wp-json\/wp\/v2\/product_brand?post=701182"},{"taxonomy":"product_cat","embeddable":true,"href":"https:\/\/roveyayinevi.com.tr\/index.php\/wp-json\/wp\/v2\/product_cat?post=701182"},{"taxonomy":"product_tag","embeddable":true,"href":"https:\/\/roveyayinevi.com.tr\/index.php\/wp-json\/wp\/v2\/product_tag?post=701182"}],"curies":[{"name":"wp","href":"https:\/\/api.w.org\/{rel}","templated":true}]}}