{"id":701177,"date":"2025-08-27T15:06:16","date_gmt":"2025-08-27T12:06:16","guid":{"rendered":"https:\/\/roveyayinevi.com.tr\/index.php\/urun\/anneannemin-ani-defteri\/"},"modified":"2026-04-16T02:10:41","modified_gmt":"2026-04-15T23:10:41","slug":"anneannemin-ani-defteri","status":"publish","type":"product","link":"https:\/\/roveyayinevi.com.tr\/index.php\/urun\/anneannemin-ani-defteri\/","title":{"rendered":"Anneannemin An\u0131 Defteri"},"content":{"rendered":"<p>Metinin anneannesi art\u0131k i\u00e7imizden biri oldu, de\u011fil mi \u00e7ocuklar? Hikmet Han\u0131m\u2019\u0131 \u00e7ok seviyoruz hem de yeni ser\u00fcvenlerini merakla bekliyoruz. Pek\u0131 onu yazar anneanne, krali\u00e7e anneanne ya da mirasyedi anneanne olarak d\u00fc\u015fleyebilir misiniz?&#8230;<\/p>\n","protected":false},"excerpt":{"rendered":"<p>Metinin anneannesi art\u0131k i\u00e7imizden biri oldu, de\u011fil mi \u00e7ocuklar? Hikmet Han\u0131m\u2019\u0131 \u00e7ok seviyoruz hem de yeni ser\u00fcvenlerini merakla bekliyoruz. Pek\u0131 onu yazar anneanne, krali\u00e7e anneanne ya<span class=\"excerpt-hellip\"> [\u2026]<\/span><\/p>\n","protected":false},"featured_media":0,"template":"","meta":{"_monsterinsights_skip_tracking":false,"_monsterinsights_sitenote_active":false,"_monsterinsights_sitenote_note":"","_monsterinsights_sitenote_category":0},"product_brand":[],"product_cat":[12274,12284],"product_tag":[],"class_list":{"0":"post-701177","1":"product","2":"type-product","3":"status-publish","5":"product_cat-cocuk-ve-genclik-kitaplari","6":"product_cat-hikayeler","7":"pa_cilt-ciltsiz","8":"pa_tur-kitap","9":"pa_yayinevi-bilgi-yayinevi-cocuk","10":"pa_yazar-muzaffer-izgu","12":"first","13":"instock","14":"sale","15":"shipping-taxable","16":"purchasable","17":"product-type-simple"},"_links":{"self":[{"href":"https:\/\/roveyayinevi.com.tr\/index.php\/wp-json\/wp\/v2\/product\/701177","targetHints":{"allow":["GET"]}}],"collection":[{"href":"https:\/\/roveyayinevi.com.tr\/index.php\/wp-json\/wp\/v2\/product"}],"about":[{"href":"https:\/\/roveyayinevi.com.tr\/index.php\/wp-json\/wp\/v2\/types\/product"}],"wp:attachment":[{"href":"https:\/\/roveyayinevi.com.tr\/index.php\/wp-json\/wp\/v2\/media?parent=701177"}],"wp:term":[{"taxonomy":"product_brand","embeddable":true,"href":"https:\/\/roveyayinevi.com.tr\/index.php\/wp-json\/wp\/v2\/product_brand?post=701177"},{"taxonomy":"product_cat","embeddable":true,"href":"https:\/\/roveyayinevi.com.tr\/index.php\/wp-json\/wp\/v2\/product_cat?post=701177"},{"taxonomy":"product_tag","embeddable":true,"href":"https:\/\/roveyayinevi.com.tr\/index.php\/wp-json\/wp\/v2\/product_tag?post=701177"}],"curies":[{"name":"wp","href":"https:\/\/api.w.org\/{rel}","templated":true}]}}