{"id":701171,"date":"2025-08-27T15:06:14","date_gmt":"2025-08-27T12:06:14","guid":{"rendered":"https:\/\/roveyayinevi.com.tr\/index.php\/urun\/dunyadaki-yasam\/"},"modified":"2026-04-16T02:10:41","modified_gmt":"2026-04-15T23:10:41","slug":"dunyadaki-yasam","status":"publish","type":"product","link":"https:\/\/roveyayinevi.com.tr\/index.php\/urun\/dunyadaki-yasam\/","title":{"rendered":"D\u00fcnya&#8217;daki Ya\u015fam"},"content":{"rendered":"<p>D\u00fcnya \u00fczerinde, farkl\u0131 t\u00fcrlerde milyonlarca bitki ve hayvan ya\u015far. Milyonlarcas\u0131 da ge\u00e7mi\u015fte ya\u015fad\u0131. Peki, bu bitkiler ve hayvanlar nereden geldi? Neden baz\u0131lar\u0131n\u0131n soyu t\u00fckenirken baz\u0131lar\u0131 hayatta kalmaya devam etti? \ufffcTan\u0131t\u0131m Metni<\/p>\n","protected":false},"excerpt":{"rendered":"<p>D\u00fcnya \u00fczerinde, farkl\u0131 t\u00fcrlerde milyonlarca bitki ve hayvan ya\u015far. Milyonlarcas\u0131 da ge\u00e7mi\u015fte ya\u015fad\u0131. Peki, bu bitkiler ve hayvanlar nereden geldi? Neden baz\u0131lar\u0131n\u0131n soyu t\u00fckenirken baz\u0131lar\u0131 hayatta<span class=\"excerpt-hellip\"> [\u2026]<\/span><\/p>\n","protected":false},"featured_media":0,"template":"","meta":{"_monsterinsights_skip_tracking":false,"_monsterinsights_sitenote_active":false,"_monsterinsights_sitenote_note":"","_monsterinsights_sitenote_category":0},"product_brand":[],"product_cat":[12364],"product_tag":[],"class_list":{"0":"post-701171","1":"product","2":"type-product","3":"status-publish","5":"product_cat-genel-konular","6":"pa_tur-kitap","7":"pa_yayinevi-kuraldisi-yayinevi","8":"pa_yazar-steve-jenkins","10":"first","11":"instock","12":"sale","13":"shipping-taxable","14":"purchasable","15":"product-type-simple"},"_links":{"self":[{"href":"https:\/\/roveyayinevi.com.tr\/index.php\/wp-json\/wp\/v2\/product\/701171","targetHints":{"allow":["GET"]}}],"collection":[{"href":"https:\/\/roveyayinevi.com.tr\/index.php\/wp-json\/wp\/v2\/product"}],"about":[{"href":"https:\/\/roveyayinevi.com.tr\/index.php\/wp-json\/wp\/v2\/types\/product"}],"wp:attachment":[{"href":"https:\/\/roveyayinevi.com.tr\/index.php\/wp-json\/wp\/v2\/media?parent=701171"}],"wp:term":[{"taxonomy":"product_brand","embeddable":true,"href":"https:\/\/roveyayinevi.com.tr\/index.php\/wp-json\/wp\/v2\/product_brand?post=701171"},{"taxonomy":"product_cat","embeddable":true,"href":"https:\/\/roveyayinevi.com.tr\/index.php\/wp-json\/wp\/v2\/product_cat?post=701171"},{"taxonomy":"product_tag","embeddable":true,"href":"https:\/\/roveyayinevi.com.tr\/index.php\/wp-json\/wp\/v2\/product_tag?post=701171"}],"curies":[{"name":"wp","href":"https:\/\/api.w.org\/{rel}","templated":true}]}}