{"id":701167,"date":"2025-08-27T15:06:13","date_gmt":"2025-08-27T12:06:13","guid":{"rendered":"https:\/\/roveyayinevi.com.tr\/index.php\/urun\/tepedeki-ev\/"},"modified":"2026-04-16T02:10:41","modified_gmt":"2026-04-15T23:10:41","slug":"tepedeki-ev","status":"publish","type":"product","link":"https:\/\/roveyayinevi.com.tr\/index.php\/urun\/tepedeki-ev\/","title":{"rendered":"Tepedeki Ev"},"content":{"rendered":"<p>\u0130talyan edebiyat\u0131n\u0131n en \u00f6nemli adlar\u0131ndan biri olan Cesare Pavese romanlar\u0131nda ve \u015fiirlerinde \u00e7a\u011fda\u015f d\u00fcnya sorunlar\u0131na, bu sorunlar\u0131 ya\u015fayan insanlar\u0131n yazg\u0131lar\u0131na e\u011filmi\u015f gen\u00e7 bir yazard\u0131. Daha k\u0131rk iki ya\u015f\u0131ndayken 1950 y\u0131l\u0131nda intihar ederek ya\u015fam\u0131na son veren Pavese, Tepedeki Ev i ya\u015fam\u0131n\u0131n son y\u0131llar\u0131nda kaleme alm\u0131\u015ft\u0131r. \u0130kinci D\u00fcnya Sava\u015f\u0131\u2019n\u0131n bitimine yak\u0131n bir d\u00f6nemde, fa\u015fistlere kar\u015f\u0131 y\u00fcr\u00fct\u00fclen i\u00e7 sava\u015f s\u0131ras\u0131nda kentten ka\u00e7\u0131p uzaklara, \u00e7ocuklu\u011funun ge\u00e7ti\u011fi yerlere giden \u00f6\u011fretmen Corrado, ge\u00e7mi\u015fte k\u0131sa s\u00fcreli bir ili\u015fki ya\u015fad\u0131\u011f\u0131 kad\u0131nla kar\u015f\u0131la\u015f\u0131r. Ya\u015fad\u0131\u011f\u0131 d\u00f6nemin kat\u0131 ger\u00e7e\u011finden ve belirsiz bir gelecekten ka\u00e7arken, sava\u015f\u0131n ac\u0131mas\u0131zl\u0131\u011f\u0131ndan, anlams\u0131zl\u0131\u011f\u0131ndan derinden etkilenir, Sava\u015f bir g\u00fcn biterse , der, \u015funu sormal\u0131y\u0131z kendimize: Peki ya \u00f6lenleri ne yapaca\u011f\u0131z? Neden \u00f6ld\u00fcler? \ufffcTan\u0131t\u0131m Metni<\/p>\n","protected":false},"excerpt":{"rendered":"<p>\u0130talyan edebiyat\u0131n\u0131n en \u00f6nemli adlar\u0131ndan biri olan Cesare Pavese romanlar\u0131nda ve \u015fiirlerinde \u00e7a\u011fda\u015f d\u00fcnya sorunlar\u0131na, bu sorunlar\u0131 ya\u015fayan insanlar\u0131n yazg\u0131lar\u0131na e\u011filmi\u015f gen\u00e7 bir yazard\u0131. Daha k\u0131rk<span class=\"excerpt-hellip\"> [\u2026]<\/span><\/p>\n","protected":false},"featured_media":0,"template":"","meta":{"_monsterinsights_skip_tracking":false,"_monsterinsights_sitenote_active":false,"_monsterinsights_sitenote_note":"","_monsterinsights_sitenote_category":0},"product_brand":[],"product_cat":[12364],"product_tag":[],"class_list":{"0":"post-701167","1":"product","2":"type-product","3":"status-publish","5":"product_cat-genel-konular","6":"pa_cilt-ciltsiz","7":"pa_tur-kitap","8":"pa_yayinevi-can-yayinlari","9":"pa_yazar-cesare-pavese","11":"first","12":"instock","13":"sale","14":"shipping-taxable","15":"purchasable","16":"product-type-simple"},"_links":{"self":[{"href":"https:\/\/roveyayinevi.com.tr\/index.php\/wp-json\/wp\/v2\/product\/701167","targetHints":{"allow":["GET"]}}],"collection":[{"href":"https:\/\/roveyayinevi.com.tr\/index.php\/wp-json\/wp\/v2\/product"}],"about":[{"href":"https:\/\/roveyayinevi.com.tr\/index.php\/wp-json\/wp\/v2\/types\/product"}],"wp:attachment":[{"href":"https:\/\/roveyayinevi.com.tr\/index.php\/wp-json\/wp\/v2\/media?parent=701167"}],"wp:term":[{"taxonomy":"product_brand","embeddable":true,"href":"https:\/\/roveyayinevi.com.tr\/index.php\/wp-json\/wp\/v2\/product_brand?post=701167"},{"taxonomy":"product_cat","embeddable":true,"href":"https:\/\/roveyayinevi.com.tr\/index.php\/wp-json\/wp\/v2\/product_cat?post=701167"},{"taxonomy":"product_tag","embeddable":true,"href":"https:\/\/roveyayinevi.com.tr\/index.php\/wp-json\/wp\/v2\/product_tag?post=701167"}],"curies":[{"name":"wp","href":"https:\/\/api.w.org\/{rel}","templated":true}]}}