{"id":701164,"date":"2025-08-27T15:06:12","date_gmt":"2025-08-27T12:06:12","guid":{"rendered":"https:\/\/roveyayinevi.com.tr\/index.php\/urun\/benden-selam-soyle-anadoluya\/"},"modified":"2026-02-03T02:17:37","modified_gmt":"2026-02-02T23:17:37","slug":"benden-selam-soyle-anadoluya","status":"publish","type":"product","link":"https:\/\/roveyayinevi.com.tr\/index.php\/urun\/benden-selam-soyle-anadoluya\/","title":{"rendered":"Benden Selam S\u00f6yle Anadolu\u2019ya"},"content":{"rendered":"<p>\u2019Ve sen K\u00f6r Mehmet\u2019in damad\u0131! Hele sen! Niye \u00f6yle tiksinerek bak\u0131yorsun y\u00fcz\u00fcme? \u00d6ld\u00fcrd\u00fcm evet seni, ne olmu\u015f! Ve i\u015fte a\u011fl\u0131yorum&#8230; Sen de \u00f6ld\u00fcrd\u00fcn! Karde\u015fler, dostlar, hem\u015fehriler&#8230; Koskoca bir ku\u015fak, durup dururken katletti kendi kendini!.. Anayurduma selam s\u00f6yle benden K\u00f6r Mehmet\u2019in damad\u0131! Benden Selam S\u00f6yle Anadolu\u2019ya!.. Topra\u011f\u0131n\u0131 kanla sulad\u0131k diye bize garezlenmesin&#8230; Ve karde\u015fi k\u0131rd\u0131ran cellatlar\u0131n Allah bin belas\u0131n\u0131 versin!..\u20191982 y\u0131l\u0131nda Abdi \u0130pek\u00e7i T\u00fcrk-Yunan Dostluk \u00d6d\u00fcl\u00fc\u2019n\u00fc alan bu kitap, k\u00f6kleri T\u00fcrkiye\u2019de olan, Kurtulu\u015f Sava\u015f\u0131\u2019ndan sonra T\u00fcrkiye\u2019den g\u00f6\u00e7 etmek zorunda kalan \u00fcnl\u00fc Yunanl\u0131 yazar Dido Sotiriyu\u2019nun en \u00f6nemli etkileyici kitab\u0131. T\u00fcrkiye\u2019nin k\u00fclt\u00fcr mozayi\u011finde \u00e7ok \u00f6nemli bir yer tutan Yunanl\u0131 az\u0131nl\u0131klar\u0131n, Kurtulu\u015f Sava\u015f\u0131 \u00f6ncesindeki ve sava\u015f s\u0131ras\u0131ndaki ya\u015famlar\u0131ndan ger\u00e7ek\u00e7i kesitler sunan Dido Sotiriyu, kendisini \u015f\u00f6yle tan\u0131t\u0131yor: \u2019Babam sabun yap\u0131mc\u0131s\u0131yd\u0131. \u00c7ocukluk y\u0131llar\u0131mda ailemle birlikte, do\u011fdu\u011fum il olan Ayd\u0131n\u2019da ya\u015fad\u0131m. 1922\u2019de Anadolu\u2019dan ayr\u0131larak Yunanistan\u2019a, amcamlar\u0131n yan\u0131na gitmek zorunda kald\u0131m. Ailem daha sonra g\u00f6\u00e7t\u00fc oraya. \u0130lk \u00e7ocukluk y\u0131llar\u0131n\u0131n an\u0131lar\u0131 belle\u011fimden silinmiyordu. Babam\u0131n arkada\u015f\u0131 Talat Beyler, sokakta oynad\u0131\u011f\u0131m Rum ve T\u00fcrk \u00e7ocuklar\u0131 bug\u00fcn bile akl\u0131mda. Ya\u015fad\u0131\u011f\u0131m g\u00fcnlerin, duydu\u011fum ger\u00e7ek olaylar\u0131n o kadar etkisi ve b\u00fcy\u00fcs\u00fc alt\u0131nda kalm\u0131\u015ft\u0131m ki, bu konuyu ele alan bir kitap yazma iste\u011fi i\u00e7imde \u00e7\u0131\u011f gibi b\u00fcy\u00fcyordu. 1962 y\u0131l\u0131nda, Benden Selam S\u00f6yle Anadolu\u2019ya adl\u0131 kitab\u0131m yay\u0131nland\u0131. Bence ilk kez ger\u00e7ekleri ortaya koyan bu kitapta ge\u00e7enler t\u00fcm\u00fcyle tarafs\u0131z bir g\u00f6zle yaz\u0131ld\u0131.\u2019<\/p>\n","protected":false},"excerpt":{"rendered":"<p>\u2019Ve sen K\u00f6r Mehmet\u2019in damad\u0131! Hele sen! Niye \u00f6yle tiksinerek bak\u0131yorsun y\u00fcz\u00fcme? \u00d6ld\u00fcrd\u00fcm evet seni, ne olmu\u015f! Ve i\u015fte a\u011fl\u0131yorum&#8230; Sen de \u00f6ld\u00fcrd\u00fcn! Karde\u015fler, dostlar, hem\u015fehriler&#8230;<span class=\"excerpt-hellip\"> [\u2026]<\/span><\/p>\n","protected":false},"featured_media":0,"template":"","meta":{"_monsterinsights_skip_tracking":false,"_monsterinsights_sitenote_active":false,"_monsterinsights_sitenote_note":"","_monsterinsights_sitenote_category":0},"product_brand":[],"product_cat":[13661,12291],"product_tag":[],"class_list":{"0":"post-701164","1":"product","2":"type-product","3":"status-publish","5":"product_cat-diger-ulke-edebiyatlari","6":"product_cat-edebiyat","7":"pa_cilt-ciltsiz","8":"pa_tur-kitap","9":"pa_yayinevi-can-yayinlari","10":"pa_yazar-dido-sotiriyu","12":"first","13":"instock","14":"sale","15":"shipping-taxable","16":"purchasable","17":"product-type-simple"},"_links":{"self":[{"href":"https:\/\/roveyayinevi.com.tr\/index.php\/wp-json\/wp\/v2\/product\/701164","targetHints":{"allow":["GET"]}}],"collection":[{"href":"https:\/\/roveyayinevi.com.tr\/index.php\/wp-json\/wp\/v2\/product"}],"about":[{"href":"https:\/\/roveyayinevi.com.tr\/index.php\/wp-json\/wp\/v2\/types\/product"}],"wp:attachment":[{"href":"https:\/\/roveyayinevi.com.tr\/index.php\/wp-json\/wp\/v2\/media?parent=701164"}],"wp:term":[{"taxonomy":"product_brand","embeddable":true,"href":"https:\/\/roveyayinevi.com.tr\/index.php\/wp-json\/wp\/v2\/product_brand?post=701164"},{"taxonomy":"product_cat","embeddable":true,"href":"https:\/\/roveyayinevi.com.tr\/index.php\/wp-json\/wp\/v2\/product_cat?post=701164"},{"taxonomy":"product_tag","embeddable":true,"href":"https:\/\/roveyayinevi.com.tr\/index.php\/wp-json\/wp\/v2\/product_tag?post=701164"}],"curies":[{"name":"wp","href":"https:\/\/api.w.org\/{rel}","templated":true}]}}