{"id":701163,"date":"2025-08-27T15:06:11","date_gmt":"2025-08-27T12:06:11","guid":{"rendered":"https:\/\/roveyayinevi.com.tr\/index.php\/urun\/pazar-gunleri\/"},"modified":"2026-04-16T02:10:41","modified_gmt":"2026-04-15T23:10:41","slug":"pazar-gunleri","status":"publish","type":"product","link":"https:\/\/roveyayinevi.com.tr\/index.php\/urun\/pazar-gunleri\/","title":{"rendered":"Pazar G\u00fcnleri"},"content":{"rendered":"<p>Nazilerin otuz dokuz ya\u015f\u0131nda Auschwitz\u2019te \u00f6l\u00fcme terk etti\u011fi Ir\u00e8ne N\u00e9mirovsky, katillerine inat, \u00f6l\u00fcm\u00fcnden y\u0131llar sonra eserleriyle yeniden do\u011fdu. Roman yazar\u0131 olarak ba\u015flad\u0131\u011f\u0131 ve k\u0131sa s\u00fcrede parlad\u0131\u011f\u0131 edebiyat kariyerine \u00f6yk\u00fcyle devam eden N\u00e9mirovsky, karakterlerinin insana yans\u0131tt\u0131\u011f\u0131 yak\u0131nl\u0131k, tan\u0131\u015fl\u0131k duygusuyla, kimi zaman can yakan ger\u00e7ek\u00e7ili\u011fi ve ac\u0131mas\u0131z g\u00f6zlem yetene\u011fiyle tekrar tekrar ke\u015ffedildi. \u0130nsan\u0131 ve onun k\u0131r\u0131lgan tabiat\u0131n\u0131 yak\u0131ndan tan\u0131mas\u0131, etkileyici ve kat\u0131 bir d\u00fcr\u00fcstl\u00fckle, sab\u0131rla dile getirmesi ve Rus edebiyat gelene\u011finin incelikleriyle \u00f6r\u00fcl\u00fc eserleriyle, ele\u015ftirmenlerin \u00f6vg\u00fcye bo\u011fdu\u011fu bir yazar oldu. <\/p>\n","protected":false},"excerpt":{"rendered":"<p>Nazilerin otuz dokuz ya\u015f\u0131nda Auschwitz\u2019te \u00f6l\u00fcme terk etti\u011fi Ir\u00e8ne N\u00e9mirovsky, katillerine inat, \u00f6l\u00fcm\u00fcnden y\u0131llar sonra eserleriyle yeniden do\u011fdu. Roman yazar\u0131 olarak ba\u015flad\u0131\u011f\u0131 ve k\u0131sa s\u00fcrede parlad\u0131\u011f\u0131<span class=\"excerpt-hellip\"> [\u2026]<\/span><\/p>\n","protected":false},"featured_media":0,"template":"","meta":{"_monsterinsights_skip_tracking":false,"_monsterinsights_sitenote_active":false,"_monsterinsights_sitenote_note":"","_monsterinsights_sitenote_category":0},"product_brand":[],"product_cat":[12291,13376],"product_tag":[],"class_list":{"0":"post-701163","1":"product","2":"type-product","3":"status-publish","5":"product_cat-edebiyat","6":"product_cat-fransiz-edebiyati","7":"pa_cilt-ciltsiz","8":"pa_tur-kitap","9":"pa_yayinevi-can-yayinlari","10":"pa_yazar-irene-nemirovsky","12":"first","13":"instock","14":"sale","15":"shipping-taxable","16":"purchasable","17":"product-type-simple"},"_links":{"self":[{"href":"https:\/\/roveyayinevi.com.tr\/index.php\/wp-json\/wp\/v2\/product\/701163","targetHints":{"allow":["GET"]}}],"collection":[{"href":"https:\/\/roveyayinevi.com.tr\/index.php\/wp-json\/wp\/v2\/product"}],"about":[{"href":"https:\/\/roveyayinevi.com.tr\/index.php\/wp-json\/wp\/v2\/types\/product"}],"wp:attachment":[{"href":"https:\/\/roveyayinevi.com.tr\/index.php\/wp-json\/wp\/v2\/media?parent=701163"}],"wp:term":[{"taxonomy":"product_brand","embeddable":true,"href":"https:\/\/roveyayinevi.com.tr\/index.php\/wp-json\/wp\/v2\/product_brand?post=701163"},{"taxonomy":"product_cat","embeddable":true,"href":"https:\/\/roveyayinevi.com.tr\/index.php\/wp-json\/wp\/v2\/product_cat?post=701163"},{"taxonomy":"product_tag","embeddable":true,"href":"https:\/\/roveyayinevi.com.tr\/index.php\/wp-json\/wp\/v2\/product_tag?post=701163"}],"curies":[{"name":"wp","href":"https:\/\/api.w.org\/{rel}","templated":true}]}}