{"id":701161,"date":"2025-08-27T15:06:11","date_gmt":"2025-08-27T12:06:11","guid":{"rendered":"https:\/\/roveyayinevi.com.tr\/index.php\/urun\/montaigne\/"},"modified":"2026-04-16T02:10:41","modified_gmt":"2026-04-15T23:10:41","slug":"montaigne","status":"publish","type":"product","link":"https:\/\/roveyayinevi.com.tr\/index.php\/urun\/montaigne\/","title":{"rendered":"Montaigne"},"content":{"rendered":"<p>Stefan Zweig, Nazi Almanyas\u0131\u2019nda kitaplar\u0131n\u0131n yak\u0131lmas\u0131n\u0131n ard\u0131ndan, h\u00fcmanist d\u00fc\u015f\u00fcn\u00fcr Erasmus\u2019la ba\u015flad\u0131\u011f\u0131 i\u00e7sel yolculu\u011funa yine bir h\u00fcmanistle, Montaigne\u2019le noktay\u0131 koyar. Montaigne, yazar\u0131n 1942\u2019de hayat\u0131na son vermeyi se\u00e7mesiyle yar\u0131m kalan son eserlerinden biridir. Avrupa\u2019y\u0131 Avrupa yapan filozof ve yazarlar\u0131 konu alan biyografiler \u00fczerinden kendini anlama ve anlatma yolculu\u011funun Zweig i\u00e7in son u\u011fra\u011f\u0131d\u0131r Montaigne. Stefan Zweig, En g\u00f6n\u00fcll\u00fc \u00f6l\u00fcm, \u00f6l\u00fcmlerin en g\u00fczelidir, diyen Montaigne\u2019de kendini bulmu\u015ftur. B\u00fcy\u00fck Avrupa\u2019y\u0131 geri d\u00f6n\u00fc\u015f\u00fc olmayacak \u015fekilde sonland\u0131ran \u0130kinci D\u00fcnya Sava\u015f\u0131 y\u0131llar\u0131nda, ya\u015fam\u0131n ve ya\u015faman\u0131n insan\u0131n kendi iradesine ba\u011fl\u0131 olmaktan \u00e7\u0131kt\u0131\u011f\u0131n\u0131 fark eden son b\u00fcy\u00fck Avrupal\u0131d\u0131r Zweig. \ufffcTan\u0131t\u0131m Metni<\/p>\n","protected":false},"excerpt":{"rendered":"<p>Stefan Zweig, Nazi Almanyas\u0131\u2019nda kitaplar\u0131n\u0131n yak\u0131lmas\u0131n\u0131n ard\u0131ndan, h\u00fcmanist d\u00fc\u015f\u00fcn\u00fcr Erasmus\u2019la ba\u015flad\u0131\u011f\u0131 i\u00e7sel yolculu\u011funa yine bir h\u00fcmanistle, Montaigne\u2019le noktay\u0131 koyar. Montaigne, yazar\u0131n 1942\u2019de hayat\u0131na son vermeyi se\u00e7mesiyle<span class=\"excerpt-hellip\"> [\u2026]<\/span><\/p>\n","protected":false},"featured_media":0,"template":"","meta":{"_monsterinsights_skip_tracking":false,"_monsterinsights_sitenote_active":false,"_monsterinsights_sitenote_note":"","_monsterinsights_sitenote_category":0},"product_brand":[],"product_cat":[12777,12291],"product_tag":[],"class_list":{"0":"post-701161","1":"product","2":"type-product","3":"status-publish","5":"product_cat-deneme","6":"product_cat-edebiyat","7":"pa_cilt-ciltsiz","8":"pa_tur-kitap","9":"pa_yayinevi-can-yayinlari","10":"pa_yazar-stefan-zweig","12":"first","13":"instock","14":"sale","15":"shipping-taxable","16":"purchasable","17":"product-type-simple"},"_links":{"self":[{"href":"https:\/\/roveyayinevi.com.tr\/index.php\/wp-json\/wp\/v2\/product\/701161","targetHints":{"allow":["GET"]}}],"collection":[{"href":"https:\/\/roveyayinevi.com.tr\/index.php\/wp-json\/wp\/v2\/product"}],"about":[{"href":"https:\/\/roveyayinevi.com.tr\/index.php\/wp-json\/wp\/v2\/types\/product"}],"wp:attachment":[{"href":"https:\/\/roveyayinevi.com.tr\/index.php\/wp-json\/wp\/v2\/media?parent=701161"}],"wp:term":[{"taxonomy":"product_brand","embeddable":true,"href":"https:\/\/roveyayinevi.com.tr\/index.php\/wp-json\/wp\/v2\/product_brand?post=701161"},{"taxonomy":"product_cat","embeddable":true,"href":"https:\/\/roveyayinevi.com.tr\/index.php\/wp-json\/wp\/v2\/product_cat?post=701161"},{"taxonomy":"product_tag","embeddable":true,"href":"https:\/\/roveyayinevi.com.tr\/index.php\/wp-json\/wp\/v2\/product_tag?post=701161"}],"curies":[{"name":"wp","href":"https:\/\/api.w.org\/{rel}","templated":true}]}}