{"id":701160,"date":"2025-08-27T15:06:10","date_gmt":"2025-08-27T12:06:10","guid":{"rendered":"https:\/\/roveyayinevi.com.tr\/index.php\/urun\/monsieur-ya-da-karanliklar-prensi-avignon-beslisi-1\/"},"modified":"2025-08-31T14:14:37","modified_gmt":"2025-08-31T11:14:37","slug":"monsieur-ya-da-karanliklar-prensi-avignon-beslisi-1","status":"publish","type":"product","link":"https:\/\/roveyayinevi.com.tr\/index.php\/urun\/monsieur-ya-da-karanliklar-prensi-avignon-beslisi-1\/","title":{"rendered":"Monsieur ya da Karanl\u0131klar Prensi &#8211; Avignon Be\u015flisi 1"},"content":{"rendered":"<p>B\u00fcy\u00fck yenilgiler \u00f6ylesine derine i\u015fler ki, y\u00fczeyde g\u00fcl\u00fcmseyi\u015fin \u00f6tesinde hi\u00e7bir \u015fey g\u00f6r\u00fcnmez. Ve b\u00fcy\u00fck, \u00f6zel deneyimler yaln\u0131zca bir kez ya\u015fan\u0131r, ne yaz\u0131k!    Avignon: Krallar\u0131n ve papalar\u0131n \u015fehri, tarih\u00ee G\u00fcney Fransa\u2019n\u0131n ba\u015fkenti, efsanevi Provence\u2019\u0131n kalbi. Diplomat Piers, k\u0131z karde\u015fi Sylvie ve \u0130ngiliz Doktor Bruce\u2019un i\u00e7 i\u00e7e ge\u00e7mi\u015f spek\u00fclatif ya\u015famlar\u0131, patlak veren \u0130kinci D\u00fcnya Sava\u015f\u0131\u2019yla birlikte sonsuza dek de\u011fi\u015fir. Bu geli\u015fme onlar\u0131 birtak\u0131m entrikalar\u0131n, gnostik k\u00fcltlerin, din\u00ee rit\u00fcellerin i\u00e7ine s\u00fcr\u00fckler ve kendilerini sava\u015f sonras\u0131 Avrupa\u2019s\u0131n\u0131 \u015fekillendirecek felsefi ve estetik anahtarlar\u0131n, bilgelik aray\u0131\u015f\u0131n\u0131n pe\u015finde, gizemli maceralar\u0131n i\u00e7inde bulurlar.   Be\u015f kitaptan olu\u015fan Avignon Be\u015flisi, Hitler Avrupa\u2019s\u0131ndan Orta\u00e7a\u011f\u2019a, Frans\u0131z \u015fatolar\u0131ndan M\u0131s\u0131r \u00e7\u00f6llerine uzanan, co\u015fku ve deh\u015fetin, tutku ve \u00f6l\u00fcm\u00fcn destans\u0131 bir senfonisi; yaln\u0131zca Lawrence Durrell taraf\u0131ndan yaz\u0131labilecek bir ba\u015fyap\u0131t.    \u201cDurrell bir sihirbaz. Bulutlarla kapl\u0131 kuleler, muhte\u015fem saraylar ve g\u00f6rkemli tap\u0131naklar yarat\u0131yor, i\u00e7lerine giriyor, muazzam olay \u00f6rg\u00fcleri kuruyor ve her daim kendine hayran b\u0131rak\u0131yor.\u201d   The Times <\/p>\n","protected":false},"excerpt":{"rendered":"<p>B\u00fcy\u00fck yenilgiler \u00f6ylesine derine i\u015fler ki, y\u00fczeyde g\u00fcl\u00fcmseyi\u015fin \u00f6tesinde hi\u00e7bir \u015fey g\u00f6r\u00fcnmez. Ve b\u00fcy\u00fck, \u00f6zel deneyimler yaln\u0131zca bir kez ya\u015fan\u0131r, ne yaz\u0131k! Avignon: Krallar\u0131n ve papalar\u0131n<span class=\"excerpt-hellip\"> [\u2026]<\/span><\/p>\n","protected":false},"featured_media":0,"template":"","meta":{"_monsterinsights_skip_tracking":false,"_monsterinsights_sitenote_active":false,"_monsterinsights_sitenote_note":"","_monsterinsights_sitenote_category":0},"product_brand":[],"product_cat":[12291,12866],"product_tag":[],"class_list":{"0":"post-701160","1":"product","2":"type-product","3":"status-publish","5":"product_cat-edebiyat","6":"product_cat-ingiliz-edebiyati","7":"pa_cilt-ciltsiz","8":"pa_tur-kitap","9":"pa_yayinevi-can-yayinlari","10":"pa_yazar-lawrence-durrell","12":"first","13":"instock","14":"sale","15":"shipping-taxable","16":"purchasable","17":"product-type-simple"},"_links":{"self":[{"href":"https:\/\/roveyayinevi.com.tr\/index.php\/wp-json\/wp\/v2\/product\/701160","targetHints":{"allow":["GET"]}}],"collection":[{"href":"https:\/\/roveyayinevi.com.tr\/index.php\/wp-json\/wp\/v2\/product"}],"about":[{"href":"https:\/\/roveyayinevi.com.tr\/index.php\/wp-json\/wp\/v2\/types\/product"}],"wp:attachment":[{"href":"https:\/\/roveyayinevi.com.tr\/index.php\/wp-json\/wp\/v2\/media?parent=701160"}],"wp:term":[{"taxonomy":"product_brand","embeddable":true,"href":"https:\/\/roveyayinevi.com.tr\/index.php\/wp-json\/wp\/v2\/product_brand?post=701160"},{"taxonomy":"product_cat","embeddable":true,"href":"https:\/\/roveyayinevi.com.tr\/index.php\/wp-json\/wp\/v2\/product_cat?post=701160"},{"taxonomy":"product_tag","embeddable":true,"href":"https:\/\/roveyayinevi.com.tr\/index.php\/wp-json\/wp\/v2\/product_tag?post=701160"}],"curies":[{"name":"wp","href":"https:\/\/api.w.org\/{rel}","templated":true}]}}