{"id":701159,"date":"2025-08-27T15:06:10","date_gmt":"2025-08-27T12:06:10","guid":{"rendered":"https:\/\/roveyayinevi.com.tr\/index.php\/urun\/rotterdamli-erasmus\/"},"modified":"2026-04-16T02:10:40","modified_gmt":"2026-04-15T23:10:40","slug":"rotterdamli-erasmus","status":"publish","type":"product","link":"https:\/\/roveyayinevi.com.tr\/index.php\/urun\/rotterdamli-erasmus\/","title":{"rendered":"Rotterdaml\u0131 Erasmus"},"content":{"rendered":"<p>Her ko\u015ful alt\u0131nda i\u00e7 \u00f6zg\u00fcrl\u00fc\u011f\u00fcn\u00fc koruma u\u011frunda \u00e7aba harcamak, kimsenin efendisi olmaya kalk\u0131\u015fmamak, fakat kimseye de boyun e\u011fmemek; hi\u00e7bir sav ya da d\u00fc\u015f\u00fcnceye ba\u015ftan d\u00fc\u015fmanca yakla\u015fmamak, ama buyurgan nitelik almaya ba\u015flad\u0131\u011f\u0131 anda her sav\u0131n ya da d\u00fc\u015f\u00fcncenin kar\u015f\u0131s\u0131na dikilmek. B\u00fct\u00fcn bunlar gerek Erasmus\u2019un, gerek Zweig\u2019\u0131n ki\u015filiklerinde birbiriyle b\u00fct\u00fcn\u00fcyle \u00f6rt\u00fc\u015fen niteliklerdir. AHMET CEMAL Stefan Zweig\u2019\u0131n, Kuzey Avrupa R\u00f6nesans\u0131\u2019n\u0131n b\u00fcy\u00fck ustas\u0131, h\u00fcmanist bilgin Desiderius Erasmus i\u00e7in kaleme ald\u0131\u011f\u0131 bu ya\u015fam\u00f6yk\u00fcs\u00fc, ba\u011fnazl\u0131\u011f\u0131n her t\u00fcrl\u00fcs\u00fcne kar\u015f\u0131 bir sava\u015f ilan\u0131 niteli\u011fi ta\u015f\u0131yor. Rotterdaml\u0131 Erasmus: Zaferi ve Trajedisi, son nefesine kadar bir h\u00fcmanist, ger\u00e7ek bir d\u00fcnya vatanda\u015f\u0131 olarak kalan Zweig\u2019\u0131n deneme t\u00fcr\u00fcndeki ba\u015fyap\u0131t\u0131d\u0131r. <\/p>\n","protected":false},"excerpt":{"rendered":"<p>Her ko\u015ful alt\u0131nda i\u00e7 \u00f6zg\u00fcrl\u00fc\u011f\u00fcn\u00fc koruma u\u011frunda \u00e7aba harcamak, kimsenin efendisi olmaya kalk\u0131\u015fmamak, fakat kimseye de boyun e\u011fmemek; hi\u00e7bir sav ya da d\u00fc\u015f\u00fcnceye ba\u015ftan d\u00fc\u015fmanca yakla\u015fmamak,<span class=\"excerpt-hellip\"> [\u2026]<\/span><\/p>\n","protected":false},"featured_media":0,"template":"","meta":{"_monsterinsights_skip_tracking":false,"_monsterinsights_sitenote_active":false,"_monsterinsights_sitenote_note":"","_monsterinsights_sitenote_category":0},"product_brand":[],"product_cat":[12777,12291],"product_tag":[],"class_list":{"0":"post-701159","1":"product","2":"type-product","3":"status-publish","5":"product_cat-deneme","6":"product_cat-edebiyat","7":"pa_cilt-ciltsiz","8":"pa_tur-kitap","9":"pa_yayinevi-can-yayinlari","10":"pa_yazar-stefan-zweig","12":"first","13":"instock","14":"sale","15":"shipping-taxable","16":"purchasable","17":"product-type-simple"},"_links":{"self":[{"href":"https:\/\/roveyayinevi.com.tr\/index.php\/wp-json\/wp\/v2\/product\/701159","targetHints":{"allow":["GET"]}}],"collection":[{"href":"https:\/\/roveyayinevi.com.tr\/index.php\/wp-json\/wp\/v2\/product"}],"about":[{"href":"https:\/\/roveyayinevi.com.tr\/index.php\/wp-json\/wp\/v2\/types\/product"}],"wp:attachment":[{"href":"https:\/\/roveyayinevi.com.tr\/index.php\/wp-json\/wp\/v2\/media?parent=701159"}],"wp:term":[{"taxonomy":"product_brand","embeddable":true,"href":"https:\/\/roveyayinevi.com.tr\/index.php\/wp-json\/wp\/v2\/product_brand?post=701159"},{"taxonomy":"product_cat","embeddable":true,"href":"https:\/\/roveyayinevi.com.tr\/index.php\/wp-json\/wp\/v2\/product_cat?post=701159"},{"taxonomy":"product_tag","embeddable":true,"href":"https:\/\/roveyayinevi.com.tr\/index.php\/wp-json\/wp\/v2\/product_tag?post=701159"}],"curies":[{"name":"wp","href":"https:\/\/api.w.org\/{rel}","templated":true}]}}