{"id":701158,"date":"2025-08-27T15:06:10","date_gmt":"2025-08-27T12:06:10","guid":{"rendered":"https:\/\/roveyayinevi.com.tr\/index.php\/urun\/romancinin-romani\/"},"modified":"2026-04-16T02:10:40","modified_gmt":"2026-04-15T23:10:40","slug":"romancinin-romani","status":"publish","type":"product","link":"https:\/\/roveyayinevi.com.tr\/index.php\/urun\/romancinin-romani\/","title":{"rendered":"Romanc\u0131n\u0131n Roman\u0131"},"content":{"rendered":"<p>Avustralyal\u0131 Elizabeth Costello ya\u015flanmakta olan se\u00e7kin bir romanc\u0131d\u0131r. D\u00fcnyan\u0131n \u00e7e\u015fitli \u00fcniversitelerini dola\u015farak konferanslar verir. Ancak bu konferanslar, yazar\u0131n ahlaki, estetik ve felsefi sorunlarla ilgili d\u00fc\u015f\u00fcncelerinin yan\u0131 s\u0131ra kendi ya\u015fam\u00f6yk\u00fcs\u00fcnden kesitler de i\u00e7ermektedir. J.M. Coetzee, Romanc\u0131n\u0131n Roman\u0131\u2019nda kurgusal y\u00f6ntemlerle kurgu d\u0131\u015f\u0131 y\u00f6ntemleri ustaca birle\u015ftirerek son derece \u00f6zg\u00fcn bir yap\u0131t sunuyor okuyucuya. Roman bir kad\u0131n\u0131n anne, k\u0131z karde\u015f, sevgili ve yazar olarak ya\u015fam\u0131n\u0131n \u00f6yk\u00fcs\u00fc. Ama Coetzee, as\u0131l ustal\u0131\u011f\u0131n\u0131, \u00f6yk\u00fc anlatma sanat\u0131n\u0131n derinli\u011finde g\u00f6steriyor. Roman\u0131n \u015fa\u015f\u0131rt\u0131c\u0131 sonu ise Coetzee \u00e7ap\u0131nda bir yarat\u0131c\u0131 yazar\u0131n hayal g\u00fcc\u00fcne yara\u015f\u0131r d\u00fczeyde. <\/p>\n","protected":false},"excerpt":{"rendered":"<p>Avustralyal\u0131 Elizabeth Costello ya\u015flanmakta olan se\u00e7kin bir romanc\u0131d\u0131r. D\u00fcnyan\u0131n \u00e7e\u015fitli \u00fcniversitelerini dola\u015farak konferanslar verir. Ancak bu konferanslar, yazar\u0131n ahlaki, estetik ve felsefi sorunlarla ilgili d\u00fc\u015f\u00fcncelerinin yan\u0131<span class=\"excerpt-hellip\"> [\u2026]<\/span><\/p>\n","protected":false},"featured_media":0,"template":"","meta":{"_monsterinsights_skip_tracking":false,"_monsterinsights_sitenote_active":false,"_monsterinsights_sitenote_note":"","_monsterinsights_sitenote_category":0},"product_brand":[],"product_cat":[13661,12291],"product_tag":[],"class_list":{"0":"post-701158","1":"product","2":"type-product","3":"status-publish","5":"product_cat-diger-ulke-edebiyatlari","6":"product_cat-edebiyat","7":"pa_cilt-ciltsiz","8":"pa_tur-kitap","9":"pa_yayinevi-can-yayinlari","10":"pa_yazar-j-m-coetzee","12":"first","13":"instock","14":"sale","15":"shipping-taxable","16":"purchasable","17":"product-type-simple"},"_links":{"self":[{"href":"https:\/\/roveyayinevi.com.tr\/index.php\/wp-json\/wp\/v2\/product\/701158","targetHints":{"allow":["GET"]}}],"collection":[{"href":"https:\/\/roveyayinevi.com.tr\/index.php\/wp-json\/wp\/v2\/product"}],"about":[{"href":"https:\/\/roveyayinevi.com.tr\/index.php\/wp-json\/wp\/v2\/types\/product"}],"wp:attachment":[{"href":"https:\/\/roveyayinevi.com.tr\/index.php\/wp-json\/wp\/v2\/media?parent=701158"}],"wp:term":[{"taxonomy":"product_brand","embeddable":true,"href":"https:\/\/roveyayinevi.com.tr\/index.php\/wp-json\/wp\/v2\/product_brand?post=701158"},{"taxonomy":"product_cat","embeddable":true,"href":"https:\/\/roveyayinevi.com.tr\/index.php\/wp-json\/wp\/v2\/product_cat?post=701158"},{"taxonomy":"product_tag","embeddable":true,"href":"https:\/\/roveyayinevi.com.tr\/index.php\/wp-json\/wp\/v2\/product_tag?post=701158"}],"curies":[{"name":"wp","href":"https:\/\/api.w.org\/{rel}","templated":true}]}}