{"id":701154,"date":"2025-08-27T15:06:08","date_gmt":"2025-08-27T12:06:08","guid":{"rendered":"https:\/\/roveyayinevi.com.tr\/index.php\/urun\/onceki-gunun-adasi\/"},"modified":"2026-04-16T02:10:40","modified_gmt":"2026-04-15T23:10:40","slug":"onceki-gunun-adasi","status":"publish","type":"product","link":"https:\/\/roveyayinevi.com.tr\/index.php\/urun\/onceki-gunun-adasi\/","title":{"rendered":"\u00d6nceki G\u00fcn\u00fcn Adas\u0131"},"content":{"rendered":"<p>\u00d6nceki G\u00fcn\u00fcn Adas\u0131 , batan bir gemiden kurtulup bir ba\u015fka gemide karaya \u00e7\u0131kan Roberto de la Grive in \u00f6yk\u00fcs\u00fc. On yedinci y\u00fczy\u0131lda ge\u00e7en bu \u00f6yk\u00fc, Roberto\u2019nun sevdi\u011fi kad\u0131na yazd\u0131\u011f\u0131 mektuplar ve gemide tuttu\u011fu notlarla ula\u015f\u0131yor bize. Roberto\u2019nun \u0131ss\u0131z gemide ge\u00e7irdi\u011fi g\u00fcnler boyunca eski ya\u015fant\u0131s\u0131yla ilgili an\u0131msamalar\u0131, bir d\u00f6nemin siyaset, sevgi, bilim, toplum ya\u015fant\u0131lar\u0131n\u0131 yeniden kurarak, tarih, toplum, insan ili\u015fkilerini de\u011ferlendirmemizi sa\u011fl\u0131yor. \u00dc\u00e7 a\u015famal\u0131 bir anlat\u0131 piramidiyle (Yazar \/ Roberto \/ Roberto\u2019nun mektuplar\u0131n\u0131 yorumlayan Anlat\u0131c\u0131) bize ula\u015fan \u00f6yk\u00fc, bir yandan gizemli izler b\u0131rakarak s\u00fcrekli Roberto\u2019dan ka\u00e7an bir Davetsiz Konuk\u2019un varl\u0131\u011f\u0131yla gerilim kazan\u0131rken, bir yandan da hem birinci elden tarihsel anlara ve mekanlara ula\u015fabiliyor, hem de Anlat\u0131c\u0131 kanal\u0131yla on yedinci y\u00fczy\u0131lla yirminci y\u00fczy\u0131l aras\u0131nda kar\u015f\u0131l\u0131kl\u0131 bak\u0131\u015f a\u00e7\u0131lar\u0131 olu\u015fturuyor. Daha \u00f6nce Can Yay\u0131nlar\u0131 aras\u0131nda \u00e7\u0131kan G\u00fcl\u00fcn Ad\u0131 ve Foucault\u2019nun Sarkac\u0131 adl\u0131 romanlar\u0131ndan tan\u0131d\u0131\u011f\u0131m\u0131z Umberto Eco\u2019nun imgeler \/ s\u00f6zc\u00fcklerle ve her zamanki ustal\u0131\u011f\u0131yla yaratt\u0131\u011f\u0131 d\u00fcnyalar\u0131 de\u011ferlendirmek, tad\u0131na doyulmaz bir okuma zevki. \ufffc<\/p>\n","protected":false},"excerpt":{"rendered":"<p>\u00d6nceki G\u00fcn\u00fcn Adas\u0131 , batan bir gemiden kurtulup bir ba\u015fka gemide karaya \u00e7\u0131kan Roberto de la Grive in \u00f6yk\u00fcs\u00fc. On yedinci y\u00fczy\u0131lda ge\u00e7en bu \u00f6yk\u00fc, Roberto\u2019nun<span class=\"excerpt-hellip\"> [\u2026]<\/span><\/p>\n","protected":false},"featured_media":0,"template":"","meta":{"_monsterinsights_skip_tracking":false,"_monsterinsights_sitenote_active":false,"_monsterinsights_sitenote_note":"","_monsterinsights_sitenote_category":0},"product_brand":[],"product_cat":[12291,14218],"product_tag":[],"class_list":{"0":"post-701154","1":"product","2":"type-product","3":"status-publish","5":"product_cat-edebiyat","6":"product_cat-italyan-edebiyati","7":"pa_cilt-ciltsiz","8":"pa_tur-kitap","9":"pa_yayinevi-can-yayinlari","10":"pa_yazar-umberto-eco","12":"first","13":"instock","14":"sale","15":"shipping-taxable","16":"purchasable","17":"product-type-simple"},"_links":{"self":[{"href":"https:\/\/roveyayinevi.com.tr\/index.php\/wp-json\/wp\/v2\/product\/701154","targetHints":{"allow":["GET"]}}],"collection":[{"href":"https:\/\/roveyayinevi.com.tr\/index.php\/wp-json\/wp\/v2\/product"}],"about":[{"href":"https:\/\/roveyayinevi.com.tr\/index.php\/wp-json\/wp\/v2\/types\/product"}],"wp:attachment":[{"href":"https:\/\/roveyayinevi.com.tr\/index.php\/wp-json\/wp\/v2\/media?parent=701154"}],"wp:term":[{"taxonomy":"product_brand","embeddable":true,"href":"https:\/\/roveyayinevi.com.tr\/index.php\/wp-json\/wp\/v2\/product_brand?post=701154"},{"taxonomy":"product_cat","embeddable":true,"href":"https:\/\/roveyayinevi.com.tr\/index.php\/wp-json\/wp\/v2\/product_cat?post=701154"},{"taxonomy":"product_tag","embeddable":true,"href":"https:\/\/roveyayinevi.com.tr\/index.php\/wp-json\/wp\/v2\/product_tag?post=701154"}],"curies":[{"name":"wp","href":"https:\/\/api.w.org\/{rel}","templated":true}]}}