{"id":701152,"date":"2025-08-27T15:06:07","date_gmt":"2025-08-27T12:06:07","guid":{"rendered":"https:\/\/roveyayinevi.com.tr\/index.php\/urun\/majesteleri-kral\/"},"modified":"2026-04-16T02:10:40","modified_gmt":"2026-04-15T23:10:40","slug":"majesteleri-kral","status":"publish","type":"product","link":"https:\/\/roveyayinevi.com.tr\/index.php\/urun\/majesteleri-kral\/","title":{"rendered":"Majesteleri Kral"},"content":{"rendered":"<p>Majesteleri Kral, iflas\u0131n e\u015fi\u011finde hayal\u00ee bir k\u00fc\u00e7\u00fck Alman devletinde ge\u00e7er. Hi\u00e7bir \u015feyin yolunda gitmedi\u011fi Grimmburg Grand\u00fckl\u00fc\u011f\u00fc\u2019n\u00fcn veliaht\u0131 Prens Albrecht hastal\u0131kl\u0131 bir insand\u0131r ve uzun ya\u015fayamayaca\u011f\u0131ndan endi\u015fe edilmektedir. O nedenle taht\u0131n ikinci v\u00e2risi Klaus Heinrich do\u011fdu\u011funda b\u00fct\u00fcn Grimmburg sevince bo\u011fulur. Ne var ki ikinci v\u00e2ris fiziksel bir kusurla do\u011fmu\u015ftur. Zamanla, aristokrasinin yaln\u0131zl\u0131\u011f\u0131 n\u0131 kendi ruhunda hisseden Klaus Heinrich, kusurlu varolu\u015funa ve do\u011fu\u015ftan getirdi\u011fi asil haklara bakarak s\u0131radan insan\u0131 anlamas\u0131n\u0131n m\u00fcmk\u00fcn olmad\u0131\u011f\u0131n\u0131 fark eder. \ufffcTan\u0131t\u0131m Metni<\/p>\n","protected":false},"excerpt":{"rendered":"<p>Majesteleri Kral, iflas\u0131n e\u015fi\u011finde hayal\u00ee bir k\u00fc\u00e7\u00fck Alman devletinde ge\u00e7er. Hi\u00e7bir \u015feyin yolunda gitmedi\u011fi Grimmburg Grand\u00fckl\u00fc\u011f\u00fc\u2019n\u00fcn veliaht\u0131 Prens Albrecht hastal\u0131kl\u0131 bir insand\u0131r ve uzun ya\u015fayamayaca\u011f\u0131ndan endi\u015fe<span class=\"excerpt-hellip\"> [\u2026]<\/span><\/p>\n","protected":false},"featured_media":0,"template":"","meta":{"_monsterinsights_skip_tracking":false,"_monsterinsights_sitenote_active":false,"_monsterinsights_sitenote_note":"","_monsterinsights_sitenote_category":0},"product_brand":[],"product_cat":[12782,12291],"product_tag":[],"class_list":{"0":"post-701152","1":"product","2":"type-product","3":"status-publish","5":"product_cat-alman-edebiyati","6":"product_cat-edebiyat","7":"pa_cilt-ciltsiz","8":"pa_tur-kitap","9":"pa_yayinevi-can-yayinlari","10":"pa_yazar-thomas-mann","12":"first","13":"instock","14":"sale","15":"shipping-taxable","16":"purchasable","17":"product-type-simple"},"_links":{"self":[{"href":"https:\/\/roveyayinevi.com.tr\/index.php\/wp-json\/wp\/v2\/product\/701152","targetHints":{"allow":["GET"]}}],"collection":[{"href":"https:\/\/roveyayinevi.com.tr\/index.php\/wp-json\/wp\/v2\/product"}],"about":[{"href":"https:\/\/roveyayinevi.com.tr\/index.php\/wp-json\/wp\/v2\/types\/product"}],"wp:attachment":[{"href":"https:\/\/roveyayinevi.com.tr\/index.php\/wp-json\/wp\/v2\/media?parent=701152"}],"wp:term":[{"taxonomy":"product_brand","embeddable":true,"href":"https:\/\/roveyayinevi.com.tr\/index.php\/wp-json\/wp\/v2\/product_brand?post=701152"},{"taxonomy":"product_cat","embeddable":true,"href":"https:\/\/roveyayinevi.com.tr\/index.php\/wp-json\/wp\/v2\/product_cat?post=701152"},{"taxonomy":"product_tag","embeddable":true,"href":"https:\/\/roveyayinevi.com.tr\/index.php\/wp-json\/wp\/v2\/product_tag?post=701152"}],"curies":[{"name":"wp","href":"https:\/\/api.w.org\/{rel}","templated":true}]}}