{"id":701149,"date":"2025-08-27T15:06:06","date_gmt":"2025-08-27T12:06:06","guid":{"rendered":"https:\/\/roveyayinevi.com.tr\/index.php\/urun\/kumru-ile-kumru\/"},"modified":"2026-04-16T02:10:40","modified_gmt":"2026-04-15T23:10:40","slug":"kumru-ile-kumru","status":"publish","type":"product","link":"https:\/\/roveyayinevi.com.tr\/index.php\/urun\/kumru-ile-kumru\/","title":{"rendered":"Kumru ile Kumru"},"content":{"rendered":"<p>2002 y\u0131l\u0131nda yay\u0131nlad\u0131\u011f\u0131m\u0131z Yalan adl\u0131 roman\u0131yla b\u00fcy\u00fck ilgi toplayan Tahsin Y\u00fccel, yeni roman\u0131 Kumru ile Kumru&#8217;da yine toplumumuzun asl\u0131nda g\u00f6zler \u00f6n\u00fcnde olan ama kimsenin bir t\u00fcrl\u00fc dile getiremedi\u011fi, y\u00fcksek sesle s\u00f6ylemekten herkesin \u00fcrkt\u00fc\u011f\u00fc bir sorununu anlat\u0131yor. Ya\u015fam\u0131m\u0131za egemen olan e\u015fyan\u0131n, yaln\u0131zca g\u00fcnl\u00fck \u00e7al\u0131\u015fma bi\u00e7imimizi de\u011fil, ayn\u0131 zamanda duygular\u0131m\u0131z\u0131, d\u00fc\u015f\u00fcncelerimizi, giderek ki\u015fili\u011fimizi nas\u0131l etki alt\u0131na ald\u0131\u011f\u0131, son derece etkileyici ve inand\u0131r\u0131c\u0131 bir dille anlat\u0131lm\u0131\u015f g\u00fc\u00e7 konuyu ustal\u0131kla romanla\u015ft\u0131rm\u0131\u015f: E\u015fya, zamanla bize egemen olur. Ba\u015fka pek \u00e7ok konuda oldu\u011fu gibi e\u015fya tutkusunda da televizyonun belirli bir etkisi vard\u0131r. Oysa bir yerde durup kendi kendimize sormam\u0131z gerekir: Kim kumanda etmekte? Biz mi televizyonu, yoksa televizyon mu bizi?<\/p>\n","protected":false},"excerpt":{"rendered":"<p>2002 y\u0131l\u0131nda yay\u0131nlad\u0131\u011f\u0131m\u0131z Yalan adl\u0131 roman\u0131yla b\u00fcy\u00fck ilgi toplayan Tahsin Y\u00fccel, yeni roman\u0131 Kumru ile Kumru&#8217;da yine toplumumuzun asl\u0131nda g\u00f6zler \u00f6n\u00fcnde olan ama kimsenin bir t\u00fcrl\u00fc<span class=\"excerpt-hellip\"> [\u2026]<\/span><\/p>\n","protected":false},"featured_media":0,"template":"","meta":{"_monsterinsights_skip_tracking":false,"_monsterinsights_sitenote_active":false,"_monsterinsights_sitenote_note":"","_monsterinsights_sitenote_category":0},"product_brand":[],"product_cat":[12291,12711],"product_tag":[],"class_list":{"0":"post-701149","1":"product","2":"type-product","3":"status-publish","5":"product_cat-edebiyat","6":"product_cat-roman-oyku","7":"pa_cilt-ciltsiz","8":"pa_tur-kitap","9":"pa_yayinevi-can-yayinlari","10":"pa_yazar-tahsin-yucel","12":"first","13":"instock","14":"sale","15":"shipping-taxable","16":"purchasable","17":"product-type-simple"},"_links":{"self":[{"href":"https:\/\/roveyayinevi.com.tr\/index.php\/wp-json\/wp\/v2\/product\/701149","targetHints":{"allow":["GET"]}}],"collection":[{"href":"https:\/\/roveyayinevi.com.tr\/index.php\/wp-json\/wp\/v2\/product"}],"about":[{"href":"https:\/\/roveyayinevi.com.tr\/index.php\/wp-json\/wp\/v2\/types\/product"}],"wp:attachment":[{"href":"https:\/\/roveyayinevi.com.tr\/index.php\/wp-json\/wp\/v2\/media?parent=701149"}],"wp:term":[{"taxonomy":"product_brand","embeddable":true,"href":"https:\/\/roveyayinevi.com.tr\/index.php\/wp-json\/wp\/v2\/product_brand?post=701149"},{"taxonomy":"product_cat","embeddable":true,"href":"https:\/\/roveyayinevi.com.tr\/index.php\/wp-json\/wp\/v2\/product_cat?post=701149"},{"taxonomy":"product_tag","embeddable":true,"href":"https:\/\/roveyayinevi.com.tr\/index.php\/wp-json\/wp\/v2\/product_tag?post=701149"}],"curies":[{"name":"wp","href":"https:\/\/api.w.org\/{rel}","templated":true}]}}