{"id":701139,"date":"2025-08-27T15:06:03","date_gmt":"2025-08-27T12:06:03","guid":{"rendered":"https:\/\/roveyayinevi.com.tr\/index.php\/urun\/olumsuzluk\/"},"modified":"2026-04-16T02:10:40","modified_gmt":"2026-04-15T23:10:40","slug":"olumsuzluk","status":"publish","type":"product","link":"https:\/\/roveyayinevi.com.tr\/index.php\/urun\/olumsuzluk\/","title":{"rendered":"\u00d6l\u00fcms\u00fczl\u00fck"},"content":{"rendered":"<p>Milan Kundera\u2019n\u0131n roman anlay\u0131\u015f\u0131n\u0131n tam anlam\u0131yla ifadesini buldu\u011fu bir doruk: \u00d6l\u00fcms\u00fczl\u00fck. Ona g\u00f6re roman, varl\u0131\u011f\u0131 ara\u015ft\u0131rmak i\u00e7in bir ara\u00e7t\u0131r; yazar, ortaya birtak\u0131m ger\u00e7ekler koymaktan \u00e7ok, \u00e7\u00f6z\u00fclmek \u00fczere sorular sorar. \u00d6l\u00fcms\u00fczl\u00fck\u2019\u00fcn yazar-anlat\u0131c\u0131-kahraman\u0131 olan Kundera, bu yap\u0131t\u0131ndaki yedi b\u00f6l\u00fcmde, \u00f6l\u00fcms\u00fczl\u00fck, y\u00fcz, a\u015fk, rastlant\u0131 gibi farkl\u0131 romanesk temalardan olu\u015fan bir yol \u00e7iziyor. Roman birbirinden son derece ayr\u0131 g\u00f6z\u00fcken, ancak birbirine s\u0131k\u0131 s\u0131k\u0131ya ba\u011fl\u0131 olaylar\u0131 ve kahramanlar\u0131 bir araya getiriyor. Kundera, hepsi birer evren demek olan sahneler kuruyor, bu b\u00fcy\u00fck tiyatro oyununda, rastlant\u0131lar, kesi\u015fmeler, ko\u015futluklar ve kar\u015f\u0131tl\u0131klar Hemingway\u2019le Goethe\u2019yi, Goethe\u2019nin a\u015f\u0131\u011f\u0131 Bettina von Arnim\u2019le varolu\u015funu ya\u015fn\u0131zl\u0131kta arayan Agnes\u2019i, Kundera\u2019yla Profes\u00f6r Avenarius\u2019\u00fc ayn\u0131 sahnede, ayn\u0131 sorunun \u00e7evresinde bulu\u015fturuyor. \u00d6l\u00fcms\u00fczl\u00fck\u2019\u00fcn kahramanlar\u0131 bir hareketten, bir olu\u015ftan, kendilerini a\u015fan bir kavramdan do\u011fuyorlar; yazar, kitab\u0131n i\u00e7indeki varl\u0131\u011f\u0131yla bir a\u00e7\u0131dan kahramanlar\u0131n durumlar\u0131n\u0131n yans\u0131d\u0131\u011f\u0131 bir ayna g\u00f6revi g\u00f6r\u00fcyor. Romanlar\u0131nda m\u00fczikal tekniklerin b\u00fcy\u00fck etkisinin g\u00f6r\u00fcld\u00fc\u011f\u00fc Kundera, bu roman\u0131nda da tekanlaml\u0131l\u0131\u011f\u0131 reddedi\u015fini ortaya koyan \u00f6zg\u00fcn \u00e7okseslili\u011fini koruyor. B\u00f6ylece bir ba\u015fyap\u0131t ortaya \u00e7\u0131k\u0131yor: \u00d6l\u00fcms\u00fczl\u00fck, edebiyat hakk\u0131nda, edebiyat\u0131n sahip oldu\u011fu malzeme ve olanaklar\u0131 hakk\u0131nda ola\u011fan\u00fcst\u00fc bir d\u00fc\u015f\u00fcnme ser\u00fcveni. <\/p>\n","protected":false},"excerpt":{"rendered":"<p>Milan Kundera\u2019n\u0131n roman anlay\u0131\u015f\u0131n\u0131n tam anlam\u0131yla ifadesini buldu\u011fu bir doruk: \u00d6l\u00fcms\u00fczl\u00fck. Ona g\u00f6re roman, varl\u0131\u011f\u0131 ara\u015ft\u0131rmak i\u00e7in bir ara\u00e7t\u0131r; yazar, ortaya birtak\u0131m ger\u00e7ekler koymaktan \u00e7ok, \u00e7\u00f6z\u00fclmek<span class=\"excerpt-hellip\"> [\u2026]<\/span><\/p>\n","protected":false},"featured_media":0,"template":"","meta":{"_monsterinsights_skip_tracking":false,"_monsterinsights_sitenote_active":false,"_monsterinsights_sitenote_note":"","_monsterinsights_sitenote_category":0},"product_brand":[],"product_cat":[13661,12291],"product_tag":[],"class_list":{"0":"post-701139","1":"product","2":"type-product","3":"status-publish","5":"product_cat-diger-ulke-edebiyatlari","6":"product_cat-edebiyat","7":"pa_cilt-ciltsiz","8":"pa_tur-kitap","9":"pa_yayinevi-can-yayinlari","10":"pa_yazar-milan-kundera","12":"first","13":"instock","14":"sale","15":"shipping-taxable","16":"purchasable","17":"product-type-simple"},"_links":{"self":[{"href":"https:\/\/roveyayinevi.com.tr\/index.php\/wp-json\/wp\/v2\/product\/701139","targetHints":{"allow":["GET"]}}],"collection":[{"href":"https:\/\/roveyayinevi.com.tr\/index.php\/wp-json\/wp\/v2\/product"}],"about":[{"href":"https:\/\/roveyayinevi.com.tr\/index.php\/wp-json\/wp\/v2\/types\/product"}],"wp:attachment":[{"href":"https:\/\/roveyayinevi.com.tr\/index.php\/wp-json\/wp\/v2\/media?parent=701139"}],"wp:term":[{"taxonomy":"product_brand","embeddable":true,"href":"https:\/\/roveyayinevi.com.tr\/index.php\/wp-json\/wp\/v2\/product_brand?post=701139"},{"taxonomy":"product_cat","embeddable":true,"href":"https:\/\/roveyayinevi.com.tr\/index.php\/wp-json\/wp\/v2\/product_cat?post=701139"},{"taxonomy":"product_tag","embeddable":true,"href":"https:\/\/roveyayinevi.com.tr\/index.php\/wp-json\/wp\/v2\/product_tag?post=701139"}],"curies":[{"name":"wp","href":"https:\/\/api.w.org\/{rel}","templated":true}]}}