{"id":701138,"date":"2025-08-27T15:06:03","date_gmt":"2025-08-27T12:06:03","guid":{"rendered":"https:\/\/roveyayinevi.com.tr\/index.php\/urun\/ofke-2\/"},"modified":"2026-04-16T02:10:40","modified_gmt":"2026-04-15T23:10:40","slug":"ofke-2","status":"publish","type":"product","link":"https:\/\/roveyayinevi.com.tr\/index.php\/urun\/ofke-2\/","title":{"rendered":"\u00d6fke"},"content":{"rendered":"<p>Hayat \u00f6fkedir. Cinsel, \u00f6dipal, siyasi, sihirli, hayvanca \u00f6fke bizi en y\u00fcksek doruklar\u0131m\u0131za \u00e7\u0131kar\u0131r ve en baya\u011f\u0131 derinliklerimize indirir. Yarat\u0131c\u0131l\u0131k, esin, \u00f6zg\u00fcrl\u00fck, tutku kadar, \u015fiddet, ac\u0131, y\u0131k\u0131m; vurdu\u011fumuz ve yedi\u011fimiz, ard\u0131ndan kendimizi asla toparlayamad\u0131\u011f\u0131m\u0131z darbeler de \u00f6fkeden beslenir.    Malik Solanka, Hint as\u0131ll\u0131 bir felsefecidir. Oyuncak bebeklerin felsefe tart\u0131\u015ft\u0131\u011f\u0131 bir TV program\u0131yla \u00fcn ve para kazan\u0131r. Bir g\u00fcn, hi\u00e7bir a\u00e7\u0131klama yapmadan, ailesini ve Londra\u2019y\u0131 terk ederek New York\u2019a ka\u00e7ar. Y\u00fcre\u011finde m\u00fcthi\u015f bir \u00f6fke b\u00fcy\u00fcmekte, sevdiklerine zarar vermekten korkmaktad\u0131r. Ne ki, New York\u2019ta da korkun\u00e7 bir \u00f6fke \u00e7emberinin i\u00e7inde bulur kendini&#8230;    Geceyar\u0131s\u0131 \u00c7ocuklar\u0131, \u015eeytan \u00c2yetleri, Utan\u00e7, Soytar\u0131 \u015ealimar gibi her biri geni\u015f yank\u0131 uyand\u0131ran, tart\u0131\u015fmalar yaratan romanlar\u0131n yazar\u0131 Salman Rushdie, New York\u2019un i\u00e7ini d\u0131\u015f\u0131na \u00e7\u0131karan \u00d6fke\u2019de, 21. y\u00fczy\u0131l ba\u015flar\u0131n\u0131n Amerikan toplumuna en sert ta\u015flamalardan birini y\u00f6neltiyor. \u00d6fke, ba\u015f d\u00f6nd\u00fcr\u00fcc\u00fc tempoda ilerleyen bir trajikomedi.    New York, New York olal\u0131 b\u00f6yle anlat\u0131lmad\u0131. <\/p>\n","protected":false},"excerpt":{"rendered":"<p>Hayat \u00f6fkedir. Cinsel, \u00f6dipal, siyasi, sihirli, hayvanca \u00f6fke bizi en y\u00fcksek doruklar\u0131m\u0131za \u00e7\u0131kar\u0131r ve en baya\u011f\u0131 derinliklerimize indirir. Yarat\u0131c\u0131l\u0131k, esin, \u00f6zg\u00fcrl\u00fck, tutku kadar, \u015fiddet, ac\u0131, y\u0131k\u0131m;<span class=\"excerpt-hellip\"> [\u2026]<\/span><\/p>\n","protected":false},"featured_media":0,"template":"","meta":{"_monsterinsights_skip_tracking":false,"_monsterinsights_sitenote_active":false,"_monsterinsights_sitenote_note":"","_monsterinsights_sitenote_category":0},"product_brand":[],"product_cat":[13661,12291],"product_tag":[],"class_list":{"0":"post-701138","1":"product","2":"type-product","3":"status-publish","5":"product_cat-diger-ulke-edebiyatlari","6":"product_cat-edebiyat","7":"pa_cilt-ciltsiz","8":"pa_tur-kitap","9":"pa_yayinevi-can-yayinlari","10":"pa_yazar-salman-rushdie","12":"first","13":"instock","14":"sale","15":"shipping-taxable","16":"purchasable","17":"product-type-simple"},"_links":{"self":[{"href":"https:\/\/roveyayinevi.com.tr\/index.php\/wp-json\/wp\/v2\/product\/701138","targetHints":{"allow":["GET"]}}],"collection":[{"href":"https:\/\/roveyayinevi.com.tr\/index.php\/wp-json\/wp\/v2\/product"}],"about":[{"href":"https:\/\/roveyayinevi.com.tr\/index.php\/wp-json\/wp\/v2\/types\/product"}],"wp:attachment":[{"href":"https:\/\/roveyayinevi.com.tr\/index.php\/wp-json\/wp\/v2\/media?parent=701138"}],"wp:term":[{"taxonomy":"product_brand","embeddable":true,"href":"https:\/\/roveyayinevi.com.tr\/index.php\/wp-json\/wp\/v2\/product_brand?post=701138"},{"taxonomy":"product_cat","embeddable":true,"href":"https:\/\/roveyayinevi.com.tr\/index.php\/wp-json\/wp\/v2\/product_cat?post=701138"},{"taxonomy":"product_tag","embeddable":true,"href":"https:\/\/roveyayinevi.com.tr\/index.php\/wp-json\/wp\/v2\/product_tag?post=701138"}],"curies":[{"name":"wp","href":"https:\/\/api.w.org\/{rel}","templated":true}]}}